{"id":16211,"date":"2021-11-15T22:59:46","date_gmt":"2021-11-15T22:59:46","guid":{"rendered":"http:\/\/clemenciaperis.es\/politica-cookies\/"},"modified":"2023-07-04T09:34:23","modified_gmt":"2023-07-04T09:34:23","slug":"cookies-policy","status":"publish","type":"page","link":"https:\/\/www.clemenciaperis.com\/en\/cookies-policy\/","title":{"rendered":"Cookies Policy"},"content":{"rendered":"<h1 class=\"wp-block-heading\"><strong>Cookies Policy<\/strong><\/h1><div style=\"height:50px\" aria-hidden=\"true\" class=\"wp-block-spacer\"><\/div><h3 class=\"wp-block-heading\">Condici\u00f3n de USUARIO<\/h3><p>El acceso o uso del sitio web www.clemenciaperis.com implica tener la condici\u00f3n de USUARIO del mismo y la aceptaci\u00f3n de las condiciones generales de uso, sin perjuicio de aquellas condiciones particulares que se puedan pactar individualmente, que adquirir\u00e1n tambi\u00e9n fuerza obligatoria entre las partes.<\/p><div style=\"height:50px\" aria-hidden=\"true\" class=\"wp-block-spacer\"><\/div><h3 class=\"wp-block-heading\">Condici\u00f3n de TITULAR<\/h3><p>En cumplimiento de lo que dispone el art\u00edculo 10 de la Ley 34\/2002, de 11 de julio, de Servicios de la Sociedad de la Informaci\u00f3n y de Comercio Electr\u00f3nico, se pone en conocimiento a los USUARIOS del sitio web www.clemenciaperis.com, de forma directa y gratuita, la siguiente informaci\u00f3n, relativa al TITULAR del dominio:<\/p><ul class=\"wp-block-list\"><li>Denominaci\u00f3n social: CLEM\u00c8NCIA PERIS WORLDWIDE S.L.<\/li><li>Domicilio: c\/ Beethoven, 15 Planta 4 (08021 Barcelona)<\/li><li>Direcci\u00f3n de correo electr\u00f3nico: info@clemenciaperis.com<\/li><li>Tel\u00e9fono: +34 937807030<\/li><li>CIF: ES-B66388117<\/li><\/ul><div style=\"height:50px\" aria-hidden=\"true\" class=\"wp-block-spacer\"><\/div><h3 class=\"wp-block-heading\">Objeto<\/h3><p>A trav\u00e9s del sitio www.clemenciaperis.com su TITULAR, anteriormente identificado, facilita a sus USUARIOS el acceso a informaciones y la utilizaci\u00f3n de diferentes servicios puestos a disposici\u00f3n tanto por parte del TITULAR como por parte de terceros.<\/p><div style=\"height:50px\" aria-hidden=\"true\" class=\"wp-block-spacer\"><\/div><h3 class=\"wp-block-heading\">Condiciones de uso<\/h3><p>El acceso al sitio tendr\u00e1 car\u00e1cter gratuito, sin perjuicio de que alguno de los servicios a los que se puede acceder est\u00e9n sujetos al pago de un precio.<\/p><p>El USUARIO asume la responsabilidad en el uso del sitio web.<\/p><p>Para hacer uso de los servicios, los menores de edad requerir\u00e1n el permiso de sus padres o tutores, que ser\u00e1n responsables de los actos llevados a cabo por los menores a su cargo.<\/p><p>El USUARIO se compromete a hacer un uso adecuado de los contenidos y servicios que ofrece www.clemenciaperis.com, absteni\u00e9ndose de utilizarlos con fines il\u00edcitos, o que contravengan los intereses de terceros, sean contrarios a los derechos humanos, o provoquen da\u00f1os en los sistemas de la web o en los de sus proveedores o terceros.<\/p><p>El TITULAR dispone de la infraestructura necesaria para evitar da\u00f1os derivados de la existencia de virus inform\u00e1ticos, aunque no se hace responsable de los da\u00f1os potenciales o errores que, a causa de la presencia de cualquier virus, pueda sufrir el sistema inform\u00e1tico del USUARIO cuando este acceda a las p\u00e1ginas web o las utilice.<\/p><p>El TITULAR se reserva el derecho a efectuar, sin previo aviso, las modificaciones que considere oportunas en su sitio web, pudiendo cambiar, suprimir y a\u00f1adir tanto los contenidos y servicios que se prestan, como la forma en que estos aparecen presentados o localizados.<\/p><div style=\"height:50px\" aria-hidden=\"true\" class=\"wp-block-spacer\"><\/div><h3 class=\"wp-block-heading\">Propiedad industrial e intelectual<\/h3><p>Todas las marcas, nombres comerciales o signos distintivos de cualquier tipo que aparecen en el sitio www.clemenciaperis.com son propiedad del TITULAR o de terceros, sin que pueda entenderse que el uso o acceso al sitio y\/o a los servicios ofertados atribuya al USUARIO ning\u00fan tipo de derecho sobre las marcas, nombres comerciales o signos distintivos.<\/p><p>Asimismo, los contenidos son propiedad intelectual del TITULAR o de terceros, sin que puedan entenderse cedidos al USUARIO, ni que este pueda hacer uso de los mismos m\u00e1s all\u00e1 de lo estrictamente necesario para un uso correcto del sitio web y de sus servicios.<\/p><p>Esta cl\u00e1usula incluye, a t\u00edtulo enunciativo y no limitativo: im\u00e1genes, sonido, v\u00eddeo, software, textos, marcas, logotipos, combinaciones de colores, estructura y dise\u00f1o, selecci\u00f3n de materiales usados, programas inform\u00e1ticos necesarios para su funcionamiento, acceso y uso, etc.<\/p><p>En virtud de lo dispuesto en el RDL 1\/1996, de 12 de abril, por el que se aprueba el texto refundido de la Ley de Propiedad Intelectual, quedan expresamente prohibidas la reproducci\u00f3n, distribuci\u00f3n y comunicaci\u00f3n p\u00fablica, incluida la modalidad de puesta a disposici\u00f3n, de la totalidad o parte de los contenidos de este sitio web con finalidades comerciales, en cualquier soporte y por cualquier medio t\u00e9cnico, sin la autorizaci\u00f3n del TITULAR.<\/p><p>El USUARIO tendr\u00e1 que abstenerse de suprimir, alterar, eludir o manipular cualquier dispositivo de protecci\u00f3n o sistema de seguridad que se encuentre instalado en www.clemenciaperis.com<\/p><div style=\"height:50px\" aria-hidden=\"true\" class=\"wp-block-spacer\"><\/div><h3 class=\"wp-block-heading\">Protecci\u00f3n de datos de car\u00e1cter personal \/ POL\u00cdTICA DE PRIVACIDAD<\/h3><p>Le informamos que, de acuerdo con el Reglamento (UE) 2016\/679, del Parlamento Europeo y del Consejo, de 27 de abril, relativo a la protecci\u00f3n de las personas f\u00edsicas en lo que respecta al tratamiento de datos personales y a la libre circulaci\u00f3n de estos datos, los datos de los usuarios recabados a trav\u00e9s de cualquier formulario del sitio web, mediante la direcci\u00f3n de correo electr\u00f3nico facilitada o recibida mediante llamada telef\u00f3nica, incluyendo fotograf\u00edas, est\u00e1n incluidos en un fichero titularidad de CLEM\u00c8NCIA PERIS WORLDWIDE S.L..<\/p><p>La finalidad de este fichero ser\u00e1 la directamente relacionada con la actividad empresarial. Se han tomado todas las medidas previstas en la ley mencionada para garantizar la confidencialidad y seguridad de los datos de los USUARIOS.<\/p><p>El USUARIO podr\u00e1 ejercer los derechos de acceso, rectificaci\u00f3n, cancelaci\u00f3n, oposici\u00f3n, supresi\u00f3n, limitaci\u00f3n, y portabilidad, dirigiendo al efecto un correo electr\u00f3nico a la direcci\u00f3n info@clemenciaperis.com indicando la referencia RGPD.<\/p><p>Asimismo, el USUARIO autoriza expl\u00edcitamente el tratamiento de sus datos personales por parte de aquellos encargados del tratamiento que provean servicios al TITULAR de alojamiento web y bases de datos, o de cualquier otro tipo, que sean necesarios para la elaboraci\u00f3n de los productos contratados.<\/p><div style=\"height:20px\" aria-hidden=\"true\" class=\"wp-block-spacer\"><\/div><p class=\"has-medium-font-size\"><strong>Informaci\u00f3n adicional sobre Protecci\u00f3n de Datos:<\/strong><\/p><ul class=\"wp-block-list\"><li>Responsable del tratamiento.<\/li><li>Identidad: CLEM\u00c8NCIA PERIS WORLDWIDE S.L. \u2013 CIF ES-B66388117<\/li><li>Direcci\u00f3n: c\/ Beethoven, 15 Planta 4 (08021 Barcelona)<\/li><li>Correo: info@clemenciaperis.com<\/li><\/ul><div style=\"height:20px\" aria-hidden=\"true\" class=\"wp-block-spacer\"><\/div><p class=\"has-medium-font-size\"><strong>Finalidad del tratamiento de los datos:<\/strong><\/p><p>Los datos personales que se puedan recoger por parte de CLEM\u00c8NCIA PERIS WORLDWIDE S.L. ser\u00e1n utilizados para contactar con usted como consecuencia de la relaci\u00f3n existente y ofrecerle nuestros servicios, sean de tipo comercial o no.<\/p><p>Los datos personales facilitados a CLEM\u00c8NCIA PERIS WORLDWIDE S.L. a trav\u00e9s de la aplicaci\u00f3n se conservar\u00e1n por un per\u00edodo de 10 a\u00f1os, o bien hasta que expresamente se solicite su supresi\u00f3n por parte del USUARIO. Este plazo podr\u00e1 ser prorrogable t\u00e1citamente por per\u00edodos anuales si no media voluntad expresa de alguna de las partes, con un preaviso de un mes anterior a su vencimiento. La conservaci\u00f3n de los datos se llevar\u00e1 a cabo siempre para los fines de su tratamiento, sin perjuicio de la aplicaci\u00f3n de las medidas t\u00e9cnicas y organizativas apropiadas a fin de proteger los derechos y libertades del interesado.<\/p><div style=\"height:20px\" aria-hidden=\"true\" class=\"wp-block-spacer\"><\/div><p class=\"has-medium-font-size\"><strong>Legitimaci\u00f3n del tratamiento de datos.<\/strong><\/p><p>La legitimaci\u00f3n para la finalidad principal se encuentra recogida en una de las bases jur\u00eddicas establecidas en el RGPD, concretamente en el art\u00edculo 6.1.a), pues CLEM\u00c8NCIA PERIS WORLDWIDE S.L. solicita expresamente el consentimiento de los interesados para que sus datos puedan ser tratados con la finalidad prevista en el punto anterior.<\/p><div style=\"height:20px\" aria-hidden=\"true\" class=\"wp-block-spacer\"><\/div><p class=\"has-medium-font-size\"><strong>Destinatarios de los datos.<\/strong><\/p><p>No se prev\u00e9 que los datos personales recogidos por CLEM\u00c8NCIA PERIS WORLDWIDE S.L. puedan ser cedidos a terceros. Aun que s\u00ed se podr\u00e1n ceder cuando se trate del cumplimiento de una obligaci\u00f3n legal, o por ser necesario para la ejecuci\u00f3n de un contrato en el que el interesado sea parte.<\/p><div style=\"height:20px\" aria-hidden=\"true\" class=\"wp-block-spacer\"><\/div><p class=\"has-medium-font-size\"><strong>Ejercicio de los derechos propios:<\/strong><\/p><p>Se pueden ejercer, de manera gratuita, los derechos de acceso, rectificaci\u00f3n, cancelaci\u00f3n, oposici\u00f3n, supresi\u00f3n, limitaci\u00f3n, y portabilidad, enviando un correo electr\u00f3nico a info@clemenciaperis.com junto con una copia del DNI o documento equivalente acreditativo de la personalidad del solicitante.<\/p><div style=\"height:20px\" aria-hidden=\"true\" class=\"wp-block-spacer\"><\/div><p class=\"has-medium-font-size\"><strong>Redes sociales:<\/strong><\/p><p>CLEM\u00c8NCIA PERIS WORLDWIDE S.L. tiene presencia en las redes sociales. El tratamiento de los datos de las personas que conecten con el TITULAR a trav\u00e9s de estos canales, ya sea para hacerse seguidores o para cualquier otra finalidad, se regir\u00e1 igualmente por estas condiciones generales de uso, sin perjuicio de aquellas condiciones espec\u00edficas inherentes a la red social que corresponda.<\/p><p>El TITULAR tratar\u00e1 los datos del USUARIO con los fines de administrar correctamente su presencia en las redes sociales, informarle de actividades, productos o servicios del TITULAR, o de terceros que puedan estar relacionados con su actividad, as\u00ed como para cualquier otro fin que las normativas de las redes sociales pudieran permitir.<\/p><div style=\"height:50px\" aria-hidden=\"true\" class=\"wp-block-spacer\"><\/div><h3 class=\"wp-block-heading\">Exclusi\u00f3n de garant\u00edas y responsabilidad<\/h3><p>El TITULAR no se hace responsable, en ning\u00fan caso, de los da\u00f1os y perjuicios de cualquier tipo que se pudieran ocasionar por el funcionamiento del sitio web, citando, a t\u00edtulo meramente enunciativo: errores u omisiones en los contenidos, falta de disponibilidad del sitio, transmisi\u00f3n de virus o programas lesivos en los contenidos, aun habiendo adoptado todas las medidas tecnol\u00f3gicas para evitarlo.<\/p><div style=\"height:50px\" aria-hidden=\"true\" class=\"wp-block-spacer\"><\/div><h3 class=\"wp-block-heading\">Enlaces<\/h3><p>En el caso de que en www.clemenciaperis.com se faciliten enlaces a otros sitios de Internet, el TITULAR no ejercer\u00e1 ning\u00fan tipo de control sobre estos sitios y contenidos. En ning\u00fan caso el TITULAR asumir\u00e1 responsabilidades por los contenidos de los enlaces pertenecientes a un sitio web ajeno, ni garantizar\u00e1 la disponibilidad t\u00e9cnica, calidad, fiabilidad, exactitud, amplitud, veracidad, validez y constitucionalidad de cualquier material o informaci\u00f3n contenida en ninguno de estos enlaces u otros sitios de Internet. De la misma forma, el enlace de estas conexiones externas no implicar\u00e1 ning\u00fan tipo de asociaci\u00f3n, fusi\u00f3n o participaci\u00f3n con las entidades conectadas.<\/p><div style=\"height:50px\" aria-hidden=\"true\" class=\"wp-block-spacer\"><\/div><h3 class=\"wp-block-heading\">Vigencia y modificaciones de las condiciones generales de uso<\/h3><p>Estas condiciones permanecer\u00e1n en vigor de forma indefinida, sin perjuicio de su modificaci\u00f3n, que podr\u00e1 llevarse a cabo por el TITULAR en cualquier momento, siendo debidamente publicadas en el sitio web.<\/p><div style=\"height:50px\" aria-hidden=\"true\" class=\"wp-block-spacer\"><\/div><h3 class=\"wp-block-heading\">Jurisdicci\u00f3n y legislaci\u00f3n aplicable<\/h3><p>Las relaciones entre USUARIO y TITULAR se regir\u00e1n por la normativa estatal aplicable, someti\u00e9ndose a la jurisdicci\u00f3n de los \u00f3rganos jurisdiccionales de la localidad de Barcelona.<\/p><div style=\"height:50px\" aria-hidden=\"true\" class=\"wp-block-spacer\"><\/div><p><\/p><div style=\"height:50px\" aria-hidden=\"true\" class=\"wp-block-spacer\"><\/div>","protected":false},"excerpt":{"rendered":"<p>Cookies Policy Condici\u00f3n de USUARIO El acceso o uso del sitio web www.clemenciaperis.com implica tener la condici\u00f3n de USUARIO del mismo y la aceptaci\u00f3n de las condiciones generales de uso, sin perjuicio de aquellas condiciones particulares que se puedan pactar individualmente, que adquirir\u00e1n tambi\u00e9n fuerza obligatoria entre las partes. Condici\u00f3n de TITULAR En cumplimiento de [&hellip;]<\/p>\n","protected":false},"author":1,"featured_media":0,"parent":0,"menu_order":0,"comment_status":"closed","ping_status":"closed","template":"","meta":{"_acf_changed":false,"footnotes":""},"class_list":["post-16211","page","type-page","status-publish","hentry"],"acf":[],"yoast_head":"<!-- This site is optimized with the Yoast SEO plugin v24.8.1 - https:\/\/yoast.com\/wordpress\/plugins\/seo\/ -->\n<title>Cookies Policy - Clem\u00e8ncia Peris \u00ae Jewellery<\/title>\n<meta name=\"robots\" content=\"noindex, follow\" \/>\n<meta property=\"og:locale\" content=\"en_US\" \/>\n<meta property=\"og:type\" content=\"article\" \/>\n<meta property=\"og:title\" content=\"Cookies Policy - Clem\u00e8ncia Peris \u00ae Jewellery\" \/>\n<meta property=\"og:description\" content=\"Cookies Policy Condici\u00f3n de USUARIO El acceso o uso del sitio web www.clemenciaperis.com implica tener la condici\u00f3n de USUARIO del mismo y la aceptaci\u00f3n de las condiciones generales de uso, sin perjuicio de aquellas condiciones particulares que se puedan pactar individualmente, que adquirir\u00e1n tambi\u00e9n fuerza obligatoria entre las partes. Condici\u00f3n de TITULAR En cumplimiento de [&hellip;]\" \/>\n<meta property=\"og:url\" content=\"https:\/\/www.clemenciaperis.com\/en\/cookies-policy\/\" \/>\n<meta property=\"og:site_name\" content=\"Clem\u00e8ncia Peris \u00ae Jewellery\" \/>\n<meta property=\"article:publisher\" content=\"https:\/\/www.facebook.com\/clemenciaperisjewelry\" \/>\n<meta property=\"article:modified_time\" content=\"2023-07-04T09:34:23+00:00\" \/>\n<meta property=\"og:image\" content=\"https:\/\/www.clemenciaperis.com\/wp-content\/uploads\/2023\/10\/Clemencia-peris-logo2.png\" \/>\n\t<meta property=\"og:image:width\" content=\"400\" \/>\n\t<meta property=\"og:image:height\" content=\"400\" \/>\n\t<meta property=\"og:image:type\" content=\"image\/png\" \/>\n<meta name=\"twitter:card\" content=\"summary_large_image\" \/>\n<meta name=\"twitter:label1\" content=\"Est. reading time\" \/>\n\t<meta name=\"twitter:data1\" content=\"8 minutes\" \/>\n<script type=\"application\/ld+json\" class=\"yoast-schema-graph\">{\"@context\":\"https:\/\/schema.org\",\"@graph\":[{\"@type\":\"WebPage\",\"@id\":\"https:\/\/www.clemenciaperis.com\/en\/cookies-policy\/\",\"url\":\"https:\/\/www.clemenciaperis.com\/en\/cookies-policy\/\",\"name\":\"Cookies Policy - Clem\u00e8ncia Peris \u00ae Jewellery\",\"isPartOf\":{\"@id\":\"https:\/\/www.clemenciaperis.com\/en\/#website\"},\"datePublished\":\"2021-11-15T22:59:46+00:00\",\"dateModified\":\"2023-07-04T09:34:23+00:00\",\"inLanguage\":\"en\",\"potentialAction\":[{\"@type\":\"ReadAction\",\"target\":[\"https:\/\/www.clemenciaperis.com\/en\/cookies-policy\/\"]}]},{\"@type\":\"WebSite\",\"@id\":\"https:\/\/www.clemenciaperis.com\/en\/#website\",\"url\":\"https:\/\/www.clemenciaperis.com\/en\/\",\"name\":\"Joyer\u00eda Clem\u00e8ncia Peris \u00ae\",\"description\":\"Joyer\u00eda exclusiva en Barcelona desde 1979: Anillos de compromiso, alianzas de boda y anillos de diamantes.\",\"publisher\":{\"@id\":\"https:\/\/www.clemenciaperis.com\/en\/#organization\"},\"potentialAction\":[{\"@type\":\"SearchAction\",\"target\":{\"@type\":\"EntryPoint\",\"urlTemplate\":\"https:\/\/www.clemenciaperis.com\/en\/?s={search_term_string}\"},\"query-input\":{\"@type\":\"PropertyValueSpecification\",\"valueRequired\":true,\"valueName\":\"search_term_string\"}}],\"inLanguage\":\"en\"},{\"@type\":\"Organization\",\"@id\":\"https:\/\/www.clemenciaperis.com\/en\/#organization\",\"name\":\"Joyer\u00eda Clem\u00e8ncia Peris \u00ae\",\"url\":\"https:\/\/www.clemenciaperis.com\/en\/\",\"logo\":{\"@type\":\"ImageObject\",\"inLanguage\":\"en\",\"@id\":\"https:\/\/www.clemenciaperis.com\/en\/#\/schema\/logo\/image\/\",\"url\":\"https:\/\/www.clemenciaperis.com\/wp-content\/uploads\/2023\/10\/Clemencia-peris-logo2.png\",\"contentUrl\":\"https:\/\/www.clemenciaperis.com\/wp-content\/uploads\/2023\/10\/Clemencia-peris-logo2.png\",\"width\":400,\"height\":400,\"caption\":\"Joyer\u00eda Clem\u00e8ncia Peris \u00ae\"},\"image\":{\"@id\":\"https:\/\/www.clemenciaperis.com\/en\/#\/schema\/logo\/image\/\"},\"sameAs\":[\"https:\/\/www.facebook.com\/clemenciaperisjewelry\",\"https:\/\/www.instagram.com\/clemenciaperisjewels\/\",\"https:\/\/www.youtube.com\/channel\/UCbLZI0bC2wvj0PaS2aj99bA\"]}]}<\/script>\n<!-- \/ Yoast SEO plugin. -->","yoast_head_json":{"title":"Cookies Policy - Clem\u00e8ncia Peris \u00ae Jewellery","robots":{"index":"noindex","follow":"follow"},"og_locale":"en_US","og_type":"article","og_title":"Cookies Policy - Clem\u00e8ncia Peris \u00ae Jewellery","og_description":"Cookies Policy Condici\u00f3n de USUARIO El acceso o uso del sitio web www.clemenciaperis.com implica tener la condici\u00f3n de USUARIO del mismo y la aceptaci\u00f3n de las condiciones generales de uso, sin perjuicio de aquellas condiciones particulares que se puedan pactar individualmente, que adquirir\u00e1n tambi\u00e9n fuerza obligatoria entre las partes. Condici\u00f3n de TITULAR En cumplimiento de [&hellip;]","og_url":"https:\/\/www.clemenciaperis.com\/en\/cookies-policy\/","og_site_name":"Clem\u00e8ncia Peris \u00ae Jewellery","article_publisher":"https:\/\/www.facebook.com\/clemenciaperisjewelry","article_modified_time":"2023-07-04T09:34:23+00:00","og_image":[{"width":400,"height":400,"url":"https:\/\/www.clemenciaperis.com\/wp-content\/uploads\/2023\/10\/Clemencia-peris-logo2.png","type":"image\/png"}],"twitter_card":"summary_large_image","twitter_misc":{"Est. reading time":"8 minutes"},"schema":{"@context":"https:\/\/schema.org","@graph":[{"@type":"WebPage","@id":"https:\/\/www.clemenciaperis.com\/en\/cookies-policy\/","url":"https:\/\/www.clemenciaperis.com\/en\/cookies-policy\/","name":"Cookies Policy - Clem\u00e8ncia Peris \u00ae Jewellery","isPartOf":{"@id":"https:\/\/www.clemenciaperis.com\/en\/#website"},"datePublished":"2021-11-15T22:59:46+00:00","dateModified":"2023-07-04T09:34:23+00:00","inLanguage":"en","potentialAction":[{"@type":"ReadAction","target":["https:\/\/www.clemenciaperis.com\/en\/cookies-policy\/"]}]},{"@type":"WebSite","@id":"https:\/\/www.clemenciaperis.com\/en\/#website","url":"https:\/\/www.clemenciaperis.com\/en\/","name":"Joyer\u00eda Clem\u00e8ncia Peris \u00ae","description":"Joyer\u00eda exclusiva en Barcelona desde 1979: Anillos de compromiso, alianzas de boda y anillos de diamantes.","publisher":{"@id":"https:\/\/www.clemenciaperis.com\/en\/#organization"},"potentialAction":[{"@type":"SearchAction","target":{"@type":"EntryPoint","urlTemplate":"https:\/\/www.clemenciaperis.com\/en\/?s={search_term_string}"},"query-input":{"@type":"PropertyValueSpecification","valueRequired":true,"valueName":"search_term_string"}}],"inLanguage":"en"},{"@type":"Organization","@id":"https:\/\/www.clemenciaperis.com\/en\/#organization","name":"Joyer\u00eda Clem\u00e8ncia Peris \u00ae","url":"https:\/\/www.clemenciaperis.com\/en\/","logo":{"@type":"ImageObject","inLanguage":"en","@id":"https:\/\/www.clemenciaperis.com\/en\/#\/schema\/logo\/image\/","url":"https:\/\/www.clemenciaperis.com\/wp-content\/uploads\/2023\/10\/Clemencia-peris-logo2.png","contentUrl":"https:\/\/www.clemenciaperis.com\/wp-content\/uploads\/2023\/10\/Clemencia-peris-logo2.png","width":400,"height":400,"caption":"Joyer\u00eda Clem\u00e8ncia Peris \u00ae"},"image":{"@id":"https:\/\/www.clemenciaperis.com\/en\/#\/schema\/logo\/image\/"},"sameAs":["https:\/\/www.facebook.com\/clemenciaperisjewelry","https:\/\/www.instagram.com\/clemenciaperisjewels\/","https:\/\/www.youtube.com\/channel\/UCbLZI0bC2wvj0PaS2aj99bA"]}]}},"_links":{"self":[{"href":"https:\/\/www.clemenciaperis.com\/en\/wp-json\/wp\/v2\/pages\/16211","targetHints":{"allow":["GET"]}}],"collection":[{"href":"https:\/\/www.clemenciaperis.com\/en\/wp-json\/wp\/v2\/pages"}],"about":[{"href":"https:\/\/www.clemenciaperis.com\/en\/wp-json\/wp\/v2\/types\/page"}],"author":[{"embeddable":true,"href":"https:\/\/www.clemenciaperis.com\/en\/wp-json\/wp\/v2\/users\/1"}],"replies":[{"embeddable":true,"href":"https:\/\/www.clemenciaperis.com\/en\/wp-json\/wp\/v2\/comments?post=16211"}],"version-history":[{"count":0,"href":"https:\/\/www.clemenciaperis.com\/en\/wp-json\/wp\/v2\/pages\/16211\/revisions"}],"wp:attachment":[{"href":"https:\/\/www.clemenciaperis.com\/en\/wp-json\/wp\/v2\/media?parent=16211"}],"curies":[{"name":"wp","href":"https:\/\/api.w.org\/{rel}","templated":true}]}}