{"id":86005,"date":"2023-07-13T11:47:32","date_gmt":"2023-07-13T11:47:32","guid":{"rendered":"http:\/\/clemenciaperis.es\/?post_type=product&#038;p=86005"},"modified":"2025-07-11T11:39:17","modified_gmt":"2025-07-11T09:39:17","slug":"solitari-de-compromis-dor-blanc-amb-diamant-025","status":"publish","type":"product","link":"https:\/\/www.clemenciaperis.com\/ca\/p\/solitari-de-compromis-dor-blanc-amb-diamant-025\/","title":{"rendered":"Solitari de comprom\u00eds d&#8217;or blanc amb diamant de 0.25qt"},"content":{"rendered":"<p>Anell de comprom\u00eds d&#8217;or blanc de 18kt estil solitari. Compta amb un diamant central talla brillant de 0.25qt i 10 brillants al voltant dels bra\u00e7os amb un pes total de 0,10qt. La seva muntura de 4 grapes i els seus bra\u00e7os amb cantonades quadrades fan d&#8217;aquesta pe\u00e7a un disseny sofisticat, minimalista i actual.<\/p>\n","protected":false},"excerpt":{"rendered":"<p>Anell de comprom\u00eds d&#8217;or blanc de 18kt estil solitari. Compta amb un diamant central talla brillant de 0.25qt i 10 brillants al voltant dels bra\u00e7os amb un pes total de 0,10qt. La seva muntura de 4 grapes i els seus bra\u00e7os amb cantonades quadrades fan d&#8217;aquesta pe\u00e7a un disseny sofisticat, minimalista i actual.<\/p>\n","protected":false},"featured_media":102316,"template":"","meta":{"_acf_changed":false},"product_brand":[],"product_cat":[130,150,149,148,113,96],"product_tag":[],"class_list":{"0":"post-86005","1":"product","2":"type-product","3":"status-publish","4":"has-post-thumbnail","6":"product_cat-or-blanc","7":"product_cat-talla-brillant","8":"product_cat-estil-solitari","9":"product_cat-solitari-pave","10":"product_cat-exclusius","11":"product_cat-anells-de-compromis","13":"first","14":"instock","15":"taxable","16":"shipping-taxable","17":"product-type-variable"},"acf":[],"yoast_head":"<!-- This site is optimized with the Yoast SEO plugin v24.8.1 - https:\/\/yoast.com\/wordpress\/plugins\/seo\/ -->\n<title>Solitari de comprom\u00eds d&#039;or blanc amb diamant de 0.25qt - Joieria Clem\u00e8ncia Peris \u00ae<\/title>\n<meta name=\"description\" content=\"Anell de comprom\u00eds d&#039;or blanc de 18kt estil solitari. Compta amb un diamant central talla brillant i 10 brillants al voltant dels bra\u00e7os.\" \/>\n<meta name=\"robots\" content=\"index, follow, max-snippet:-1, max-image-preview:large, max-video-preview:-1\" \/>\n<link rel=\"canonical\" href=\"https:\/\/www.clemenciaperis.com\/ca\/p\/solitari-de-compromis-dor-blanc-amb-diamant-025\/\" \/>\n<meta property=\"og:locale\" content=\"ca_ES\" \/>\n<meta property=\"og:type\" content=\"article\" \/>\n<meta property=\"og:title\" content=\"Solitari de comprom\u00eds d&#039;or blanc amb diamant de 0.25qt - Joieria Clem\u00e8ncia Peris \u00ae\" \/>\n<meta property=\"og:description\" content=\"Anell de comprom\u00eds d&#039;or blanc de 18kt estil solitari. Compta amb un diamant central talla brillant i 10 brillants al voltant dels bra\u00e7os.\" \/>\n<meta property=\"og:url\" content=\"https:\/\/www.clemenciaperis.com\/ca\/p\/solitari-de-compromis-dor-blanc-amb-diamant-025\/\" \/>\n<meta property=\"og:site_name\" content=\"Joieria Clem\u00e8ncia Peris \u00ae\" \/>\n<meta property=\"article:publisher\" content=\"https:\/\/www.facebook.com\/clemenciaperisjewelry\" \/>\n<meta property=\"article:modified_time\" content=\"2025-07-11T09:39:17+00:00\" \/>\n<meta property=\"og:image\" content=\"https:\/\/www.clemenciaperis.com\/wp-content\/uploads\/2023\/07\/AC125-Cenital.webp\" \/>\n\t<meta property=\"og:image:width\" content=\"500\" \/>\n\t<meta property=\"og:image:height\" content=\"500\" \/>\n\t<meta property=\"og:image:type\" content=\"image\/webp\" \/>\n<meta name=\"twitter:card\" content=\"summary_large_image\" \/>\n<meta name=\"twitter:label1\" content=\"Disponibilitat\" \/>\n\t<meta name=\"twitter:data1\" content=\"En estoc\" \/>\n<script type=\"application\/ld+json\" class=\"yoast-schema-graph\">{\"@context\":\"https:\/\/schema.org\",\"@graph\":[{\"@type\":\"WebPage\",\"@id\":\"https:\/\/www.clemenciaperis.com\/ca\/p\/solitari-de-compromis-dor-blanc-amb-diamant-025\/\",\"url\":\"https:\/\/www.clemenciaperis.com\/ca\/p\/solitari-de-compromis-dor-blanc-amb-diamant-025\/\",\"name\":\"Solitari de comprom\u00eds d'or blanc amb diamant de 0.25qt - Joieria Clem\u00e8ncia Peris \u00ae\",\"isPartOf\":{\"@id\":\"https:\/\/www.clemenciaperis.com\/ca\/#website\"},\"primaryImageOfPage\":{\"@id\":\"https:\/\/www.clemenciaperis.com\/ca\/p\/solitari-de-compromis-dor-blanc-amb-diamant-025\/#primaryimage\"},\"image\":{\"@id\":\"https:\/\/www.clemenciaperis.com\/ca\/p\/solitari-de-compromis-dor-blanc-amb-diamant-025\/#primaryimage\"},\"thumbnailUrl\":\"https:\/\/www.clemenciaperis.com\/wp-content\/uploads\/2023\/07\/AC125-Cenital.webp\",\"datePublished\":\"2023-07-13T11:47:32+00:00\",\"dateModified\":\"2025-07-11T09:39:17+00:00\",\"description\":\"Anell de comprom\u00eds d'or blanc de 18kt estil solitari. Compta amb un diamant central talla brillant i 10 brillants al voltant dels bra\u00e7os.\",\"inLanguage\":\"ca\",\"potentialAction\":[{\"@type\":\"ReadAction\",\"target\":[\"https:\/\/www.clemenciaperis.com\/ca\/p\/solitari-de-compromis-dor-blanc-amb-diamant-025\/\"]}]},{\"@type\":\"ImageObject\",\"inLanguage\":\"ca\",\"@id\":\"https:\/\/www.clemenciaperis.com\/ca\/p\/solitari-de-compromis-dor-blanc-amb-diamant-025\/#primaryimage\",\"url\":\"https:\/\/www.clemenciaperis.com\/wp-content\/uploads\/2023\/07\/AC125-Cenital.webp\",\"contentUrl\":\"https:\/\/www.clemenciaperis.com\/wp-content\/uploads\/2023\/07\/AC125-Cenital.webp\",\"width\":500,\"height\":500},{\"@type\":\"BreadcrumbList\",\"@id\":\"https:\/\/www.clemenciaperis.com\/ca\/p\/solitari-de-compromis-dor-blanc-amb-diamant-025\/#breadcrumb\",\"itemListElement\":[{\"@type\":\"ListItem\",\"position\":1,\"name\":\"Anells de Comprom\u00eds\",\"item\":\"https:\/\/www.clemenciaperis.com\/ca\/c\/anells-de-compromis\/\"},{\"@type\":\"ListItem\",\"position\":2,\"name\":\"Anells de comprom\u00eds d'or blanc\",\"item\":\"https:\/\/www.clemenciaperis.com\/ca\/c\/anells-de-compromis\/or-blanc\/\"},{\"@type\":\"ListItem\",\"position\":3,\"name\":\"Solitari de comprom\u00eds d&#8217;or blanc amb diamant de 0.25qt\"}]},{\"@type\":\"WebSite\",\"@id\":\"https:\/\/www.clemenciaperis.com\/ca\/#website\",\"url\":\"https:\/\/www.clemenciaperis.com\/ca\/\",\"name\":\"Joyer\u00eda Clem\u00e8ncia Peris \u00ae\",\"description\":\"Joyer\u00eda exclusiva en Barcelona desde 1979: Anillos de compromiso, alianzas de boda y anillos de diamantes.\",\"publisher\":{\"@id\":\"https:\/\/www.clemenciaperis.com\/ca\/#organization\"},\"potentialAction\":[{\"@type\":\"SearchAction\",\"target\":{\"@type\":\"EntryPoint\",\"urlTemplate\":\"https:\/\/www.clemenciaperis.com\/ca\/?s={search_term_string}\"},\"query-input\":{\"@type\":\"PropertyValueSpecification\",\"valueRequired\":true,\"valueName\":\"search_term_string\"}}],\"inLanguage\":\"ca\"},{\"@type\":\"Organization\",\"@id\":\"https:\/\/www.clemenciaperis.com\/ca\/#organization\",\"name\":\"Joyer\u00eda Clem\u00e8ncia Peris \u00ae\",\"url\":\"https:\/\/www.clemenciaperis.com\/ca\/\",\"logo\":{\"@type\":\"ImageObject\",\"inLanguage\":\"ca\",\"@id\":\"https:\/\/www.clemenciaperis.com\/ca\/#\/schema\/logo\/image\/\",\"url\":\"https:\/\/www.clemenciaperis.com\/wp-content\/uploads\/2023\/10\/Clemencia-peris-logo2.png\",\"contentUrl\":\"https:\/\/www.clemenciaperis.com\/wp-content\/uploads\/2023\/10\/Clemencia-peris-logo2.png\",\"width\":400,\"height\":400,\"caption\":\"Joyer\u00eda Clem\u00e8ncia Peris \u00ae\"},\"image\":{\"@id\":\"https:\/\/www.clemenciaperis.com\/ca\/#\/schema\/logo\/image\/\"},\"sameAs\":[\"https:\/\/www.facebook.com\/clemenciaperisjewelry\",\"https:\/\/www.instagram.com\/clemenciaperisjewels\/\",\"https:\/\/www.youtube.com\/channel\/UCbLZI0bC2wvj0PaS2aj99bA\"]}]}<\/script>\n<meta property=\"og:availability\" content=\"instock\" \/>\n<meta property=\"product:availability\" content=\"instock\" \/>\n<meta property=\"product:retailer_item_id\" content=\"ac125-\" \/>\n<meta property=\"product:condition\" content=\"new\" \/>\n<!-- \/ Yoast SEO plugin. -->","yoast_head_json":{"title":"Solitari de comprom\u00eds d'or blanc amb diamant de 0.25qt - Joieria Clem\u00e8ncia Peris \u00ae","description":"Anell de comprom\u00eds d'or blanc de 18kt estil solitari. Compta amb un diamant central talla brillant i 10 brillants al voltant dels bra\u00e7os.","robots":{"index":"index","follow":"follow","max-snippet":"max-snippet:-1","max-image-preview":"max-image-preview:large","max-video-preview":"max-video-preview:-1"},"canonical":"https:\/\/www.clemenciaperis.com\/ca\/p\/solitari-de-compromis-dor-blanc-amb-diamant-025\/","og_locale":"ca_ES","og_type":"article","og_title":"Solitari de comprom\u00eds d'or blanc amb diamant de 0.25qt - Joieria Clem\u00e8ncia Peris \u00ae","og_description":"Anell de comprom\u00eds d'or blanc de 18kt estil solitari. Compta amb un diamant central talla brillant i 10 brillants al voltant dels bra\u00e7os.","og_url":"https:\/\/www.clemenciaperis.com\/ca\/p\/solitari-de-compromis-dor-blanc-amb-diamant-025\/","og_site_name":"Joieria Clem\u00e8ncia Peris \u00ae","article_publisher":"https:\/\/www.facebook.com\/clemenciaperisjewelry","article_modified_time":"2025-07-11T09:39:17+00:00","og_image":[{"width":500,"height":500,"url":"https:\/\/www.clemenciaperis.com\/wp-content\/uploads\/2023\/07\/AC125-Cenital.webp","type":"image\/webp"}],"twitter_card":"summary_large_image","twitter_misc":{"Disponibilitat":"En estoc"},"schema":{"@context":"https:\/\/schema.org","@graph":[{"@type":"WebPage","@id":"https:\/\/www.clemenciaperis.com\/ca\/p\/solitari-de-compromis-dor-blanc-amb-diamant-025\/","url":"https:\/\/www.clemenciaperis.com\/ca\/p\/solitari-de-compromis-dor-blanc-amb-diamant-025\/","name":"Solitari de comprom\u00eds d'or blanc amb diamant de 0.25qt - Joieria Clem\u00e8ncia Peris \u00ae","isPartOf":{"@id":"https:\/\/www.clemenciaperis.com\/ca\/#website"},"primaryImageOfPage":{"@id":"https:\/\/www.clemenciaperis.com\/ca\/p\/solitari-de-compromis-dor-blanc-amb-diamant-025\/#primaryimage"},"image":{"@id":"https:\/\/www.clemenciaperis.com\/ca\/p\/solitari-de-compromis-dor-blanc-amb-diamant-025\/#primaryimage"},"thumbnailUrl":"https:\/\/www.clemenciaperis.com\/wp-content\/uploads\/2023\/07\/AC125-Cenital.webp","datePublished":"2023-07-13T11:47:32+00:00","dateModified":"2025-07-11T09:39:17+00:00","description":"Anell de comprom\u00eds d'or blanc de 18kt estil solitari. Compta amb un diamant central talla brillant i 10 brillants al voltant dels bra\u00e7os.","inLanguage":"ca","potentialAction":[{"@type":"ReadAction","target":["https:\/\/www.clemenciaperis.com\/ca\/p\/solitari-de-compromis-dor-blanc-amb-diamant-025\/"]}]},{"@type":"ImageObject","inLanguage":"ca","@id":"https:\/\/www.clemenciaperis.com\/ca\/p\/solitari-de-compromis-dor-blanc-amb-diamant-025\/#primaryimage","url":"https:\/\/www.clemenciaperis.com\/wp-content\/uploads\/2023\/07\/AC125-Cenital.webp","contentUrl":"https:\/\/www.clemenciaperis.com\/wp-content\/uploads\/2023\/07\/AC125-Cenital.webp","width":500,"height":500},{"@type":"BreadcrumbList","@id":"https:\/\/www.clemenciaperis.com\/ca\/p\/solitari-de-compromis-dor-blanc-amb-diamant-025\/#breadcrumb","itemListElement":[{"@type":"ListItem","position":1,"name":"Anells de Comprom\u00eds","item":"https:\/\/www.clemenciaperis.com\/ca\/c\/anells-de-compromis\/"},{"@type":"ListItem","position":2,"name":"Anells de comprom\u00eds d'or blanc","item":"https:\/\/www.clemenciaperis.com\/ca\/c\/anells-de-compromis\/or-blanc\/"},{"@type":"ListItem","position":3,"name":"Solitari de comprom\u00eds d&#8217;or blanc amb diamant de 0.25qt"}]},{"@type":"WebSite","@id":"https:\/\/www.clemenciaperis.com\/ca\/#website","url":"https:\/\/www.clemenciaperis.com\/ca\/","name":"Joyer\u00eda Clem\u00e8ncia Peris \u00ae","description":"Joyer\u00eda exclusiva en Barcelona desde 1979: Anillos de compromiso, alianzas de boda y anillos de diamantes.","publisher":{"@id":"https:\/\/www.clemenciaperis.com\/ca\/#organization"},"potentialAction":[{"@type":"SearchAction","target":{"@type":"EntryPoint","urlTemplate":"https:\/\/www.clemenciaperis.com\/ca\/?s={search_term_string}"},"query-input":{"@type":"PropertyValueSpecification","valueRequired":true,"valueName":"search_term_string"}}],"inLanguage":"ca"},{"@type":"Organization","@id":"https:\/\/www.clemenciaperis.com\/ca\/#organization","name":"Joyer\u00eda Clem\u00e8ncia Peris \u00ae","url":"https:\/\/www.clemenciaperis.com\/ca\/","logo":{"@type":"ImageObject","inLanguage":"ca","@id":"https:\/\/www.clemenciaperis.com\/ca\/#\/schema\/logo\/image\/","url":"https:\/\/www.clemenciaperis.com\/wp-content\/uploads\/2023\/10\/Clemencia-peris-logo2.png","contentUrl":"https:\/\/www.clemenciaperis.com\/wp-content\/uploads\/2023\/10\/Clemencia-peris-logo2.png","width":400,"height":400,"caption":"Joyer\u00eda Clem\u00e8ncia Peris \u00ae"},"image":{"@id":"https:\/\/www.clemenciaperis.com\/ca\/#\/schema\/logo\/image\/"},"sameAs":["https:\/\/www.facebook.com\/clemenciaperisjewelry","https:\/\/www.instagram.com\/clemenciaperisjewels\/","https:\/\/www.youtube.com\/channel\/UCbLZI0bC2wvj0PaS2aj99bA"]}]},"og_availability":"instock","product_availability":"instock","product_retailer_item_id":"ac125-","product_condition":"new"},"_links":{"self":[{"href":"https:\/\/www.clemenciaperis.com\/ca\/wp-json\/wp\/v2\/product\/86005","targetHints":{"allow":["GET"]}}],"collection":[{"href":"https:\/\/www.clemenciaperis.com\/ca\/wp-json\/wp\/v2\/product"}],"about":[{"href":"https:\/\/www.clemenciaperis.com\/ca\/wp-json\/wp\/v2\/types\/product"}],"wp:featuredmedia":[{"embeddable":true,"href":"https:\/\/www.clemenciaperis.com\/ca\/wp-json\/wp\/v2\/media\/102316"}],"wp:attachment":[{"href":"https:\/\/www.clemenciaperis.com\/ca\/wp-json\/wp\/v2\/media?parent=86005"}],"wp:term":[{"taxonomy":"product_brand","embeddable":true,"href":"https:\/\/www.clemenciaperis.com\/ca\/wp-json\/wp\/v2\/product_brand?post=86005"},{"taxonomy":"product_cat","embeddable":true,"href":"https:\/\/www.clemenciaperis.com\/ca\/wp-json\/wp\/v2\/product_cat?post=86005"},{"taxonomy":"product_tag","embeddable":true,"href":"https:\/\/www.clemenciaperis.com\/ca\/wp-json\/wp\/v2\/product_tag?post=86005"}],"curies":[{"name":"wp","href":"https:\/\/api.w.org\/{rel}","templated":true}]}}