{"id":80382,"date":"2023-07-03T18:58:17","date_gmt":"2023-07-03T18:58:17","guid":{"rendered":"http:\/\/clemenciaperis.es\/?post_type=product&#038;p=80382"},"modified":"2025-07-09T12:07:00","modified_gmt":"2025-07-09T10:07:00","slug":"anell-de-compromis-or-negre-amb-1-diamant-talla-brillant","status":"publish","type":"product","link":"https:\/\/www.clemenciaperis.com\/ca\/p\/anell-de-compromis-or-negre-amb-1-diamant-talla-brillant\/","title":{"rendered":"Anell de comprom\u00eds or negre amb 1 diamant talla brillant"},"content":{"rendered":"<div class=\"col-md-12 col-xs-12 desc\">\n<div>\n<p>\u200bElegant anell de comprom\u00eds estil solitari realitzat amb or negre de 18kt i acabat brillant. El seu bra\u00e7 fi i estilitzat incorpora una boca de 6 grapes, que s&#8217;encarrega de subjectar el diamant central talla brillant. *<em>El diamant de l&#8217;anell de la imatge correspon a 0.25qt.<\/em><\/p>\n<\/div>\n<\/div>\n","protected":false},"excerpt":{"rendered":"<p>\u200bElegant anell de comprom\u00eds estil solitari realitzat amb or negre de 18kt i acabat brillant. El seu bra\u00e7 fi i estilitzat incorpora una boca de 6 grapes, que s&#8217;encarrega de subjectar el diamant central talla brillant. *El diamant de l&#8217;anell de la imatge correspon a 0.25qt.<\/p>\n","protected":false},"featured_media":129847,"template":"","meta":{"_acf_changed":false},"product_brand":[],"product_cat":[104,134,150,149,96],"product_tag":[],"class_list":{"0":"post-80382","1":"product","2":"type-product","3":"status-publish","4":"has-post-thumbnail","6":"product_cat-classics","7":"product_cat-or-negre","8":"product_cat-talla-brillant","9":"product_cat-estil-solitari","10":"product_cat-anells-de-compromis","12":"first","13":"instock","14":"taxable","15":"shipping-taxable","16":"product-type-variable"},"acf":[],"yoast_head":"<!-- This site is optimized with the Yoast SEO plugin v24.8.1 - https:\/\/yoast.com\/wordpress\/plugins\/seo\/ -->\n<title>Anell de comprom\u00eds or negre amb brillant - Joieria Clem\u00e8ncia Peris \u00ae<\/title>\n<meta name=\"description\" content=\"Anells de comprom\u00eds or negre amb 1 diamant talla brillant. Anells de comprim\u00eds \u00fanics fets a m\u00e0 en alta joyeria.\" \/>\n<meta name=\"robots\" content=\"index, follow, max-snippet:-1, max-image-preview:large, max-video-preview:-1\" \/>\n<link rel=\"canonical\" href=\"https:\/\/www.clemenciaperis.com\/ca\/p\/anell-de-compromis-or-negre-amb-1-diamant-talla-brillant\/\" \/>\n<meta property=\"og:locale\" content=\"ca_ES\" \/>\n<meta property=\"og:type\" content=\"article\" \/>\n<meta property=\"og:title\" content=\"Anell de comprom\u00eds or negre amb brillant - Joieria Clem\u00e8ncia Peris \u00ae\" \/>\n<meta property=\"og:description\" content=\"Anells de comprom\u00eds or negre amb 1 diamant talla brillant. Anells de comprim\u00eds \u00fanics fets a m\u00e0 en alta joyeria.\" \/>\n<meta property=\"og:url\" content=\"https:\/\/www.clemenciaperis.com\/ca\/p\/anell-de-compromis-or-negre-amb-1-diamant-talla-brillant\/\" \/>\n<meta property=\"og:site_name\" content=\"Joieria Clem\u00e8ncia Peris \u00ae\" \/>\n<meta property=\"article:publisher\" content=\"https:\/\/www.facebook.com\/clemenciaperisjewelry\" \/>\n<meta property=\"article:modified_time\" content=\"2025-07-09T10:07:00+00:00\" \/>\n<meta property=\"og:image\" content=\"https:\/\/www.clemenciaperis.com\/wp-content\/uploads\/2023\/07\/AC086-N-Cenital-3.webp\" \/>\n\t<meta property=\"og:image:width\" content=\"1000\" \/>\n\t<meta property=\"og:image:height\" content=\"1000\" \/>\n\t<meta property=\"og:image:type\" content=\"image\/webp\" \/>\n<meta name=\"twitter:card\" content=\"summary_large_image\" \/>\n<meta name=\"twitter:label1\" content=\"Disponibilitat\" \/>\n\t<meta name=\"twitter:data1\" content=\"En estoc\" \/>\n<script type=\"application\/ld+json\" class=\"yoast-schema-graph\">{\"@context\":\"https:\/\/schema.org\",\"@graph\":[{\"@type\":\"WebPage\",\"@id\":\"https:\/\/www.clemenciaperis.com\/ca\/p\/anell-de-compromis-or-negre-amb-1-diamant-talla-brillant\/\",\"url\":\"https:\/\/www.clemenciaperis.com\/ca\/p\/anell-de-compromis-or-negre-amb-1-diamant-talla-brillant\/\",\"name\":\"Anell de comprom\u00eds or negre amb brillant - Joieria Clem\u00e8ncia Peris \u00ae\",\"isPartOf\":{\"@id\":\"https:\/\/www.clemenciaperis.com\/ca\/#website\"},\"primaryImageOfPage\":{\"@id\":\"https:\/\/www.clemenciaperis.com\/ca\/p\/anell-de-compromis-or-negre-amb-1-diamant-talla-brillant\/#primaryimage\"},\"image\":{\"@id\":\"https:\/\/www.clemenciaperis.com\/ca\/p\/anell-de-compromis-or-negre-amb-1-diamant-talla-brillant\/#primaryimage\"},\"thumbnailUrl\":\"https:\/\/www.clemenciaperis.com\/wp-content\/uploads\/2023\/07\/AC086-N-Cenital-3.webp\",\"datePublished\":\"2023-07-03T18:58:17+00:00\",\"dateModified\":\"2025-07-09T10:07:00+00:00\",\"description\":\"Anells de comprom\u00eds or negre amb 1 diamant talla brillant. Anells de comprim\u00eds \u00fanics fets a m\u00e0 en alta joyeria.\",\"inLanguage\":\"ca\",\"potentialAction\":[{\"@type\":\"ReadAction\",\"target\":[\"https:\/\/www.clemenciaperis.com\/ca\/p\/anell-de-compromis-or-negre-amb-1-diamant-talla-brillant\/\"]}]},{\"@type\":\"ImageObject\",\"inLanguage\":\"ca\",\"@id\":\"https:\/\/www.clemenciaperis.com\/ca\/p\/anell-de-compromis-or-negre-amb-1-diamant-talla-brillant\/#primaryimage\",\"url\":\"https:\/\/www.clemenciaperis.com\/wp-content\/uploads\/2023\/07\/AC086-N-Cenital-3.webp\",\"contentUrl\":\"https:\/\/www.clemenciaperis.com\/wp-content\/uploads\/2023\/07\/AC086-N-Cenital-3.webp\",\"width\":1000,\"height\":1000},{\"@type\":\"BreadcrumbList\",\"@id\":\"https:\/\/www.clemenciaperis.com\/ca\/p\/anell-de-compromis-or-negre-amb-1-diamant-talla-brillant\/#breadcrumb\",\"itemListElement\":[{\"@type\":\"ListItem\",\"position\":1,\"name\":\"Anells de Comprom\u00eds\",\"item\":\"https:\/\/www.clemenciaperis.com\/ca\/c\/anells-de-compromis\/\"},{\"@type\":\"ListItem\",\"position\":2,\"name\":\"Anells de Comprom\u00eds Cl\u00e0ssics\",\"item\":\"https:\/\/www.clemenciaperis.com\/ca\/c\/anells-de-compromis\/classics\/\"},{\"@type\":\"ListItem\",\"position\":3,\"name\":\"Anell de comprom\u00eds or negre amb 1 diamant talla brillant\"}]},{\"@type\":\"WebSite\",\"@id\":\"https:\/\/www.clemenciaperis.com\/ca\/#website\",\"url\":\"https:\/\/www.clemenciaperis.com\/ca\/\",\"name\":\"Joyer\u00eda Clem\u00e8ncia Peris \u00ae\",\"description\":\"Joyer\u00eda exclusiva en Barcelona desde 1979: Anillos de compromiso, alianzas de boda y anillos de diamantes.\",\"publisher\":{\"@id\":\"https:\/\/www.clemenciaperis.com\/ca\/#organization\"},\"potentialAction\":[{\"@type\":\"SearchAction\",\"target\":{\"@type\":\"EntryPoint\",\"urlTemplate\":\"https:\/\/www.clemenciaperis.com\/ca\/?s={search_term_string}\"},\"query-input\":{\"@type\":\"PropertyValueSpecification\",\"valueRequired\":true,\"valueName\":\"search_term_string\"}}],\"inLanguage\":\"ca\"},{\"@type\":\"Organization\",\"@id\":\"https:\/\/www.clemenciaperis.com\/ca\/#organization\",\"name\":\"Joyer\u00eda Clem\u00e8ncia Peris \u00ae\",\"url\":\"https:\/\/www.clemenciaperis.com\/ca\/\",\"logo\":{\"@type\":\"ImageObject\",\"inLanguage\":\"ca\",\"@id\":\"https:\/\/www.clemenciaperis.com\/ca\/#\/schema\/logo\/image\/\",\"url\":\"https:\/\/www.clemenciaperis.com\/wp-content\/uploads\/2023\/10\/Clemencia-peris-logo2.png\",\"contentUrl\":\"https:\/\/www.clemenciaperis.com\/wp-content\/uploads\/2023\/10\/Clemencia-peris-logo2.png\",\"width\":400,\"height\":400,\"caption\":\"Joyer\u00eda Clem\u00e8ncia Peris \u00ae\"},\"image\":{\"@id\":\"https:\/\/www.clemenciaperis.com\/ca\/#\/schema\/logo\/image\/\"},\"sameAs\":[\"https:\/\/www.facebook.com\/clemenciaperisjewelry\",\"https:\/\/www.instagram.com\/clemenciaperisjewels\/\",\"https:\/\/www.youtube.com\/channel\/UCbLZI0bC2wvj0PaS2aj99bA\"]}]}<\/script>\n<meta property=\"og:availability\" content=\"instock\" \/>\n<meta property=\"product:availability\" content=\"instock\" \/>\n<meta property=\"product:retailer_item_id\" content=\"ac086n\" \/>\n<meta property=\"product:condition\" content=\"new\" \/>\n<!-- \/ Yoast SEO plugin. -->","yoast_head_json":{"title":"Anell de comprom\u00eds or negre amb brillant - Joieria Clem\u00e8ncia Peris \u00ae","description":"Anells de comprom\u00eds or negre amb 1 diamant talla brillant. Anells de comprim\u00eds \u00fanics fets a m\u00e0 en alta joyeria.","robots":{"index":"index","follow":"follow","max-snippet":"max-snippet:-1","max-image-preview":"max-image-preview:large","max-video-preview":"max-video-preview:-1"},"canonical":"https:\/\/www.clemenciaperis.com\/ca\/p\/anell-de-compromis-or-negre-amb-1-diamant-talla-brillant\/","og_locale":"ca_ES","og_type":"article","og_title":"Anell de comprom\u00eds or negre amb brillant - Joieria Clem\u00e8ncia Peris \u00ae","og_description":"Anells de comprom\u00eds or negre amb 1 diamant talla brillant. Anells de comprim\u00eds \u00fanics fets a m\u00e0 en alta joyeria.","og_url":"https:\/\/www.clemenciaperis.com\/ca\/p\/anell-de-compromis-or-negre-amb-1-diamant-talla-brillant\/","og_site_name":"Joieria Clem\u00e8ncia Peris \u00ae","article_publisher":"https:\/\/www.facebook.com\/clemenciaperisjewelry","article_modified_time":"2025-07-09T10:07:00+00:00","og_image":[{"width":1000,"height":1000,"url":"https:\/\/www.clemenciaperis.com\/wp-content\/uploads\/2023\/07\/AC086-N-Cenital-3.webp","type":"image\/webp"}],"twitter_card":"summary_large_image","twitter_misc":{"Disponibilitat":"En estoc"},"schema":{"@context":"https:\/\/schema.org","@graph":[{"@type":"WebPage","@id":"https:\/\/www.clemenciaperis.com\/ca\/p\/anell-de-compromis-or-negre-amb-1-diamant-talla-brillant\/","url":"https:\/\/www.clemenciaperis.com\/ca\/p\/anell-de-compromis-or-negre-amb-1-diamant-talla-brillant\/","name":"Anell de comprom\u00eds or negre amb brillant - Joieria Clem\u00e8ncia Peris \u00ae","isPartOf":{"@id":"https:\/\/www.clemenciaperis.com\/ca\/#website"},"primaryImageOfPage":{"@id":"https:\/\/www.clemenciaperis.com\/ca\/p\/anell-de-compromis-or-negre-amb-1-diamant-talla-brillant\/#primaryimage"},"image":{"@id":"https:\/\/www.clemenciaperis.com\/ca\/p\/anell-de-compromis-or-negre-amb-1-diamant-talla-brillant\/#primaryimage"},"thumbnailUrl":"https:\/\/www.clemenciaperis.com\/wp-content\/uploads\/2023\/07\/AC086-N-Cenital-3.webp","datePublished":"2023-07-03T18:58:17+00:00","dateModified":"2025-07-09T10:07:00+00:00","description":"Anells de comprom\u00eds or negre amb 1 diamant talla brillant. Anells de comprim\u00eds \u00fanics fets a m\u00e0 en alta joyeria.","inLanguage":"ca","potentialAction":[{"@type":"ReadAction","target":["https:\/\/www.clemenciaperis.com\/ca\/p\/anell-de-compromis-or-negre-amb-1-diamant-talla-brillant\/"]}]},{"@type":"ImageObject","inLanguage":"ca","@id":"https:\/\/www.clemenciaperis.com\/ca\/p\/anell-de-compromis-or-negre-amb-1-diamant-talla-brillant\/#primaryimage","url":"https:\/\/www.clemenciaperis.com\/wp-content\/uploads\/2023\/07\/AC086-N-Cenital-3.webp","contentUrl":"https:\/\/www.clemenciaperis.com\/wp-content\/uploads\/2023\/07\/AC086-N-Cenital-3.webp","width":1000,"height":1000},{"@type":"BreadcrumbList","@id":"https:\/\/www.clemenciaperis.com\/ca\/p\/anell-de-compromis-or-negre-amb-1-diamant-talla-brillant\/#breadcrumb","itemListElement":[{"@type":"ListItem","position":1,"name":"Anells de Comprom\u00eds","item":"https:\/\/www.clemenciaperis.com\/ca\/c\/anells-de-compromis\/"},{"@type":"ListItem","position":2,"name":"Anells de Comprom\u00eds Cl\u00e0ssics","item":"https:\/\/www.clemenciaperis.com\/ca\/c\/anells-de-compromis\/classics\/"},{"@type":"ListItem","position":3,"name":"Anell de comprom\u00eds or negre amb 1 diamant talla brillant"}]},{"@type":"WebSite","@id":"https:\/\/www.clemenciaperis.com\/ca\/#website","url":"https:\/\/www.clemenciaperis.com\/ca\/","name":"Joyer\u00eda Clem\u00e8ncia Peris \u00ae","description":"Joyer\u00eda exclusiva en Barcelona desde 1979: Anillos de compromiso, alianzas de boda y anillos de diamantes.","publisher":{"@id":"https:\/\/www.clemenciaperis.com\/ca\/#organization"},"potentialAction":[{"@type":"SearchAction","target":{"@type":"EntryPoint","urlTemplate":"https:\/\/www.clemenciaperis.com\/ca\/?s={search_term_string}"},"query-input":{"@type":"PropertyValueSpecification","valueRequired":true,"valueName":"search_term_string"}}],"inLanguage":"ca"},{"@type":"Organization","@id":"https:\/\/www.clemenciaperis.com\/ca\/#organization","name":"Joyer\u00eda Clem\u00e8ncia Peris \u00ae","url":"https:\/\/www.clemenciaperis.com\/ca\/","logo":{"@type":"ImageObject","inLanguage":"ca","@id":"https:\/\/www.clemenciaperis.com\/ca\/#\/schema\/logo\/image\/","url":"https:\/\/www.clemenciaperis.com\/wp-content\/uploads\/2023\/10\/Clemencia-peris-logo2.png","contentUrl":"https:\/\/www.clemenciaperis.com\/wp-content\/uploads\/2023\/10\/Clemencia-peris-logo2.png","width":400,"height":400,"caption":"Joyer\u00eda Clem\u00e8ncia Peris \u00ae"},"image":{"@id":"https:\/\/www.clemenciaperis.com\/ca\/#\/schema\/logo\/image\/"},"sameAs":["https:\/\/www.facebook.com\/clemenciaperisjewelry","https:\/\/www.instagram.com\/clemenciaperisjewels\/","https:\/\/www.youtube.com\/channel\/UCbLZI0bC2wvj0PaS2aj99bA"]}]},"og_availability":"instock","product_availability":"instock","product_retailer_item_id":"ac086n","product_condition":"new"},"_links":{"self":[{"href":"https:\/\/www.clemenciaperis.com\/ca\/wp-json\/wp\/v2\/product\/80382","targetHints":{"allow":["GET"]}}],"collection":[{"href":"https:\/\/www.clemenciaperis.com\/ca\/wp-json\/wp\/v2\/product"}],"about":[{"href":"https:\/\/www.clemenciaperis.com\/ca\/wp-json\/wp\/v2\/types\/product"}],"wp:featuredmedia":[{"embeddable":true,"href":"https:\/\/www.clemenciaperis.com\/ca\/wp-json\/wp\/v2\/media\/129847"}],"wp:attachment":[{"href":"https:\/\/www.clemenciaperis.com\/ca\/wp-json\/wp\/v2\/media?parent=80382"}],"wp:term":[{"taxonomy":"product_brand","embeddable":true,"href":"https:\/\/www.clemenciaperis.com\/ca\/wp-json\/wp\/v2\/product_brand?post=80382"},{"taxonomy":"product_cat","embeddable":true,"href":"https:\/\/www.clemenciaperis.com\/ca\/wp-json\/wp\/v2\/product_cat?post=80382"},{"taxonomy":"product_tag","embeddable":true,"href":"https:\/\/www.clemenciaperis.com\/ca\/wp-json\/wp\/v2\/product_tag?post=80382"}],"curies":[{"name":"wp","href":"https:\/\/api.w.org\/{rel}","templated":true}]}}