{"id":61081,"date":"2023-05-02T12:39:31","date_gmt":"2023-05-02T12:39:31","guid":{"rendered":"http:\/\/clemenciaperis.es\/?post_type=product&#038;p=61081"},"modified":"2023-05-02T12:41:46","modified_gmt":"2023-05-02T12:41:46","slug":"alianca-de-casament-or-negre-18k-home-009s","status":"publish","type":"product","link":"https:\/\/www.clemenciaperis.com\/ca\/p\/alianca-de-casament-or-negre-18k-home-009s\/","title":{"rendered":"Alian\u00e7a de casament or negre brilliant de 18k per a home"},"content":{"rendered":"<div class=\"col-md-12 col-xs-12 desc\">\n<div>\n<p><strong>Alian\u00e7a de casament<\/strong>. Anell en or negre de 18k, pes 8,33 gr. acabat en brillant. Realitzat artesanalment.\u00a0<span class=\"black_gold\" title=\"\" data-toggle=\"popover\" data-trigger=\"hover\" data-content=\"*L\u2019or negre \u00e9s un rodi de color que s'aplica sobre l'or blanc de 18kt per proporcionar a la pe\u00e7a aquesta tonalitat. Es requereix manteniment.\" data-placement=\"top\" data-original-title=\"Informaci\u00f3 or negre\">Informaci\u00f3 or negre<\/span><\/p>\n<\/div>\n<\/div>\n","protected":false},"excerpt":{"rendered":"<p>Alian\u00e7a de casament. Anell en or negre de 18k, pes 8,33 gr. acabat en brillant. Realitzat artesanalment.\u00a0Informaci\u00f3 or negre<\/p>\n","protected":false},"featured_media":131035,"template":"","meta":{"_acf_changed":false},"product_brand":[],"product_cat":[132,112,120,94],"product_tag":[],"class_list":{"0":"post-61081","1":"product","2":"type-product","3":"status-publish","4":"has-post-thumbnail","6":"product_cat-or-negre-2","7":"product_cat-exclusives-2","8":"product_cat-modernes-2","9":"product_cat-aliances-de-casament","11":"first","12":"instock","13":"taxable","14":"shipping-taxable","15":"purchasable","16":"product-type-variable"},"acf":[],"yoast_head":"<!-- This site is optimized with the Yoast SEO plugin v24.8.1 - https:\/\/yoast.com\/wordpress\/plugins\/seo\/ -->\n<title>Alian\u00e7a de casament or negre de 18k per a home - Clem\u00e8ncia Peris<\/title>\n<meta name=\"description\" content=\"Alian\u00e7a de casament. Anell de noces per a home en or negre brillant de 18k. Comprar anell de noces per a home a Clemencia Peris, la millor opci\u00f3 online.\" \/>\n<meta name=\"robots\" content=\"index, follow, max-snippet:-1, max-image-preview:large, max-video-preview:-1\" \/>\n<link rel=\"canonical\" href=\"https:\/\/www.clemenciaperis.com\/ca\/p\/alianca-de-casament-or-negre-18k-home-009s\/\" \/>\n<meta property=\"og:locale\" content=\"ca_ES\" \/>\n<meta property=\"og:type\" content=\"article\" \/>\n<meta property=\"og:title\" content=\"Alian\u00e7a de casament or negre de 18k per a home - Clem\u00e8ncia Peris\" \/>\n<meta property=\"og:description\" content=\"Alian\u00e7a de casament. Anell de noces per a home en or negre brillant de 18k. Comprar anell de noces per a home a Clemencia Peris, la millor opci\u00f3 online.\" \/>\n<meta property=\"og:url\" content=\"https:\/\/www.clemenciaperis.com\/ca\/p\/alianca-de-casament-or-negre-18k-home-009s\/\" \/>\n<meta property=\"og:site_name\" content=\"Joieria Clem\u00e8ncia Peris \u00ae\" \/>\n<meta property=\"article:publisher\" content=\"https:\/\/www.facebook.com\/clemenciaperisjewelry\" \/>\n<meta property=\"article:modified_time\" content=\"2023-05-02T12:41:46+00:00\" \/>\n<meta property=\"og:image\" content=\"https:\/\/www.clemenciaperis.com\/wp-content\/uploads\/2020\/09\/C009S_Detail-image-C.webp\" \/>\n\t<meta property=\"og:image:width\" content=\"500\" \/>\n\t<meta property=\"og:image:height\" content=\"500\" \/>\n\t<meta property=\"og:image:type\" content=\"image\/webp\" \/>\n<meta name=\"twitter:card\" content=\"summary_large_image\" \/>\n<meta name=\"twitter:label1\" content=\"Disponibilitat\" \/>\n\t<meta name=\"twitter:data1\" content=\"En estoc\" \/>\n<script type=\"application\/ld+json\" class=\"yoast-schema-graph\">{\"@context\":\"https:\/\/schema.org\",\"@graph\":[{\"@type\":\"WebPage\",\"@id\":\"https:\/\/www.clemenciaperis.com\/ca\/p\/alianca-de-casament-or-negre-18k-home-009s\/\",\"url\":\"https:\/\/www.clemenciaperis.com\/ca\/p\/alianca-de-casament-or-negre-18k-home-009s\/\",\"name\":\"Alian\u00e7a de casament or negre de 18k per a home - Clem\u00e8ncia Peris\",\"isPartOf\":{\"@id\":\"https:\/\/www.clemenciaperis.com\/ca\/#website\"},\"primaryImageOfPage\":{\"@id\":\"https:\/\/www.clemenciaperis.com\/ca\/p\/alianca-de-casament-or-negre-18k-home-009s\/#primaryimage\"},\"image\":{\"@id\":\"https:\/\/www.clemenciaperis.com\/ca\/p\/alianca-de-casament-or-negre-18k-home-009s\/#primaryimage\"},\"thumbnailUrl\":\"https:\/\/www.clemenciaperis.com\/wp-content\/uploads\/2020\/09\/C009S_Detail-image-C-1.webp\",\"datePublished\":\"2023-05-02T12:39:31+00:00\",\"dateModified\":\"2023-05-02T12:41:46+00:00\",\"description\":\"Alian\u00e7a de casament. Anell de noces per a home en or negre brillant de 18k. Comprar anell de noces per a home a Clemencia Peris, la millor opci\u00f3 online.\",\"inLanguage\":\"ca\",\"potentialAction\":[{\"@type\":\"ReadAction\",\"target\":[\"https:\/\/www.clemenciaperis.com\/ca\/p\/alianca-de-casament-or-negre-18k-home-009s\/\"]}]},{\"@type\":\"ImageObject\",\"inLanguage\":\"ca\",\"@id\":\"https:\/\/www.clemenciaperis.com\/ca\/p\/alianca-de-casament-or-negre-18k-home-009s\/#primaryimage\",\"url\":\"https:\/\/www.clemenciaperis.com\/wp-content\/uploads\/2020\/09\/C009S_Detail-image-C-1.webp\",\"contentUrl\":\"https:\/\/www.clemenciaperis.com\/wp-content\/uploads\/2020\/09\/C009S_Detail-image-C-1.webp\",\"width\":1000,\"height\":1000},{\"@type\":\"BreadcrumbList\",\"@id\":\"https:\/\/www.clemenciaperis.com\/ca\/p\/alianca-de-casament-or-negre-18k-home-009s\/#breadcrumb\",\"itemListElement\":[{\"@type\":\"ListItem\",\"position\":1,\"name\":\"Aliances de Casament\",\"item\":\"https:\/\/www.clemenciaperis.com\/ca\/c\/aliances-de-casament\/\"},{\"@type\":\"ListItem\",\"position\":2,\"name\":\"Aliances de boda d'or negre\",\"item\":\"https:\/\/www.clemenciaperis.com\/ca\/c\/aliances-de-casament\/or-negre-2\/\"},{\"@type\":\"ListItem\",\"position\":3,\"name\":\"Alian\u00e7a de casament or negre brilliant de 18k per a home\"}]},{\"@type\":\"WebSite\",\"@id\":\"https:\/\/www.clemenciaperis.com\/ca\/#website\",\"url\":\"https:\/\/www.clemenciaperis.com\/ca\/\",\"name\":\"Joyer\u00eda Clem\u00e8ncia Peris \u00ae\",\"description\":\"Joyer\u00eda exclusiva en Barcelona desde 1979: Anillos de compromiso, alianzas de boda y anillos de diamantes.\",\"publisher\":{\"@id\":\"https:\/\/www.clemenciaperis.com\/ca\/#organization\"},\"potentialAction\":[{\"@type\":\"SearchAction\",\"target\":{\"@type\":\"EntryPoint\",\"urlTemplate\":\"https:\/\/www.clemenciaperis.com\/ca\/?s={search_term_string}\"},\"query-input\":{\"@type\":\"PropertyValueSpecification\",\"valueRequired\":true,\"valueName\":\"search_term_string\"}}],\"inLanguage\":\"ca\"},{\"@type\":\"Organization\",\"@id\":\"https:\/\/www.clemenciaperis.com\/ca\/#organization\",\"name\":\"Joyer\u00eda Clem\u00e8ncia Peris \u00ae\",\"url\":\"https:\/\/www.clemenciaperis.com\/ca\/\",\"logo\":{\"@type\":\"ImageObject\",\"inLanguage\":\"ca\",\"@id\":\"https:\/\/www.clemenciaperis.com\/ca\/#\/schema\/logo\/image\/\",\"url\":\"https:\/\/www.clemenciaperis.com\/wp-content\/uploads\/2023\/10\/Clemencia-peris-logo2.png\",\"contentUrl\":\"https:\/\/www.clemenciaperis.com\/wp-content\/uploads\/2023\/10\/Clemencia-peris-logo2.png\",\"width\":400,\"height\":400,\"caption\":\"Joyer\u00eda Clem\u00e8ncia Peris \u00ae\"},\"image\":{\"@id\":\"https:\/\/www.clemenciaperis.com\/ca\/#\/schema\/logo\/image\/\"},\"sameAs\":[\"https:\/\/www.facebook.com\/clemenciaperisjewelry\",\"https:\/\/www.instagram.com\/clemenciaperisjewels\/\",\"https:\/\/www.youtube.com\/channel\/UCbLZI0bC2wvj0PaS2aj99bA\"]}]}<\/script>\n<meta property=\"og:availability\" content=\"instock\" \/>\n<meta property=\"product:availability\" content=\"instock\" \/>\n<meta property=\"product:retailer_item_id\" content=\"c009s\" \/>\n<meta property=\"product:condition\" content=\"new\" \/>\n<!-- \/ Yoast SEO plugin. -->","yoast_head_json":{"title":"Alian\u00e7a de casament or negre de 18k per a home - Clem\u00e8ncia Peris","description":"Alian\u00e7a de casament. Anell de noces per a home en or negre brillant de 18k. Comprar anell de noces per a home a Clemencia Peris, la millor opci\u00f3 online.","robots":{"index":"index","follow":"follow","max-snippet":"max-snippet:-1","max-image-preview":"max-image-preview:large","max-video-preview":"max-video-preview:-1"},"canonical":"https:\/\/www.clemenciaperis.com\/ca\/p\/alianca-de-casament-or-negre-18k-home-009s\/","og_locale":"ca_ES","og_type":"article","og_title":"Alian\u00e7a de casament or negre de 18k per a home - Clem\u00e8ncia Peris","og_description":"Alian\u00e7a de casament. Anell de noces per a home en or negre brillant de 18k. Comprar anell de noces per a home a Clemencia Peris, la millor opci\u00f3 online.","og_url":"https:\/\/www.clemenciaperis.com\/ca\/p\/alianca-de-casament-or-negre-18k-home-009s\/","og_site_name":"Joieria Clem\u00e8ncia Peris \u00ae","article_publisher":"https:\/\/www.facebook.com\/clemenciaperisjewelry","article_modified_time":"2023-05-02T12:41:46+00:00","og_image":[{"width":500,"height":500,"url":"https:\/\/www.clemenciaperis.com\/wp-content\/uploads\/2020\/09\/C009S_Detail-image-C.webp","type":"image\/webp"}],"twitter_card":"summary_large_image","twitter_misc":{"Disponibilitat":"En estoc"},"schema":{"@context":"https:\/\/schema.org","@graph":[{"@type":"WebPage","@id":"https:\/\/www.clemenciaperis.com\/ca\/p\/alianca-de-casament-or-negre-18k-home-009s\/","url":"https:\/\/www.clemenciaperis.com\/ca\/p\/alianca-de-casament-or-negre-18k-home-009s\/","name":"Alian\u00e7a de casament or negre de 18k per a home - Clem\u00e8ncia Peris","isPartOf":{"@id":"https:\/\/www.clemenciaperis.com\/ca\/#website"},"primaryImageOfPage":{"@id":"https:\/\/www.clemenciaperis.com\/ca\/p\/alianca-de-casament-or-negre-18k-home-009s\/#primaryimage"},"image":{"@id":"https:\/\/www.clemenciaperis.com\/ca\/p\/alianca-de-casament-or-negre-18k-home-009s\/#primaryimage"},"thumbnailUrl":"https:\/\/www.clemenciaperis.com\/wp-content\/uploads\/2020\/09\/C009S_Detail-image-C-1.webp","datePublished":"2023-05-02T12:39:31+00:00","dateModified":"2023-05-02T12:41:46+00:00","description":"Alian\u00e7a de casament. Anell de noces per a home en or negre brillant de 18k. Comprar anell de noces per a home a Clemencia Peris, la millor opci\u00f3 online.","inLanguage":"ca","potentialAction":[{"@type":"ReadAction","target":["https:\/\/www.clemenciaperis.com\/ca\/p\/alianca-de-casament-or-negre-18k-home-009s\/"]}]},{"@type":"ImageObject","inLanguage":"ca","@id":"https:\/\/www.clemenciaperis.com\/ca\/p\/alianca-de-casament-or-negre-18k-home-009s\/#primaryimage","url":"https:\/\/www.clemenciaperis.com\/wp-content\/uploads\/2020\/09\/C009S_Detail-image-C-1.webp","contentUrl":"https:\/\/www.clemenciaperis.com\/wp-content\/uploads\/2020\/09\/C009S_Detail-image-C-1.webp","width":1000,"height":1000},{"@type":"BreadcrumbList","@id":"https:\/\/www.clemenciaperis.com\/ca\/p\/alianca-de-casament-or-negre-18k-home-009s\/#breadcrumb","itemListElement":[{"@type":"ListItem","position":1,"name":"Aliances de Casament","item":"https:\/\/www.clemenciaperis.com\/ca\/c\/aliances-de-casament\/"},{"@type":"ListItem","position":2,"name":"Aliances de boda d'or negre","item":"https:\/\/www.clemenciaperis.com\/ca\/c\/aliances-de-casament\/or-negre-2\/"},{"@type":"ListItem","position":3,"name":"Alian\u00e7a de casament or negre brilliant de 18k per a home"}]},{"@type":"WebSite","@id":"https:\/\/www.clemenciaperis.com\/ca\/#website","url":"https:\/\/www.clemenciaperis.com\/ca\/","name":"Joyer\u00eda Clem\u00e8ncia Peris \u00ae","description":"Joyer\u00eda exclusiva en Barcelona desde 1979: Anillos de compromiso, alianzas de boda y anillos de diamantes.","publisher":{"@id":"https:\/\/www.clemenciaperis.com\/ca\/#organization"},"potentialAction":[{"@type":"SearchAction","target":{"@type":"EntryPoint","urlTemplate":"https:\/\/www.clemenciaperis.com\/ca\/?s={search_term_string}"},"query-input":{"@type":"PropertyValueSpecification","valueRequired":true,"valueName":"search_term_string"}}],"inLanguage":"ca"},{"@type":"Organization","@id":"https:\/\/www.clemenciaperis.com\/ca\/#organization","name":"Joyer\u00eda Clem\u00e8ncia Peris \u00ae","url":"https:\/\/www.clemenciaperis.com\/ca\/","logo":{"@type":"ImageObject","inLanguage":"ca","@id":"https:\/\/www.clemenciaperis.com\/ca\/#\/schema\/logo\/image\/","url":"https:\/\/www.clemenciaperis.com\/wp-content\/uploads\/2023\/10\/Clemencia-peris-logo2.png","contentUrl":"https:\/\/www.clemenciaperis.com\/wp-content\/uploads\/2023\/10\/Clemencia-peris-logo2.png","width":400,"height":400,"caption":"Joyer\u00eda Clem\u00e8ncia Peris \u00ae"},"image":{"@id":"https:\/\/www.clemenciaperis.com\/ca\/#\/schema\/logo\/image\/"},"sameAs":["https:\/\/www.facebook.com\/clemenciaperisjewelry","https:\/\/www.instagram.com\/clemenciaperisjewels\/","https:\/\/www.youtube.com\/channel\/UCbLZI0bC2wvj0PaS2aj99bA"]}]},"og_availability":"instock","product_availability":"instock","product_retailer_item_id":"c009s","product_condition":"new"},"_links":{"self":[{"href":"https:\/\/www.clemenciaperis.com\/ca\/wp-json\/wp\/v2\/product\/61081","targetHints":{"allow":["GET"]}}],"collection":[{"href":"https:\/\/www.clemenciaperis.com\/ca\/wp-json\/wp\/v2\/product"}],"about":[{"href":"https:\/\/www.clemenciaperis.com\/ca\/wp-json\/wp\/v2\/types\/product"}],"wp:featuredmedia":[{"embeddable":true,"href":"https:\/\/www.clemenciaperis.com\/ca\/wp-json\/wp\/v2\/media\/131035"}],"wp:attachment":[{"href":"https:\/\/www.clemenciaperis.com\/ca\/wp-json\/wp\/v2\/media?parent=61081"}],"wp:term":[{"taxonomy":"product_brand","embeddable":true,"href":"https:\/\/www.clemenciaperis.com\/ca\/wp-json\/wp\/v2\/product_brand?post=61081"},{"taxonomy":"product_cat","embeddable":true,"href":"https:\/\/www.clemenciaperis.com\/ca\/wp-json\/wp\/v2\/product_cat?post=61081"},{"taxonomy":"product_tag","embeddable":true,"href":"https:\/\/www.clemenciaperis.com\/ca\/wp-json\/wp\/v2\/product_tag?post=61081"}],"curies":[{"name":"wp","href":"https:\/\/api.w.org\/{rel}","templated":true}]}}