{"id":52222,"date":"2023-01-26T11:16:02","date_gmt":"2023-01-26T11:16:02","guid":{"rendered":"http:\/\/clemenciaperis.es\/?post_type=product&#038;p=52222"},"modified":"2023-11-23T22:20:37","modified_gmt":"2023-11-23T20:20:37","slug":"riviere-de-diamants-en-or-blanc-grapa-quadrada-019c","status":"publish","type":"product","link":"https:\/\/www.clemenciaperis.com\/ca\/p\/riviere-de-diamants-en-or-blanc-grapa-quadrada-019c\/","title":{"rendered":"Riviere d&#8217;or blanc 18k amb diamants de 0,03qt"},"content":{"rendered":"<div class=\"col-md-12 col-xs-12 desc\">\n<div>\n<p>Simple i brillant, aquest bra\u00e7alet \u00e9s un cl\u00e0ssic. Es tracta d&#8217;una riviere amb diamants talla brillant de 0,03qt cadascun, muntura d&#8217;or blanc de 18kt, grapa quadrada i tancament de seguretat. Color: F \/ Puresa: VSI \/ Talla: Excellent \/ Certificat: CP\u00ae<\/p>\n<\/div>\n<\/div>\n","protected":false},"excerpt":{"rendered":"<p>Simple i brillant, aquest bra\u00e7alet \u00e9s un cl\u00e0ssic. Es tracta d&#8217;una riviere amb diamants talla brillant de 0,03qt cadascun, muntura d&#8217;or blanc de 18kt, grapa quadrada i tancament de seguretat. Color: F \/ Puresa: VSI \/ Talla: Excellent \/ Certificat: CP\u00ae<\/p>\n","protected":false},"featured_media":130900,"template":"","meta":{"_acf_changed":false},"product_brand":[],"product_cat":[102,118,144],"product_tag":[],"class_list":{"0":"post-52222","1":"product","2":"type-product","3":"status-publish","4":"has-post-thumbnail","6":"product_cat-brasalets","7":"product_cat-joieria","8":"product_cat-polseres-riviere","10":"first","11":"instock","12":"taxable","13":"shipping-taxable","14":"purchasable","15":"product-type-variable"},"acf":[],"yoast_head":"<!-- This site is optimized with the Yoast SEO plugin v24.8.1 - https:\/\/yoast.com\/wordpress\/plugins\/seo\/ -->\n<title>Riviere d&#039;or blanc 18k amb diamants de 0,03qt<\/title>\n<meta name=\"description\" content=\"Riviere amb diamants talla brillant de 0,03qt cadascun, muntura d&#039;or blanc de 18kt, grapa quadrada i tancament de seguretat.\" \/>\n<meta name=\"robots\" content=\"index, follow, max-snippet:-1, max-image-preview:large, max-video-preview:-1\" \/>\n<link rel=\"canonical\" href=\"https:\/\/www.clemenciaperis.com\/ca\/p\/riviere-de-diamants-en-or-blanc-grapa-quadrada-019c\/\" \/>\n<meta property=\"og:locale\" content=\"ca_ES\" \/>\n<meta property=\"og:type\" content=\"article\" \/>\n<meta property=\"og:title\" content=\"Riviere d&#039;or blanc 18k amb diamants de 0,03qt\" \/>\n<meta property=\"og:description\" content=\"Riviere amb diamants talla brillant de 0,03qt cadascun, muntura d&#039;or blanc de 18kt, grapa quadrada i tancament de seguretat.\" \/>\n<meta property=\"og:url\" content=\"https:\/\/www.clemenciaperis.com\/ca\/p\/riviere-de-diamants-en-or-blanc-grapa-quadrada-019c\/\" \/>\n<meta property=\"og:site_name\" content=\"Joieria Clem\u00e8ncia Peris \u00ae\" \/>\n<meta property=\"article:publisher\" content=\"https:\/\/www.facebook.com\/clemenciaperisjewelry\" \/>\n<meta property=\"article:modified_time\" content=\"2023-11-23T20:20:37+00:00\" \/>\n<meta property=\"og:image\" content=\"https:\/\/www.clemenciaperis.com\/wp-content\/uploads\/2020\/09\/BZ019C_Bracelet-B.webp\" \/>\n\t<meta property=\"og:image:width\" content=\"500\" \/>\n\t<meta property=\"og:image:height\" content=\"500\" \/>\n\t<meta property=\"og:image:type\" content=\"image\/webp\" \/>\n<meta name=\"twitter:card\" content=\"summary_large_image\" \/>\n<meta name=\"twitter:label1\" content=\"Disponibilitat\" \/>\n\t<meta name=\"twitter:data1\" content=\"En estoc\" \/>\n<script type=\"application\/ld+json\" class=\"yoast-schema-graph\">{\"@context\":\"https:\/\/schema.org\",\"@graph\":[{\"@type\":\"WebPage\",\"@id\":\"https:\/\/www.clemenciaperis.com\/ca\/p\/riviere-de-diamants-en-or-blanc-grapa-quadrada-019c\/\",\"url\":\"https:\/\/www.clemenciaperis.com\/ca\/p\/riviere-de-diamants-en-or-blanc-grapa-quadrada-019c\/\",\"name\":\"Riviere d'or blanc 18k amb diamants de 0,03qt\",\"isPartOf\":{\"@id\":\"https:\/\/www.clemenciaperis.com\/ca\/#website\"},\"primaryImageOfPage\":{\"@id\":\"https:\/\/www.clemenciaperis.com\/ca\/p\/riviere-de-diamants-en-or-blanc-grapa-quadrada-019c\/#primaryimage\"},\"image\":{\"@id\":\"https:\/\/www.clemenciaperis.com\/ca\/p\/riviere-de-diamants-en-or-blanc-grapa-quadrada-019c\/#primaryimage\"},\"thumbnailUrl\":\"https:\/\/www.clemenciaperis.com\/wp-content\/uploads\/2023\/07\/BZ019C_Bracelet-B.webp\",\"datePublished\":\"2023-01-26T11:16:02+00:00\",\"dateModified\":\"2023-11-23T20:20:37+00:00\",\"description\":\"Riviere amb diamants talla brillant de 0,03qt cadascun, muntura d'or blanc de 18kt, grapa quadrada i tancament de seguretat.\",\"inLanguage\":\"ca\",\"potentialAction\":[{\"@type\":\"ReadAction\",\"target\":[\"https:\/\/www.clemenciaperis.com\/ca\/p\/riviere-de-diamants-en-or-blanc-grapa-quadrada-019c\/\"]}]},{\"@type\":\"ImageObject\",\"inLanguage\":\"ca\",\"@id\":\"https:\/\/www.clemenciaperis.com\/ca\/p\/riviere-de-diamants-en-or-blanc-grapa-quadrada-019c\/#primaryimage\",\"url\":\"https:\/\/www.clemenciaperis.com\/wp-content\/uploads\/2023\/07\/BZ019C_Bracelet-B.webp\",\"contentUrl\":\"https:\/\/www.clemenciaperis.com\/wp-content\/uploads\/2023\/07\/BZ019C_Bracelet-B.webp\",\"width\":1000,\"height\":1000},{\"@type\":\"BreadcrumbList\",\"@id\":\"https:\/\/www.clemenciaperis.com\/ca\/p\/riviere-de-diamants-en-or-blanc-grapa-quadrada-019c\/#breadcrumb\",\"itemListElement\":[{\"@type\":\"ListItem\",\"position\":1,\"name\":\"Joieria\",\"item\":\"https:\/\/www.clemenciaperis.com\/ca\/c\/joieria\/\"},{\"@type\":\"ListItem\",\"position\":2,\"name\":\"Bra\u00e7alets\",\"item\":\"https:\/\/www.clemenciaperis.com\/ca\/c\/joieria\/brasalets\/\"},{\"@type\":\"ListItem\",\"position\":3,\"name\":\"Polseres riviere\",\"item\":\"https:\/\/www.clemenciaperis.com\/ca\/c\/joieria\/brasalets\/polseres-riviere\/\"},{\"@type\":\"ListItem\",\"position\":4,\"name\":\"Riviere d&#8217;or blanc 18k amb diamants de 0,03qt\"}]},{\"@type\":\"WebSite\",\"@id\":\"https:\/\/www.clemenciaperis.com\/ca\/#website\",\"url\":\"https:\/\/www.clemenciaperis.com\/ca\/\",\"name\":\"Joyer\u00eda Clem\u00e8ncia Peris \u00ae\",\"description\":\"Joyer\u00eda exclusiva en Barcelona desde 1979: Anillos de compromiso, alianzas de boda y anillos de diamantes.\",\"publisher\":{\"@id\":\"https:\/\/www.clemenciaperis.com\/ca\/#organization\"},\"potentialAction\":[{\"@type\":\"SearchAction\",\"target\":{\"@type\":\"EntryPoint\",\"urlTemplate\":\"https:\/\/www.clemenciaperis.com\/ca\/?s={search_term_string}\"},\"query-input\":{\"@type\":\"PropertyValueSpecification\",\"valueRequired\":true,\"valueName\":\"search_term_string\"}}],\"inLanguage\":\"ca\"},{\"@type\":\"Organization\",\"@id\":\"https:\/\/www.clemenciaperis.com\/ca\/#organization\",\"name\":\"Joyer\u00eda Clem\u00e8ncia Peris \u00ae\",\"url\":\"https:\/\/www.clemenciaperis.com\/ca\/\",\"logo\":{\"@type\":\"ImageObject\",\"inLanguage\":\"ca\",\"@id\":\"https:\/\/www.clemenciaperis.com\/ca\/#\/schema\/logo\/image\/\",\"url\":\"https:\/\/www.clemenciaperis.com\/wp-content\/uploads\/2023\/10\/Clemencia-peris-logo2.png\",\"contentUrl\":\"https:\/\/www.clemenciaperis.com\/wp-content\/uploads\/2023\/10\/Clemencia-peris-logo2.png\",\"width\":400,\"height\":400,\"caption\":\"Joyer\u00eda Clem\u00e8ncia Peris \u00ae\"},\"image\":{\"@id\":\"https:\/\/www.clemenciaperis.com\/ca\/#\/schema\/logo\/image\/\"},\"sameAs\":[\"https:\/\/www.facebook.com\/clemenciaperisjewelry\",\"https:\/\/www.instagram.com\/clemenciaperisjewels\/\",\"https:\/\/www.youtube.com\/channel\/UCbLZI0bC2wvj0PaS2aj99bA\"]}]}<\/script>\n<meta property=\"og:availability\" content=\"instock\" \/>\n<meta property=\"product:availability\" content=\"instock\" \/>\n<meta property=\"product:retailer_item_id\" content=\"bz019c\" \/>\n<meta property=\"product:condition\" content=\"new\" \/>\n<!-- \/ Yoast SEO plugin. -->","yoast_head_json":{"title":"Riviere d'or blanc 18k amb diamants de 0,03qt","description":"Riviere amb diamants talla brillant de 0,03qt cadascun, muntura d'or blanc de 18kt, grapa quadrada i tancament de seguretat.","robots":{"index":"index","follow":"follow","max-snippet":"max-snippet:-1","max-image-preview":"max-image-preview:large","max-video-preview":"max-video-preview:-1"},"canonical":"https:\/\/www.clemenciaperis.com\/ca\/p\/riviere-de-diamants-en-or-blanc-grapa-quadrada-019c\/","og_locale":"ca_ES","og_type":"article","og_title":"Riviere d'or blanc 18k amb diamants de 0,03qt","og_description":"Riviere amb diamants talla brillant de 0,03qt cadascun, muntura d'or blanc de 18kt, grapa quadrada i tancament de seguretat.","og_url":"https:\/\/www.clemenciaperis.com\/ca\/p\/riviere-de-diamants-en-or-blanc-grapa-quadrada-019c\/","og_site_name":"Joieria Clem\u00e8ncia Peris \u00ae","article_publisher":"https:\/\/www.facebook.com\/clemenciaperisjewelry","article_modified_time":"2023-11-23T20:20:37+00:00","og_image":[{"width":500,"height":500,"url":"https:\/\/www.clemenciaperis.com\/wp-content\/uploads\/2020\/09\/BZ019C_Bracelet-B.webp","type":"image\/webp"}],"twitter_card":"summary_large_image","twitter_misc":{"Disponibilitat":"En estoc"},"schema":{"@context":"https:\/\/schema.org","@graph":[{"@type":"WebPage","@id":"https:\/\/www.clemenciaperis.com\/ca\/p\/riviere-de-diamants-en-or-blanc-grapa-quadrada-019c\/","url":"https:\/\/www.clemenciaperis.com\/ca\/p\/riviere-de-diamants-en-or-blanc-grapa-quadrada-019c\/","name":"Riviere d'or blanc 18k amb diamants de 0,03qt","isPartOf":{"@id":"https:\/\/www.clemenciaperis.com\/ca\/#website"},"primaryImageOfPage":{"@id":"https:\/\/www.clemenciaperis.com\/ca\/p\/riviere-de-diamants-en-or-blanc-grapa-quadrada-019c\/#primaryimage"},"image":{"@id":"https:\/\/www.clemenciaperis.com\/ca\/p\/riviere-de-diamants-en-or-blanc-grapa-quadrada-019c\/#primaryimage"},"thumbnailUrl":"https:\/\/www.clemenciaperis.com\/wp-content\/uploads\/2023\/07\/BZ019C_Bracelet-B.webp","datePublished":"2023-01-26T11:16:02+00:00","dateModified":"2023-11-23T20:20:37+00:00","description":"Riviere amb diamants talla brillant de 0,03qt cadascun, muntura d'or blanc de 18kt, grapa quadrada i tancament de seguretat.","inLanguage":"ca","potentialAction":[{"@type":"ReadAction","target":["https:\/\/www.clemenciaperis.com\/ca\/p\/riviere-de-diamants-en-or-blanc-grapa-quadrada-019c\/"]}]},{"@type":"ImageObject","inLanguage":"ca","@id":"https:\/\/www.clemenciaperis.com\/ca\/p\/riviere-de-diamants-en-or-blanc-grapa-quadrada-019c\/#primaryimage","url":"https:\/\/www.clemenciaperis.com\/wp-content\/uploads\/2023\/07\/BZ019C_Bracelet-B.webp","contentUrl":"https:\/\/www.clemenciaperis.com\/wp-content\/uploads\/2023\/07\/BZ019C_Bracelet-B.webp","width":1000,"height":1000},{"@type":"BreadcrumbList","@id":"https:\/\/www.clemenciaperis.com\/ca\/p\/riviere-de-diamants-en-or-blanc-grapa-quadrada-019c\/#breadcrumb","itemListElement":[{"@type":"ListItem","position":1,"name":"Joieria","item":"https:\/\/www.clemenciaperis.com\/ca\/c\/joieria\/"},{"@type":"ListItem","position":2,"name":"Bra\u00e7alets","item":"https:\/\/www.clemenciaperis.com\/ca\/c\/joieria\/brasalets\/"},{"@type":"ListItem","position":3,"name":"Polseres riviere","item":"https:\/\/www.clemenciaperis.com\/ca\/c\/joieria\/brasalets\/polseres-riviere\/"},{"@type":"ListItem","position":4,"name":"Riviere d&#8217;or blanc 18k amb diamants de 0,03qt"}]},{"@type":"WebSite","@id":"https:\/\/www.clemenciaperis.com\/ca\/#website","url":"https:\/\/www.clemenciaperis.com\/ca\/","name":"Joyer\u00eda Clem\u00e8ncia Peris \u00ae","description":"Joyer\u00eda exclusiva en Barcelona desde 1979: Anillos de compromiso, alianzas de boda y anillos de diamantes.","publisher":{"@id":"https:\/\/www.clemenciaperis.com\/ca\/#organization"},"potentialAction":[{"@type":"SearchAction","target":{"@type":"EntryPoint","urlTemplate":"https:\/\/www.clemenciaperis.com\/ca\/?s={search_term_string}"},"query-input":{"@type":"PropertyValueSpecification","valueRequired":true,"valueName":"search_term_string"}}],"inLanguage":"ca"},{"@type":"Organization","@id":"https:\/\/www.clemenciaperis.com\/ca\/#organization","name":"Joyer\u00eda Clem\u00e8ncia Peris \u00ae","url":"https:\/\/www.clemenciaperis.com\/ca\/","logo":{"@type":"ImageObject","inLanguage":"ca","@id":"https:\/\/www.clemenciaperis.com\/ca\/#\/schema\/logo\/image\/","url":"https:\/\/www.clemenciaperis.com\/wp-content\/uploads\/2023\/10\/Clemencia-peris-logo2.png","contentUrl":"https:\/\/www.clemenciaperis.com\/wp-content\/uploads\/2023\/10\/Clemencia-peris-logo2.png","width":400,"height":400,"caption":"Joyer\u00eda Clem\u00e8ncia Peris \u00ae"},"image":{"@id":"https:\/\/www.clemenciaperis.com\/ca\/#\/schema\/logo\/image\/"},"sameAs":["https:\/\/www.facebook.com\/clemenciaperisjewelry","https:\/\/www.instagram.com\/clemenciaperisjewels\/","https:\/\/www.youtube.com\/channel\/UCbLZI0bC2wvj0PaS2aj99bA"]}]},"og_availability":"instock","product_availability":"instock","product_retailer_item_id":"bz019c","product_condition":"new"},"_links":{"self":[{"href":"https:\/\/www.clemenciaperis.com\/ca\/wp-json\/wp\/v2\/product\/52222","targetHints":{"allow":["GET"]}}],"collection":[{"href":"https:\/\/www.clemenciaperis.com\/ca\/wp-json\/wp\/v2\/product"}],"about":[{"href":"https:\/\/www.clemenciaperis.com\/ca\/wp-json\/wp\/v2\/types\/product"}],"wp:featuredmedia":[{"embeddable":true,"href":"https:\/\/www.clemenciaperis.com\/ca\/wp-json\/wp\/v2\/media\/130900"}],"wp:attachment":[{"href":"https:\/\/www.clemenciaperis.com\/ca\/wp-json\/wp\/v2\/media?parent=52222"}],"wp:term":[{"taxonomy":"product_brand","embeddable":true,"href":"https:\/\/www.clemenciaperis.com\/ca\/wp-json\/wp\/v2\/product_brand?post=52222"},{"taxonomy":"product_cat","embeddable":true,"href":"https:\/\/www.clemenciaperis.com\/ca\/wp-json\/wp\/v2\/product_cat?post=52222"},{"taxonomy":"product_tag","embeddable":true,"href":"https:\/\/www.clemenciaperis.com\/ca\/wp-json\/wp\/v2\/product_tag?post=52222"}],"curies":[{"name":"wp","href":"https:\/\/api.w.org\/{rel}","templated":true}]}}