{"id":34652,"date":"2023-01-03T07:50:10","date_gmt":"2023-01-03T07:50:10","guid":{"rendered":"http:\/\/clemenciaperis.es\/?post_type=product&#038;p=34652"},"modified":"2023-02-06T16:52:41","modified_gmt":"2023-02-06T16:52:41","slug":"anells-de-compromis-or-blanc-190-diamants-2-diamants-centrals-057","status":"publish","type":"product","link":"https:\/\/www.clemenciaperis.com\/ca\/p\/anells-de-compromis-or-blanc-190-diamants-2-diamants-centrals-057\/","title":{"rendered":"Anells de Comprom\u00eds or blanc amb 190 diamants i 2 diamants centrals"},"content":{"rendered":"<div class=\"col-md-12 col-xs-12 desc\">\n<div>\n<p>En la col\u00b7lecci\u00f3 \u201cL\u2019art de ser \u00fanic\u201d no nom\u00e9s \u00e9s original el seu disseny sin\u00f3 que tamb\u00e9 ho \u00e9s la categoria dels seus diamants principals, d&#8217;un quirat cadascun, i dels 190 diamants, en pav\u00e9 amb un pes de 3,32ct, que guarneixen un dels seus bra\u00e7os. A l&#8217;altre, l&#8217;<strong>or blanc de 18k<\/strong> contrasta amb el seu acabat i alleugera visualment la composici\u00f3.<\/p>\n<p><strong>Anells de comprom\u00eds Col\u00b7lecci\u00f3 L&#8217;art de ser \u00fanic<\/strong><\/p>\n<\/div>\n<\/div>\n","protected":false},"excerpt":{"rendered":"<p>En la col\u00b7lecci\u00f3 \u201cL\u2019art de ser \u00fanic\u201d no nom\u00e9s \u00e9s original el seu disseny sin\u00f3 que tamb\u00e9 ho \u00e9s la categoria dels seus diamants principals, d&#8217;un quirat cadascun, i dels 190 diamants, en pav\u00e9 amb un pes de 3,32ct, que guarneixen un dels seus bra\u00e7os. A l&#8217;altre, l&#8217;or blanc de 18k contrasta amb el seu [&hellip;]<\/p>\n","protected":false},"featured_media":129976,"template":"","meta":{"_acf_changed":false},"product_brand":[],"product_cat":[130,150,113,121,96],"product_tag":[],"class_list":{"0":"post-34652","1":"product","2":"type-product","3":"status-publish","4":"has-post-thumbnail","6":"product_cat-or-blanc","7":"product_cat-talla-brillant","8":"product_cat-exclusius","9":"product_cat-moderns","10":"product_cat-anells-de-compromis","12":"first","13":"instock","14":"taxable","15":"shipping-taxable","16":"purchasable","17":"product-type-variable"},"acf":[],"yoast_head":"<!-- This site is optimized with the Yoast SEO plugin v24.8.1 - https:\/\/yoast.com\/wordpress\/plugins\/seo\/ -->\n<title>Anells de Comprom\u00eds - 190 diamants | Joieria de Disseny - Joieria Clem\u00e8ncia Peris \u00ae<\/title>\n<meta name=\"description\" content=\"Anells de Comprom\u00eds, or blanc amb 190 diamants i 2 diamants centrals. Comprar anells de comprom\u00eds en Clemencia Peris a la millor opci\u00f3.\" \/>\n<meta name=\"robots\" content=\"index, follow, max-snippet:-1, max-image-preview:large, max-video-preview:-1\" \/>\n<link rel=\"canonical\" href=\"https:\/\/www.clemenciaperis.com\/ca\/p\/anells-de-compromis-or-blanc-190-diamants-2-diamants-centrals-057\/\" \/>\n<meta property=\"og:locale\" content=\"ca_ES\" \/>\n<meta property=\"og:type\" content=\"article\" \/>\n<meta property=\"og:title\" content=\"Anells de Comprom\u00eds - 190 diamants | Joieria de Disseny - Joieria Clem\u00e8ncia Peris \u00ae\" \/>\n<meta property=\"og:description\" content=\"Anells de Comprom\u00eds, or blanc amb 190 diamants i 2 diamants centrals. Comprar anells de comprom\u00eds en Clemencia Peris a la millor opci\u00f3.\" \/>\n<meta property=\"og:url\" content=\"https:\/\/www.clemenciaperis.com\/ca\/p\/anells-de-compromis-or-blanc-190-diamants-2-diamants-centrals-057\/\" \/>\n<meta property=\"og:site_name\" content=\"Joieria Clem\u00e8ncia Peris \u00ae\" \/>\n<meta property=\"article:publisher\" content=\"https:\/\/www.facebook.com\/clemenciaperisjewelry\" \/>\n<meta property=\"article:modified_time\" content=\"2023-02-06T16:52:41+00:00\" \/>\n<meta property=\"og:image\" content=\"https:\/\/www.clemenciaperis.com\/wp-content\/uploads\/2022\/09\/AC057_detail-image-C.webp\" \/>\n\t<meta property=\"og:image:width\" content=\"500\" \/>\n\t<meta property=\"og:image:height\" content=\"500\" \/>\n\t<meta property=\"og:image:type\" content=\"image\/webp\" \/>\n<meta name=\"twitter:card\" content=\"summary_large_image\" \/>\n<meta name=\"twitter:label1\" content=\"Disponibilitat\" \/>\n\t<meta name=\"twitter:data1\" content=\"En estoc\" \/>\n<script type=\"application\/ld+json\" class=\"yoast-schema-graph\">{\"@context\":\"https:\/\/schema.org\",\"@graph\":[{\"@type\":\"WebPage\",\"@id\":\"https:\/\/www.clemenciaperis.com\/ca\/p\/anells-de-compromis-or-blanc-190-diamants-2-diamants-centrals-057\/\",\"url\":\"https:\/\/www.clemenciaperis.com\/ca\/p\/anells-de-compromis-or-blanc-190-diamants-2-diamants-centrals-057\/\",\"name\":\"Anells de Comprom\u00eds - 190 diamants | Joieria de Disseny - Joieria Clem\u00e8ncia Peris \u00ae\",\"isPartOf\":{\"@id\":\"https:\/\/www.clemenciaperis.com\/ca\/#website\"},\"primaryImageOfPage\":{\"@id\":\"https:\/\/www.clemenciaperis.com\/ca\/p\/anells-de-compromis-or-blanc-190-diamants-2-diamants-centrals-057\/#primaryimage\"},\"image\":{\"@id\":\"https:\/\/www.clemenciaperis.com\/ca\/p\/anells-de-compromis-or-blanc-190-diamants-2-diamants-centrals-057\/#primaryimage\"},\"thumbnailUrl\":\"https:\/\/www.clemenciaperis.com\/wp-content\/uploads\/2022\/09\/AC057_detail-image-C-1.webp\",\"datePublished\":\"2023-01-03T07:50:10+00:00\",\"dateModified\":\"2023-02-06T16:52:41+00:00\",\"description\":\"Anells de Comprom\u00eds, or blanc amb 190 diamants i 2 diamants centrals. Comprar anells de comprom\u00eds en Clemencia Peris a la millor opci\u00f3.\",\"inLanguage\":\"ca\",\"potentialAction\":[{\"@type\":\"ReadAction\",\"target\":[\"https:\/\/www.clemenciaperis.com\/ca\/p\/anells-de-compromis-or-blanc-190-diamants-2-diamants-centrals-057\/\"]}]},{\"@type\":\"ImageObject\",\"inLanguage\":\"ca\",\"@id\":\"https:\/\/www.clemenciaperis.com\/ca\/p\/anells-de-compromis-or-blanc-190-diamants-2-diamants-centrals-057\/#primaryimage\",\"url\":\"https:\/\/www.clemenciaperis.com\/wp-content\/uploads\/2022\/09\/AC057_detail-image-C-1.webp\",\"contentUrl\":\"https:\/\/www.clemenciaperis.com\/wp-content\/uploads\/2022\/09\/AC057_detail-image-C-1.webp\",\"width\":1000,\"height\":1000},{\"@type\":\"BreadcrumbList\",\"@id\":\"https:\/\/www.clemenciaperis.com\/ca\/p\/anells-de-compromis-or-blanc-190-diamants-2-diamants-centrals-057\/#breadcrumb\",\"itemListElement\":[{\"@type\":\"ListItem\",\"position\":1,\"name\":\"Anells de Comprom\u00eds\",\"item\":\"https:\/\/www.clemenciaperis.com\/ca\/c\/anells-de-compromis\/\"},{\"@type\":\"ListItem\",\"position\":2,\"name\":\"Anells de comprom\u00eds d'or blanc\",\"item\":\"https:\/\/www.clemenciaperis.com\/ca\/c\/anells-de-compromis\/or-blanc\/\"},{\"@type\":\"ListItem\",\"position\":3,\"name\":\"Anells de Comprom\u00eds or blanc amb 190 diamants i 2 diamants centrals\"}]},{\"@type\":\"WebSite\",\"@id\":\"https:\/\/www.clemenciaperis.com\/ca\/#website\",\"url\":\"https:\/\/www.clemenciaperis.com\/ca\/\",\"name\":\"Joyer\u00eda Clem\u00e8ncia Peris \u00ae\",\"description\":\"Joyer\u00eda exclusiva en Barcelona desde 1979: Anillos de compromiso, alianzas de boda y anillos de diamantes.\",\"publisher\":{\"@id\":\"https:\/\/www.clemenciaperis.com\/ca\/#organization\"},\"potentialAction\":[{\"@type\":\"SearchAction\",\"target\":{\"@type\":\"EntryPoint\",\"urlTemplate\":\"https:\/\/www.clemenciaperis.com\/ca\/?s={search_term_string}\"},\"query-input\":{\"@type\":\"PropertyValueSpecification\",\"valueRequired\":true,\"valueName\":\"search_term_string\"}}],\"inLanguage\":\"ca\"},{\"@type\":\"Organization\",\"@id\":\"https:\/\/www.clemenciaperis.com\/ca\/#organization\",\"name\":\"Joyer\u00eda Clem\u00e8ncia Peris \u00ae\",\"url\":\"https:\/\/www.clemenciaperis.com\/ca\/\",\"logo\":{\"@type\":\"ImageObject\",\"inLanguage\":\"ca\",\"@id\":\"https:\/\/www.clemenciaperis.com\/ca\/#\/schema\/logo\/image\/\",\"url\":\"https:\/\/www.clemenciaperis.com\/wp-content\/uploads\/2023\/10\/Clemencia-peris-logo2.png\",\"contentUrl\":\"https:\/\/www.clemenciaperis.com\/wp-content\/uploads\/2023\/10\/Clemencia-peris-logo2.png\",\"width\":400,\"height\":400,\"caption\":\"Joyer\u00eda Clem\u00e8ncia Peris \u00ae\"},\"image\":{\"@id\":\"https:\/\/www.clemenciaperis.com\/ca\/#\/schema\/logo\/image\/\"},\"sameAs\":[\"https:\/\/www.facebook.com\/clemenciaperisjewelry\",\"https:\/\/www.instagram.com\/clemenciaperisjewels\/\",\"https:\/\/www.youtube.com\/channel\/UCbLZI0bC2wvj0PaS2aj99bA\"]}]}<\/script>\n<meta property=\"og:availability\" content=\"instock\" \/>\n<meta property=\"product:availability\" content=\"instock\" \/>\n<meta property=\"product:retailer_item_id\" content=\"ac057\" \/>\n<meta property=\"product:condition\" content=\"new\" \/>\n<!-- \/ Yoast SEO plugin. -->","yoast_head_json":{"title":"Anells de Comprom\u00eds - 190 diamants | Joieria de Disseny - Joieria Clem\u00e8ncia Peris \u00ae","description":"Anells de Comprom\u00eds, or blanc amb 190 diamants i 2 diamants centrals. Comprar anells de comprom\u00eds en Clemencia Peris a la millor opci\u00f3.","robots":{"index":"index","follow":"follow","max-snippet":"max-snippet:-1","max-image-preview":"max-image-preview:large","max-video-preview":"max-video-preview:-1"},"canonical":"https:\/\/www.clemenciaperis.com\/ca\/p\/anells-de-compromis-or-blanc-190-diamants-2-diamants-centrals-057\/","og_locale":"ca_ES","og_type":"article","og_title":"Anells de Comprom\u00eds - 190 diamants | Joieria de Disseny - Joieria Clem\u00e8ncia Peris \u00ae","og_description":"Anells de Comprom\u00eds, or blanc amb 190 diamants i 2 diamants centrals. Comprar anells de comprom\u00eds en Clemencia Peris a la millor opci\u00f3.","og_url":"https:\/\/www.clemenciaperis.com\/ca\/p\/anells-de-compromis-or-blanc-190-diamants-2-diamants-centrals-057\/","og_site_name":"Joieria Clem\u00e8ncia Peris \u00ae","article_publisher":"https:\/\/www.facebook.com\/clemenciaperisjewelry","article_modified_time":"2023-02-06T16:52:41+00:00","og_image":[{"width":500,"height":500,"url":"https:\/\/www.clemenciaperis.com\/wp-content\/uploads\/2022\/09\/AC057_detail-image-C.webp","type":"image\/webp"}],"twitter_card":"summary_large_image","twitter_misc":{"Disponibilitat":"En estoc"},"schema":{"@context":"https:\/\/schema.org","@graph":[{"@type":"WebPage","@id":"https:\/\/www.clemenciaperis.com\/ca\/p\/anells-de-compromis-or-blanc-190-diamants-2-diamants-centrals-057\/","url":"https:\/\/www.clemenciaperis.com\/ca\/p\/anells-de-compromis-or-blanc-190-diamants-2-diamants-centrals-057\/","name":"Anells de Comprom\u00eds - 190 diamants | Joieria de Disseny - Joieria Clem\u00e8ncia Peris \u00ae","isPartOf":{"@id":"https:\/\/www.clemenciaperis.com\/ca\/#website"},"primaryImageOfPage":{"@id":"https:\/\/www.clemenciaperis.com\/ca\/p\/anells-de-compromis-or-blanc-190-diamants-2-diamants-centrals-057\/#primaryimage"},"image":{"@id":"https:\/\/www.clemenciaperis.com\/ca\/p\/anells-de-compromis-or-blanc-190-diamants-2-diamants-centrals-057\/#primaryimage"},"thumbnailUrl":"https:\/\/www.clemenciaperis.com\/wp-content\/uploads\/2022\/09\/AC057_detail-image-C-1.webp","datePublished":"2023-01-03T07:50:10+00:00","dateModified":"2023-02-06T16:52:41+00:00","description":"Anells de Comprom\u00eds, or blanc amb 190 diamants i 2 diamants centrals. Comprar anells de comprom\u00eds en Clemencia Peris a la millor opci\u00f3.","inLanguage":"ca","potentialAction":[{"@type":"ReadAction","target":["https:\/\/www.clemenciaperis.com\/ca\/p\/anells-de-compromis-or-blanc-190-diamants-2-diamants-centrals-057\/"]}]},{"@type":"ImageObject","inLanguage":"ca","@id":"https:\/\/www.clemenciaperis.com\/ca\/p\/anells-de-compromis-or-blanc-190-diamants-2-diamants-centrals-057\/#primaryimage","url":"https:\/\/www.clemenciaperis.com\/wp-content\/uploads\/2022\/09\/AC057_detail-image-C-1.webp","contentUrl":"https:\/\/www.clemenciaperis.com\/wp-content\/uploads\/2022\/09\/AC057_detail-image-C-1.webp","width":1000,"height":1000},{"@type":"BreadcrumbList","@id":"https:\/\/www.clemenciaperis.com\/ca\/p\/anells-de-compromis-or-blanc-190-diamants-2-diamants-centrals-057\/#breadcrumb","itemListElement":[{"@type":"ListItem","position":1,"name":"Anells de Comprom\u00eds","item":"https:\/\/www.clemenciaperis.com\/ca\/c\/anells-de-compromis\/"},{"@type":"ListItem","position":2,"name":"Anells de comprom\u00eds d'or blanc","item":"https:\/\/www.clemenciaperis.com\/ca\/c\/anells-de-compromis\/or-blanc\/"},{"@type":"ListItem","position":3,"name":"Anells de Comprom\u00eds or blanc amb 190 diamants i 2 diamants centrals"}]},{"@type":"WebSite","@id":"https:\/\/www.clemenciaperis.com\/ca\/#website","url":"https:\/\/www.clemenciaperis.com\/ca\/","name":"Joyer\u00eda Clem\u00e8ncia Peris \u00ae","description":"Joyer\u00eda exclusiva en Barcelona desde 1979: Anillos de compromiso, alianzas de boda y anillos de diamantes.","publisher":{"@id":"https:\/\/www.clemenciaperis.com\/ca\/#organization"},"potentialAction":[{"@type":"SearchAction","target":{"@type":"EntryPoint","urlTemplate":"https:\/\/www.clemenciaperis.com\/ca\/?s={search_term_string}"},"query-input":{"@type":"PropertyValueSpecification","valueRequired":true,"valueName":"search_term_string"}}],"inLanguage":"ca"},{"@type":"Organization","@id":"https:\/\/www.clemenciaperis.com\/ca\/#organization","name":"Joyer\u00eda Clem\u00e8ncia Peris \u00ae","url":"https:\/\/www.clemenciaperis.com\/ca\/","logo":{"@type":"ImageObject","inLanguage":"ca","@id":"https:\/\/www.clemenciaperis.com\/ca\/#\/schema\/logo\/image\/","url":"https:\/\/www.clemenciaperis.com\/wp-content\/uploads\/2023\/10\/Clemencia-peris-logo2.png","contentUrl":"https:\/\/www.clemenciaperis.com\/wp-content\/uploads\/2023\/10\/Clemencia-peris-logo2.png","width":400,"height":400,"caption":"Joyer\u00eda Clem\u00e8ncia Peris \u00ae"},"image":{"@id":"https:\/\/www.clemenciaperis.com\/ca\/#\/schema\/logo\/image\/"},"sameAs":["https:\/\/www.facebook.com\/clemenciaperisjewelry","https:\/\/www.instagram.com\/clemenciaperisjewels\/","https:\/\/www.youtube.com\/channel\/UCbLZI0bC2wvj0PaS2aj99bA"]}]},"og_availability":"instock","product_availability":"instock","product_retailer_item_id":"ac057","product_condition":"new"},"_links":{"self":[{"href":"https:\/\/www.clemenciaperis.com\/ca\/wp-json\/wp\/v2\/product\/34652","targetHints":{"allow":["GET"]}}],"collection":[{"href":"https:\/\/www.clemenciaperis.com\/ca\/wp-json\/wp\/v2\/product"}],"about":[{"href":"https:\/\/www.clemenciaperis.com\/ca\/wp-json\/wp\/v2\/types\/product"}],"wp:featuredmedia":[{"embeddable":true,"href":"https:\/\/www.clemenciaperis.com\/ca\/wp-json\/wp\/v2\/media\/129976"}],"wp:attachment":[{"href":"https:\/\/www.clemenciaperis.com\/ca\/wp-json\/wp\/v2\/media?parent=34652"}],"wp:term":[{"taxonomy":"product_brand","embeddable":true,"href":"https:\/\/www.clemenciaperis.com\/ca\/wp-json\/wp\/v2\/product_brand?post=34652"},{"taxonomy":"product_cat","embeddable":true,"href":"https:\/\/www.clemenciaperis.com\/ca\/wp-json\/wp\/v2\/product_cat?post=34652"},{"taxonomy":"product_tag","embeddable":true,"href":"https:\/\/www.clemenciaperis.com\/ca\/wp-json\/wp\/v2\/product_tag?post=34652"}],"curies":[{"name":"wp","href":"https:\/\/api.w.org\/{rel}","templated":true}]}}