{"id":33073,"date":"2023-01-02T17:08:32","date_gmt":"2023-01-02T17:08:32","guid":{"rendered":"http:\/\/clemenciaperis.es\/?post_type=product&#038;p=33073"},"modified":"2023-10-24T20:37:19","modified_gmt":"2023-10-24T18:37:19","slug":"aliances-de-casament-or-blanc-18k-diamants-055","status":"publish","type":"product","link":"https:\/\/www.clemenciaperis.com\/ca\/p\/aliances-de-casament-or-blanc-18k-diamants-055\/","title":{"rendered":"Alian\u00e7a de boda amb brillants en or blanc de 18k"},"content":{"rendered":"<div class=\"col-md-12 col-xs-12 desc\">\n<p>Alian\u00e7a de boda amb brillants realitzada en or blanc de 18kt. Un disseny impecable amb muntura de grapa compartida. Aquesta alian\u00e7a \u00e9s una meravella est\u00e8tica per als nostres ulls, una brillant exhibici\u00f3 de les nostres emocions. <em>*Consultar preu per a altres talles.<\/em><\/p>\n<\/div>\n","protected":false},"excerpt":{"rendered":"<p>Alian\u00e7a de boda amb brillants realitzada en or blanc de 18kt. Un disseny impecable amb muntura de grapa compartida. Aquesta alian\u00e7a \u00e9s una meravella est\u00e8tica per als nostres ulls, una brillant exhibici\u00f3 de les nostres emocions. *Consultar preu per a altres talles.<\/p>\n","protected":false},"featured_media":129918,"template":"","meta":{"_acf_changed":false},"product_brand":[],"product_cat":[131,109,94],"product_tag":[],"class_list":{"0":"post-33073","1":"product","2":"type-product","3":"status-publish","4":"has-post-thumbnail","6":"product_cat-or-blanc-2","7":"product_cat-diamants-2","8":"product_cat-aliances-de-casament","10":"first","11":"instock","12":"taxable","13":"shipping-taxable","14":"product-type-variable"},"acf":[],"yoast_head":"<!-- This site is optimized with the Yoast SEO plugin v24.8.1 - https:\/\/yoast.com\/wordpress\/plugins\/seo\/ -->\n<title>Alian\u00e7a de boda amb brillants - Joieria Clem\u00e8ncia Peris \u00ae<\/title>\n<meta name=\"description\" content=\"Alian\u00e7a de boda amb brillants realitzada en or blanc de 18kt. Un disseny impecable amb muntura de grapa compartida.\" \/>\n<meta name=\"robots\" content=\"index, follow, max-snippet:-1, max-image-preview:large, max-video-preview:-1\" \/>\n<link rel=\"canonical\" href=\"https:\/\/www.clemenciaperis.com\/ca\/p\/aliances-de-casament-or-blanc-18k-diamants-055\/\" \/>\n<meta property=\"og:locale\" content=\"ca_ES\" \/>\n<meta property=\"og:type\" content=\"article\" \/>\n<meta property=\"og:title\" content=\"Alian\u00e7a de boda amb brillants - Joieria Clem\u00e8ncia Peris \u00ae\" \/>\n<meta property=\"og:description\" content=\"Alian\u00e7a de boda amb brillants realitzada en or blanc de 18kt. Un disseny impecable amb muntura de grapa compartida.\" \/>\n<meta property=\"og:url\" content=\"https:\/\/www.clemenciaperis.com\/ca\/p\/aliances-de-casament-or-blanc-18k-diamants-055\/\" \/>\n<meta property=\"og:site_name\" content=\"Joieria Clem\u00e8ncia Peris \u00ae\" \/>\n<meta property=\"article:publisher\" content=\"https:\/\/www.facebook.com\/clemenciaperisjewelry\" \/>\n<meta property=\"article:modified_time\" content=\"2023-10-24T18:37:19+00:00\" \/>\n<meta property=\"og:image\" content=\"https:\/\/www.clemenciaperis.com\/wp-content\/uploads\/2020\/09\/AC0055-2.00-CTS-Cenital.webp\" \/>\n\t<meta property=\"og:image:width\" content=\"500\" \/>\n\t<meta property=\"og:image:height\" content=\"500\" \/>\n\t<meta property=\"og:image:type\" content=\"image\/webp\" \/>\n<meta name=\"twitter:card\" content=\"summary_large_image\" \/>\n<meta name=\"twitter:label1\" content=\"Disponibilitat\" \/>\n\t<meta name=\"twitter:data1\" content=\"En estoc\" \/>\n<script type=\"application\/ld+json\" class=\"yoast-schema-graph\">{\"@context\":\"https:\/\/schema.org\",\"@graph\":[{\"@type\":\"WebPage\",\"@id\":\"https:\/\/www.clemenciaperis.com\/ca\/p\/aliances-de-casament-or-blanc-18k-diamants-055\/\",\"url\":\"https:\/\/www.clemenciaperis.com\/ca\/p\/aliances-de-casament-or-blanc-18k-diamants-055\/\",\"name\":\"Alian\u00e7a de boda amb brillants - Joieria Clem\u00e8ncia Peris \u00ae\",\"isPartOf\":{\"@id\":\"https:\/\/www.clemenciaperis.com\/ca\/#website\"},\"primaryImageOfPage\":{\"@id\":\"https:\/\/www.clemenciaperis.com\/ca\/p\/aliances-de-casament-or-blanc-18k-diamants-055\/#primaryimage\"},\"image\":{\"@id\":\"https:\/\/www.clemenciaperis.com\/ca\/p\/aliances-de-casament-or-blanc-18k-diamants-055\/#primaryimage\"},\"thumbnailUrl\":\"https:\/\/www.clemenciaperis.com\/wp-content\/uploads\/2023\/08\/AC0055-2.00-CTS-Cenital-1.webp\",\"datePublished\":\"2023-01-02T17:08:32+00:00\",\"dateModified\":\"2023-10-24T18:37:19+00:00\",\"description\":\"Alian\u00e7a de boda amb brillants realitzada en or blanc de 18kt. Un disseny impecable amb muntura de grapa compartida.\",\"inLanguage\":\"ca\",\"potentialAction\":[{\"@type\":\"ReadAction\",\"target\":[\"https:\/\/www.clemenciaperis.com\/ca\/p\/aliances-de-casament-or-blanc-18k-diamants-055\/\"]}]},{\"@type\":\"ImageObject\",\"inLanguage\":\"ca\",\"@id\":\"https:\/\/www.clemenciaperis.com\/ca\/p\/aliances-de-casament-or-blanc-18k-diamants-055\/#primaryimage\",\"url\":\"https:\/\/www.clemenciaperis.com\/wp-content\/uploads\/2023\/08\/AC0055-2.00-CTS-Cenital-1.webp\",\"contentUrl\":\"https:\/\/www.clemenciaperis.com\/wp-content\/uploads\/2023\/08\/AC0055-2.00-CTS-Cenital-1.webp\",\"width\":1000,\"height\":1000},{\"@type\":\"BreadcrumbList\",\"@id\":\"https:\/\/www.clemenciaperis.com\/ca\/p\/aliances-de-casament-or-blanc-18k-diamants-055\/#breadcrumb\",\"itemListElement\":[{\"@type\":\"ListItem\",\"position\":1,\"name\":\"Aliances de Casament\",\"item\":\"https:\/\/www.clemenciaperis.com\/ca\/c\/aliances-de-casament\/\"},{\"@type\":\"ListItem\",\"position\":2,\"name\":\"Aliances de Casament amb Diamants\",\"item\":\"https:\/\/www.clemenciaperis.com\/ca\/c\/aliances-de-casament\/diamants-2\/\"},{\"@type\":\"ListItem\",\"position\":3,\"name\":\"Alian\u00e7a de boda amb brillants en or blanc de 18k\"}]},{\"@type\":\"WebSite\",\"@id\":\"https:\/\/www.clemenciaperis.com\/ca\/#website\",\"url\":\"https:\/\/www.clemenciaperis.com\/ca\/\",\"name\":\"Joyer\u00eda Clem\u00e8ncia Peris \u00ae\",\"description\":\"Joyer\u00eda exclusiva en Barcelona desde 1979: Anillos de compromiso, alianzas de boda y anillos de diamantes.\",\"publisher\":{\"@id\":\"https:\/\/www.clemenciaperis.com\/ca\/#organization\"},\"potentialAction\":[{\"@type\":\"SearchAction\",\"target\":{\"@type\":\"EntryPoint\",\"urlTemplate\":\"https:\/\/www.clemenciaperis.com\/ca\/?s={search_term_string}\"},\"query-input\":{\"@type\":\"PropertyValueSpecification\",\"valueRequired\":true,\"valueName\":\"search_term_string\"}}],\"inLanguage\":\"ca\"},{\"@type\":\"Organization\",\"@id\":\"https:\/\/www.clemenciaperis.com\/ca\/#organization\",\"name\":\"Joyer\u00eda Clem\u00e8ncia Peris \u00ae\",\"url\":\"https:\/\/www.clemenciaperis.com\/ca\/\",\"logo\":{\"@type\":\"ImageObject\",\"inLanguage\":\"ca\",\"@id\":\"https:\/\/www.clemenciaperis.com\/ca\/#\/schema\/logo\/image\/\",\"url\":\"https:\/\/www.clemenciaperis.com\/wp-content\/uploads\/2023\/10\/Clemencia-peris-logo2.png\",\"contentUrl\":\"https:\/\/www.clemenciaperis.com\/wp-content\/uploads\/2023\/10\/Clemencia-peris-logo2.png\",\"width\":400,\"height\":400,\"caption\":\"Joyer\u00eda Clem\u00e8ncia Peris \u00ae\"},\"image\":{\"@id\":\"https:\/\/www.clemenciaperis.com\/ca\/#\/schema\/logo\/image\/\"},\"sameAs\":[\"https:\/\/www.facebook.com\/clemenciaperisjewelry\",\"https:\/\/www.instagram.com\/clemenciaperisjewels\/\",\"https:\/\/www.youtube.com\/channel\/UCbLZI0bC2wvj0PaS2aj99bA\"]}]}<\/script>\n<meta property=\"og:availability\" content=\"instock\" \/>\n<meta property=\"product:availability\" content=\"instock\" \/>\n<meta property=\"product:retailer_item_id\" content=\"ac055\" \/>\n<meta property=\"product:condition\" content=\"new\" \/>\n<!-- \/ Yoast SEO plugin. -->","yoast_head_json":{"title":"Alian\u00e7a de boda amb brillants - Joieria Clem\u00e8ncia Peris \u00ae","description":"Alian\u00e7a de boda amb brillants realitzada en or blanc de 18kt. Un disseny impecable amb muntura de grapa compartida.","robots":{"index":"index","follow":"follow","max-snippet":"max-snippet:-1","max-image-preview":"max-image-preview:large","max-video-preview":"max-video-preview:-1"},"canonical":"https:\/\/www.clemenciaperis.com\/ca\/p\/aliances-de-casament-or-blanc-18k-diamants-055\/","og_locale":"ca_ES","og_type":"article","og_title":"Alian\u00e7a de boda amb brillants - Joieria Clem\u00e8ncia Peris \u00ae","og_description":"Alian\u00e7a de boda amb brillants realitzada en or blanc de 18kt. Un disseny impecable amb muntura de grapa compartida.","og_url":"https:\/\/www.clemenciaperis.com\/ca\/p\/aliances-de-casament-or-blanc-18k-diamants-055\/","og_site_name":"Joieria Clem\u00e8ncia Peris \u00ae","article_publisher":"https:\/\/www.facebook.com\/clemenciaperisjewelry","article_modified_time":"2023-10-24T18:37:19+00:00","og_image":[{"width":500,"height":500,"url":"https:\/\/www.clemenciaperis.com\/wp-content\/uploads\/2020\/09\/AC0055-2.00-CTS-Cenital.webp","type":"image\/webp"}],"twitter_card":"summary_large_image","twitter_misc":{"Disponibilitat":"En estoc"},"schema":{"@context":"https:\/\/schema.org","@graph":[{"@type":"WebPage","@id":"https:\/\/www.clemenciaperis.com\/ca\/p\/aliances-de-casament-or-blanc-18k-diamants-055\/","url":"https:\/\/www.clemenciaperis.com\/ca\/p\/aliances-de-casament-or-blanc-18k-diamants-055\/","name":"Alian\u00e7a de boda amb brillants - Joieria Clem\u00e8ncia Peris \u00ae","isPartOf":{"@id":"https:\/\/www.clemenciaperis.com\/ca\/#website"},"primaryImageOfPage":{"@id":"https:\/\/www.clemenciaperis.com\/ca\/p\/aliances-de-casament-or-blanc-18k-diamants-055\/#primaryimage"},"image":{"@id":"https:\/\/www.clemenciaperis.com\/ca\/p\/aliances-de-casament-or-blanc-18k-diamants-055\/#primaryimage"},"thumbnailUrl":"https:\/\/www.clemenciaperis.com\/wp-content\/uploads\/2023\/08\/AC0055-2.00-CTS-Cenital-1.webp","datePublished":"2023-01-02T17:08:32+00:00","dateModified":"2023-10-24T18:37:19+00:00","description":"Alian\u00e7a de boda amb brillants realitzada en or blanc de 18kt. Un disseny impecable amb muntura de grapa compartida.","inLanguage":"ca","potentialAction":[{"@type":"ReadAction","target":["https:\/\/www.clemenciaperis.com\/ca\/p\/aliances-de-casament-or-blanc-18k-diamants-055\/"]}]},{"@type":"ImageObject","inLanguage":"ca","@id":"https:\/\/www.clemenciaperis.com\/ca\/p\/aliances-de-casament-or-blanc-18k-diamants-055\/#primaryimage","url":"https:\/\/www.clemenciaperis.com\/wp-content\/uploads\/2023\/08\/AC0055-2.00-CTS-Cenital-1.webp","contentUrl":"https:\/\/www.clemenciaperis.com\/wp-content\/uploads\/2023\/08\/AC0055-2.00-CTS-Cenital-1.webp","width":1000,"height":1000},{"@type":"BreadcrumbList","@id":"https:\/\/www.clemenciaperis.com\/ca\/p\/aliances-de-casament-or-blanc-18k-diamants-055\/#breadcrumb","itemListElement":[{"@type":"ListItem","position":1,"name":"Aliances de Casament","item":"https:\/\/www.clemenciaperis.com\/ca\/c\/aliances-de-casament\/"},{"@type":"ListItem","position":2,"name":"Aliances de Casament amb Diamants","item":"https:\/\/www.clemenciaperis.com\/ca\/c\/aliances-de-casament\/diamants-2\/"},{"@type":"ListItem","position":3,"name":"Alian\u00e7a de boda amb brillants en or blanc de 18k"}]},{"@type":"WebSite","@id":"https:\/\/www.clemenciaperis.com\/ca\/#website","url":"https:\/\/www.clemenciaperis.com\/ca\/","name":"Joyer\u00eda Clem\u00e8ncia Peris \u00ae","description":"Joyer\u00eda exclusiva en Barcelona desde 1979: Anillos de compromiso, alianzas de boda y anillos de diamantes.","publisher":{"@id":"https:\/\/www.clemenciaperis.com\/ca\/#organization"},"potentialAction":[{"@type":"SearchAction","target":{"@type":"EntryPoint","urlTemplate":"https:\/\/www.clemenciaperis.com\/ca\/?s={search_term_string}"},"query-input":{"@type":"PropertyValueSpecification","valueRequired":true,"valueName":"search_term_string"}}],"inLanguage":"ca"},{"@type":"Organization","@id":"https:\/\/www.clemenciaperis.com\/ca\/#organization","name":"Joyer\u00eda Clem\u00e8ncia Peris \u00ae","url":"https:\/\/www.clemenciaperis.com\/ca\/","logo":{"@type":"ImageObject","inLanguage":"ca","@id":"https:\/\/www.clemenciaperis.com\/ca\/#\/schema\/logo\/image\/","url":"https:\/\/www.clemenciaperis.com\/wp-content\/uploads\/2023\/10\/Clemencia-peris-logo2.png","contentUrl":"https:\/\/www.clemenciaperis.com\/wp-content\/uploads\/2023\/10\/Clemencia-peris-logo2.png","width":400,"height":400,"caption":"Joyer\u00eda Clem\u00e8ncia Peris \u00ae"},"image":{"@id":"https:\/\/www.clemenciaperis.com\/ca\/#\/schema\/logo\/image\/"},"sameAs":["https:\/\/www.facebook.com\/clemenciaperisjewelry","https:\/\/www.instagram.com\/clemenciaperisjewels\/","https:\/\/www.youtube.com\/channel\/UCbLZI0bC2wvj0PaS2aj99bA"]}]},"og_availability":"instock","product_availability":"instock","product_retailer_item_id":"ac055","product_condition":"new"},"_links":{"self":[{"href":"https:\/\/www.clemenciaperis.com\/ca\/wp-json\/wp\/v2\/product\/33073","targetHints":{"allow":["GET"]}}],"collection":[{"href":"https:\/\/www.clemenciaperis.com\/ca\/wp-json\/wp\/v2\/product"}],"about":[{"href":"https:\/\/www.clemenciaperis.com\/ca\/wp-json\/wp\/v2\/types\/product"}],"wp:featuredmedia":[{"embeddable":true,"href":"https:\/\/www.clemenciaperis.com\/ca\/wp-json\/wp\/v2\/media\/129918"}],"wp:attachment":[{"href":"https:\/\/www.clemenciaperis.com\/ca\/wp-json\/wp\/v2\/media?parent=33073"}],"wp:term":[{"taxonomy":"product_brand","embeddable":true,"href":"https:\/\/www.clemenciaperis.com\/ca\/wp-json\/wp\/v2\/product_brand?post=33073"},{"taxonomy":"product_cat","embeddable":true,"href":"https:\/\/www.clemenciaperis.com\/ca\/wp-json\/wp\/v2\/product_cat?post=33073"},{"taxonomy":"product_tag","embeddable":true,"href":"https:\/\/www.clemenciaperis.com\/ca\/wp-json\/wp\/v2\/product_tag?post=33073"}],"curies":[{"name":"wp","href":"https:\/\/api.w.org\/{rel}","templated":true}]}}