{"id":32098,"date":"2023-01-02T16:18:54","date_gmt":"2023-01-02T16:18:54","guid":{"rendered":"http:\/\/clemenciaperis.es\/?post_type=product&#038;p=32098"},"modified":"2024-02-29T11:13:03","modified_gmt":"2024-02-29T09:13:03","slug":"arrecades-14-diamants-or-blanc-18k-025","status":"publish","type":"product","link":"https:\/\/www.clemenciaperis.com\/ca\/p\/arrecades-14-diamants-or-blanc-18k-025\/","title":{"rendered":"Arrecades amb 14 diamants or blanc 18k"},"content":{"rendered":"<div class=\"col-md-12 col-xs-12 desc\">\n<div>\n<p>El moviment continu d&#8217;aquests fils de llum que enlluernen per la seva immensa qualitat i perfecci\u00f3 t\u00e8cnica. Una magn\u00e8tica successi\u00f3 de 7 diamants en talla brillant, encastats en or blanc de 18 quirats, que reflecteixen la immensa vitalitat del rostre que els llueix. Les dues arracades sumen un total de 14 diamants amb un pes de 0.70qt.<\/p>\n<\/div>\n<\/div>\n","protected":false},"excerpt":{"rendered":"<p>El moviment continu d&#8217;aquests fils de llum que enlluernen per la seva immensa qualitat i perfecci\u00f3 t\u00e8cnica. Una magn\u00e8tica successi\u00f3 de 7 diamants en talla brillant, encastats en or blanc de 18 quirats, que reflecteixen la immensa vitalitat del rostre que els llueix. Les dues arracades sumen un total de 14 diamants amb un pes [&hellip;]<\/p>\n","protected":false},"featured_media":131285,"template":"","meta":{"_acf_changed":false},"product_brand":[],"product_cat":[123,138,118],"product_tag":[],"class_list":{"0":"post-32098","1":"product","2":"type-product","3":"status-publish","4":"has-post-thumbnail","6":"product_cat-or-7","7":"product_cat-arracades","8":"product_cat-joieria","10":"first","11":"instock","12":"taxable","13":"shipping-taxable","14":"product-type-variable"},"acf":[],"yoast_head":"<!-- This site is optimized with the Yoast SEO plugin v24.8.1 - https:\/\/yoast.com\/wordpress\/plugins\/seo\/ -->\n<title>Arrecades amb 14 diamants or blanc 18k - Clemencia Peris<\/title>\n<meta name=\"description\" content=\"Arrecades llargues amb 14 diamants realitzades en or blanc de 18k. Comprar arrecades d&#039;or a Clem\u00e8ncia Peris \u00e9s la millor opci\u00f3.\" \/>\n<meta name=\"robots\" content=\"index, follow, max-snippet:-1, max-image-preview:large, max-video-preview:-1\" \/>\n<link rel=\"canonical\" href=\"https:\/\/www.clemenciaperis.com\/ca\/p\/arrecades-14-diamants-or-blanc-18k-025\/\" \/>\n<meta property=\"og:locale\" content=\"ca_ES\" \/>\n<meta property=\"og:type\" content=\"article\" \/>\n<meta property=\"og:title\" content=\"Arrecades amb 14 diamants or blanc 18k - Clemencia Peris\" \/>\n<meta property=\"og:description\" content=\"Arrecades llargues amb 14 diamants realitzades en or blanc de 18k. Comprar arrecades d&#039;or a Clem\u00e8ncia Peris \u00e9s la millor opci\u00f3.\" \/>\n<meta property=\"og:url\" content=\"https:\/\/www.clemenciaperis.com\/ca\/p\/arrecades-14-diamants-or-blanc-18k-025\/\" \/>\n<meta property=\"og:site_name\" content=\"Joieria Clem\u00e8ncia Peris \u00ae\" \/>\n<meta property=\"article:publisher\" content=\"https:\/\/www.facebook.com\/clemenciaperisjewelry\" \/>\n<meta property=\"article:modified_time\" content=\"2024-02-29T09:13:03+00:00\" \/>\n<meta property=\"og:image\" content=\"https:\/\/www.clemenciaperis.com\/wp-content\/uploads\/2020\/09\/P025_EARRINGS-A.webp\" \/>\n\t<meta property=\"og:image:width\" content=\"500\" \/>\n\t<meta property=\"og:image:height\" content=\"500\" \/>\n\t<meta property=\"og:image:type\" content=\"image\/webp\" \/>\n<meta name=\"twitter:card\" content=\"summary_large_image\" \/>\n<meta name=\"twitter:label1\" content=\"Disponibilitat\" \/>\n\t<meta name=\"twitter:data1\" content=\"En estoc\" \/>\n<script type=\"application\/ld+json\" class=\"yoast-schema-graph\">{\"@context\":\"https:\/\/schema.org\",\"@graph\":[{\"@type\":\"WebPage\",\"@id\":\"https:\/\/www.clemenciaperis.com\/ca\/p\/arrecades-14-diamants-or-blanc-18k-025\/\",\"url\":\"https:\/\/www.clemenciaperis.com\/ca\/p\/arrecades-14-diamants-or-blanc-18k-025\/\",\"name\":\"Arrecades amb 14 diamants or blanc 18k - Clemencia Peris\",\"isPartOf\":{\"@id\":\"https:\/\/www.clemenciaperis.com\/ca\/#website\"},\"primaryImageOfPage\":{\"@id\":\"https:\/\/www.clemenciaperis.com\/ca\/p\/arrecades-14-diamants-or-blanc-18k-025\/#primaryimage\"},\"image\":{\"@id\":\"https:\/\/www.clemenciaperis.com\/ca\/p\/arrecades-14-diamants-or-blanc-18k-025\/#primaryimage\"},\"thumbnailUrl\":\"https:\/\/www.clemenciaperis.com\/wp-content\/uploads\/2020\/09\/P025_EARRINGS-A-1.webp\",\"datePublished\":\"2023-01-02T16:18:54+00:00\",\"dateModified\":\"2024-02-29T09:13:03+00:00\",\"description\":\"Arrecades llargues amb 14 diamants realitzades en or blanc de 18k. Comprar arrecades d'or a Clem\u00e8ncia Peris \u00e9s la millor opci\u00f3.\",\"inLanguage\":\"ca\",\"potentialAction\":[{\"@type\":\"ReadAction\",\"target\":[\"https:\/\/www.clemenciaperis.com\/ca\/p\/arrecades-14-diamants-or-blanc-18k-025\/\"]}]},{\"@type\":\"ImageObject\",\"inLanguage\":\"ca\",\"@id\":\"https:\/\/www.clemenciaperis.com\/ca\/p\/arrecades-14-diamants-or-blanc-18k-025\/#primaryimage\",\"url\":\"https:\/\/www.clemenciaperis.com\/wp-content\/uploads\/2020\/09\/P025_EARRINGS-A-1.webp\",\"contentUrl\":\"https:\/\/www.clemenciaperis.com\/wp-content\/uploads\/2020\/09\/P025_EARRINGS-A-1.webp\",\"width\":1000,\"height\":1000},{\"@type\":\"BreadcrumbList\",\"@id\":\"https:\/\/www.clemenciaperis.com\/ca\/p\/arrecades-14-diamants-or-blanc-18k-025\/#breadcrumb\",\"itemListElement\":[{\"@type\":\"ListItem\",\"position\":1,\"name\":\"Joieria\",\"item\":\"https:\/\/www.clemenciaperis.com\/ca\/c\/joieria\/\"},{\"@type\":\"ListItem\",\"position\":2,\"name\":\"Arracades\",\"item\":\"https:\/\/www.clemenciaperis.com\/ca\/c\/joieria\/arracades\/\"},{\"@type\":\"ListItem\",\"position\":3,\"name\":\"Arracades d'or\",\"item\":\"https:\/\/www.clemenciaperis.com\/ca\/c\/joieria\/arracades\/or-7\/\"},{\"@type\":\"ListItem\",\"position\":4,\"name\":\"Arrecades amb 14 diamants or blanc 18k\"}]},{\"@type\":\"WebSite\",\"@id\":\"https:\/\/www.clemenciaperis.com\/ca\/#website\",\"url\":\"https:\/\/www.clemenciaperis.com\/ca\/\",\"name\":\"Joyer\u00eda Clem\u00e8ncia Peris \u00ae\",\"description\":\"Joyer\u00eda exclusiva en Barcelona desde 1979: Anillos de compromiso, alianzas de boda y anillos de diamantes.\",\"publisher\":{\"@id\":\"https:\/\/www.clemenciaperis.com\/ca\/#organization\"},\"potentialAction\":[{\"@type\":\"SearchAction\",\"target\":{\"@type\":\"EntryPoint\",\"urlTemplate\":\"https:\/\/www.clemenciaperis.com\/ca\/?s={search_term_string}\"},\"query-input\":{\"@type\":\"PropertyValueSpecification\",\"valueRequired\":true,\"valueName\":\"search_term_string\"}}],\"inLanguage\":\"ca\"},{\"@type\":\"Organization\",\"@id\":\"https:\/\/www.clemenciaperis.com\/ca\/#organization\",\"name\":\"Joyer\u00eda Clem\u00e8ncia Peris \u00ae\",\"url\":\"https:\/\/www.clemenciaperis.com\/ca\/\",\"logo\":{\"@type\":\"ImageObject\",\"inLanguage\":\"ca\",\"@id\":\"https:\/\/www.clemenciaperis.com\/ca\/#\/schema\/logo\/image\/\",\"url\":\"https:\/\/www.clemenciaperis.com\/wp-content\/uploads\/2023\/10\/Clemencia-peris-logo2.png\",\"contentUrl\":\"https:\/\/www.clemenciaperis.com\/wp-content\/uploads\/2023\/10\/Clemencia-peris-logo2.png\",\"width\":400,\"height\":400,\"caption\":\"Joyer\u00eda Clem\u00e8ncia Peris \u00ae\"},\"image\":{\"@id\":\"https:\/\/www.clemenciaperis.com\/ca\/#\/schema\/logo\/image\/\"},\"sameAs\":[\"https:\/\/www.facebook.com\/clemenciaperisjewelry\",\"https:\/\/www.instagram.com\/clemenciaperisjewels\/\",\"https:\/\/www.youtube.com\/channel\/UCbLZI0bC2wvj0PaS2aj99bA\"]}]}<\/script>\n<meta property=\"og:availability\" content=\"instock\" \/>\n<meta property=\"product:availability\" content=\"instock\" \/>\n<meta property=\"product:retailer_item_id\" content=\"p025\" \/>\n<meta property=\"product:condition\" content=\"new\" \/>\n<!-- \/ Yoast SEO plugin. -->","yoast_head_json":{"title":"Arrecades amb 14 diamants or blanc 18k - Clemencia Peris","description":"Arrecades llargues amb 14 diamants realitzades en or blanc de 18k. Comprar arrecades d'or a Clem\u00e8ncia Peris \u00e9s la millor opci\u00f3.","robots":{"index":"index","follow":"follow","max-snippet":"max-snippet:-1","max-image-preview":"max-image-preview:large","max-video-preview":"max-video-preview:-1"},"canonical":"https:\/\/www.clemenciaperis.com\/ca\/p\/arrecades-14-diamants-or-blanc-18k-025\/","og_locale":"ca_ES","og_type":"article","og_title":"Arrecades amb 14 diamants or blanc 18k - Clemencia Peris","og_description":"Arrecades llargues amb 14 diamants realitzades en or blanc de 18k. Comprar arrecades d'or a Clem\u00e8ncia Peris \u00e9s la millor opci\u00f3.","og_url":"https:\/\/www.clemenciaperis.com\/ca\/p\/arrecades-14-diamants-or-blanc-18k-025\/","og_site_name":"Joieria Clem\u00e8ncia Peris \u00ae","article_publisher":"https:\/\/www.facebook.com\/clemenciaperisjewelry","article_modified_time":"2024-02-29T09:13:03+00:00","og_image":[{"width":500,"height":500,"url":"https:\/\/www.clemenciaperis.com\/wp-content\/uploads\/2020\/09\/P025_EARRINGS-A.webp","type":"image\/webp"}],"twitter_card":"summary_large_image","twitter_misc":{"Disponibilitat":"En estoc"},"schema":{"@context":"https:\/\/schema.org","@graph":[{"@type":"WebPage","@id":"https:\/\/www.clemenciaperis.com\/ca\/p\/arrecades-14-diamants-or-blanc-18k-025\/","url":"https:\/\/www.clemenciaperis.com\/ca\/p\/arrecades-14-diamants-or-blanc-18k-025\/","name":"Arrecades amb 14 diamants or blanc 18k - Clemencia Peris","isPartOf":{"@id":"https:\/\/www.clemenciaperis.com\/ca\/#website"},"primaryImageOfPage":{"@id":"https:\/\/www.clemenciaperis.com\/ca\/p\/arrecades-14-diamants-or-blanc-18k-025\/#primaryimage"},"image":{"@id":"https:\/\/www.clemenciaperis.com\/ca\/p\/arrecades-14-diamants-or-blanc-18k-025\/#primaryimage"},"thumbnailUrl":"https:\/\/www.clemenciaperis.com\/wp-content\/uploads\/2020\/09\/P025_EARRINGS-A-1.webp","datePublished":"2023-01-02T16:18:54+00:00","dateModified":"2024-02-29T09:13:03+00:00","description":"Arrecades llargues amb 14 diamants realitzades en or blanc de 18k. Comprar arrecades d'or a Clem\u00e8ncia Peris \u00e9s la millor opci\u00f3.","inLanguage":"ca","potentialAction":[{"@type":"ReadAction","target":["https:\/\/www.clemenciaperis.com\/ca\/p\/arrecades-14-diamants-or-blanc-18k-025\/"]}]},{"@type":"ImageObject","inLanguage":"ca","@id":"https:\/\/www.clemenciaperis.com\/ca\/p\/arrecades-14-diamants-or-blanc-18k-025\/#primaryimage","url":"https:\/\/www.clemenciaperis.com\/wp-content\/uploads\/2020\/09\/P025_EARRINGS-A-1.webp","contentUrl":"https:\/\/www.clemenciaperis.com\/wp-content\/uploads\/2020\/09\/P025_EARRINGS-A-1.webp","width":1000,"height":1000},{"@type":"BreadcrumbList","@id":"https:\/\/www.clemenciaperis.com\/ca\/p\/arrecades-14-diamants-or-blanc-18k-025\/#breadcrumb","itemListElement":[{"@type":"ListItem","position":1,"name":"Joieria","item":"https:\/\/www.clemenciaperis.com\/ca\/c\/joieria\/"},{"@type":"ListItem","position":2,"name":"Arracades","item":"https:\/\/www.clemenciaperis.com\/ca\/c\/joieria\/arracades\/"},{"@type":"ListItem","position":3,"name":"Arracades d'or","item":"https:\/\/www.clemenciaperis.com\/ca\/c\/joieria\/arracades\/or-7\/"},{"@type":"ListItem","position":4,"name":"Arrecades amb 14 diamants or blanc 18k"}]},{"@type":"WebSite","@id":"https:\/\/www.clemenciaperis.com\/ca\/#website","url":"https:\/\/www.clemenciaperis.com\/ca\/","name":"Joyer\u00eda Clem\u00e8ncia Peris \u00ae","description":"Joyer\u00eda exclusiva en Barcelona desde 1979: Anillos de compromiso, alianzas de boda y anillos de diamantes.","publisher":{"@id":"https:\/\/www.clemenciaperis.com\/ca\/#organization"},"potentialAction":[{"@type":"SearchAction","target":{"@type":"EntryPoint","urlTemplate":"https:\/\/www.clemenciaperis.com\/ca\/?s={search_term_string}"},"query-input":{"@type":"PropertyValueSpecification","valueRequired":true,"valueName":"search_term_string"}}],"inLanguage":"ca"},{"@type":"Organization","@id":"https:\/\/www.clemenciaperis.com\/ca\/#organization","name":"Joyer\u00eda Clem\u00e8ncia Peris \u00ae","url":"https:\/\/www.clemenciaperis.com\/ca\/","logo":{"@type":"ImageObject","inLanguage":"ca","@id":"https:\/\/www.clemenciaperis.com\/ca\/#\/schema\/logo\/image\/","url":"https:\/\/www.clemenciaperis.com\/wp-content\/uploads\/2023\/10\/Clemencia-peris-logo2.png","contentUrl":"https:\/\/www.clemenciaperis.com\/wp-content\/uploads\/2023\/10\/Clemencia-peris-logo2.png","width":400,"height":400,"caption":"Joyer\u00eda Clem\u00e8ncia Peris \u00ae"},"image":{"@id":"https:\/\/www.clemenciaperis.com\/ca\/#\/schema\/logo\/image\/"},"sameAs":["https:\/\/www.facebook.com\/clemenciaperisjewelry","https:\/\/www.instagram.com\/clemenciaperisjewels\/","https:\/\/www.youtube.com\/channel\/UCbLZI0bC2wvj0PaS2aj99bA"]}]},"og_availability":"instock","product_availability":"instock","product_retailer_item_id":"p025","product_condition":"new"},"_links":{"self":[{"href":"https:\/\/www.clemenciaperis.com\/ca\/wp-json\/wp\/v2\/product\/32098","targetHints":{"allow":["GET"]}}],"collection":[{"href":"https:\/\/www.clemenciaperis.com\/ca\/wp-json\/wp\/v2\/product"}],"about":[{"href":"https:\/\/www.clemenciaperis.com\/ca\/wp-json\/wp\/v2\/types\/product"}],"wp:featuredmedia":[{"embeddable":true,"href":"https:\/\/www.clemenciaperis.com\/ca\/wp-json\/wp\/v2\/media\/131285"}],"wp:attachment":[{"href":"https:\/\/www.clemenciaperis.com\/ca\/wp-json\/wp\/v2\/media?parent=32098"}],"wp:term":[{"taxonomy":"product_brand","embeddable":true,"href":"https:\/\/www.clemenciaperis.com\/ca\/wp-json\/wp\/v2\/product_brand?post=32098"},{"taxonomy":"product_cat","embeddable":true,"href":"https:\/\/www.clemenciaperis.com\/ca\/wp-json\/wp\/v2\/product_cat?post=32098"},{"taxonomy":"product_tag","embeddable":true,"href":"https:\/\/www.clemenciaperis.com\/ca\/wp-json\/wp\/v2\/product_tag?post=32098"}],"curies":[{"name":"wp","href":"https:\/\/api.w.org\/{rel}","templated":true}]}}