{"id":32093,"date":"2023-01-02T16:03:32","date_gmt":"2023-01-02T16:03:32","guid":{"rendered":"http:\/\/clemenciaperis.es\/?post_type=product&#038;p=32093"},"modified":"2023-01-02T16:14:44","modified_gmt":"2023-01-02T16:14:44","slug":"arrecades-or-blanc-18k-12-diamants-024","status":"publish","type":"product","link":"https:\/\/www.clemenciaperis.com\/ca\/p\/arrecades-or-blanc-18k-12-diamants-024\/","title":{"rendered":"Arrecades or blanc 18k amb 12 diamants"},"content":{"rendered":"<div class=\"col-md-12 col-xs-12 desc\">\n<div>\n<p>Si t\u00e9 debilitat per l&#8217;alta joieria, comprendr\u00e0 la incre\u00efble energia que transmeten aquestes arracades.L\u00ednies de diamants, en talla brillant, encastats en petits cilindres d&#8217;or, aixoplugats sota l&#8217;espl\u00e8ndida pedra principal. Llum suau.<\/p>\n<\/div>\n<\/div>\n<div class=\"col-xs-3 headRight \"><\/div>\n","protected":false},"excerpt":{"rendered":"<p>Si t\u00e9 debilitat per l&#8217;alta joieria, comprendr\u00e0 la incre\u00efble energia que transmeten aquestes arracades.L\u00ednies de diamants, en talla brillant, encastats en petits cilindres d&#8217;or, aixoplugats sota l&#8217;espl\u00e8ndida pedra principal. Llum suau.<\/p>\n","protected":false},"featured_media":131282,"template":"","meta":{"_acf_changed":false},"product_brand":[],"product_cat":[123,138,118],"product_tag":[],"class_list":{"0":"post-32093","1":"product","2":"type-product","3":"status-publish","4":"has-post-thumbnail","6":"product_cat-or-7","7":"product_cat-arracades","8":"product_cat-joieria","10":"first","11":"instock","12":"taxable","13":"shipping-taxable","14":"purchasable","15":"product-type-variable"},"acf":[],"yoast_head":"<!-- This site is optimized with the Yoast SEO plugin v24.8.1 - https:\/\/yoast.com\/wordpress\/plugins\/seo\/ -->\n<title>Arrecades or blanc 18k - 12 diamants<\/title>\n<meta name=\"description\" content=\"Arrecades or blanc 18k amb 12 diamants. Comprar arrecades d&#039;or blanc en Clem\u00e8ncia Peris. Joieria a Barcelona.\" \/>\n<meta name=\"robots\" content=\"index, follow, max-snippet:-1, max-image-preview:large, max-video-preview:-1\" \/>\n<link rel=\"canonical\" href=\"https:\/\/www.clemenciaperis.com\/ca\/p\/arrecades-or-blanc-18k-12-diamants-024\/\" \/>\n<meta property=\"og:locale\" content=\"ca_ES\" \/>\n<meta property=\"og:type\" content=\"article\" \/>\n<meta property=\"og:title\" content=\"Arrecades or blanc 18k - 12 diamants\" \/>\n<meta property=\"og:description\" content=\"Arrecades or blanc 18k amb 12 diamants. Comprar arrecades d&#039;or blanc en Clem\u00e8ncia Peris. Joieria a Barcelona.\" \/>\n<meta property=\"og:url\" content=\"https:\/\/www.clemenciaperis.com\/ca\/p\/arrecades-or-blanc-18k-12-diamants-024\/\" \/>\n<meta property=\"og:site_name\" content=\"Joieria Clem\u00e8ncia Peris \u00ae\" \/>\n<meta property=\"article:publisher\" content=\"https:\/\/www.facebook.com\/clemenciaperisjewelry\" \/>\n<meta property=\"article:modified_time\" content=\"2023-01-02T16:14:44+00:00\" \/>\n<meta property=\"og:image\" content=\"https:\/\/www.clemenciaperis.com\/wp-content\/uploads\/2020\/09\/P024_EARRINGS-A.webp\" \/>\n\t<meta property=\"og:image:width\" content=\"500\" \/>\n\t<meta property=\"og:image:height\" content=\"500\" \/>\n\t<meta property=\"og:image:type\" content=\"image\/webp\" \/>\n<meta name=\"twitter:card\" content=\"summary_large_image\" \/>\n<meta name=\"twitter:label1\" content=\"Disponibilitat\" \/>\n\t<meta name=\"twitter:data1\" content=\"En estoc\" \/>\n<script type=\"application\/ld+json\" class=\"yoast-schema-graph\">{\"@context\":\"https:\/\/schema.org\",\"@graph\":[{\"@type\":\"WebPage\",\"@id\":\"https:\/\/www.clemenciaperis.com\/ca\/p\/arrecades-or-blanc-18k-12-diamants-024\/\",\"url\":\"https:\/\/www.clemenciaperis.com\/ca\/p\/arrecades-or-blanc-18k-12-diamants-024\/\",\"name\":\"Arrecades or blanc 18k - 12 diamants\",\"isPartOf\":{\"@id\":\"https:\/\/www.clemenciaperis.com\/ca\/#website\"},\"primaryImageOfPage\":{\"@id\":\"https:\/\/www.clemenciaperis.com\/ca\/p\/arrecades-or-blanc-18k-12-diamants-024\/#primaryimage\"},\"image\":{\"@id\":\"https:\/\/www.clemenciaperis.com\/ca\/p\/arrecades-or-blanc-18k-12-diamants-024\/#primaryimage\"},\"thumbnailUrl\":\"https:\/\/www.clemenciaperis.com\/wp-content\/uploads\/2020\/09\/P024_EARRINGS-A-1.webp\",\"datePublished\":\"2023-01-02T16:03:32+00:00\",\"dateModified\":\"2023-01-02T16:14:44+00:00\",\"description\":\"Arrecades or blanc 18k amb 12 diamants. Comprar arrecades d'or blanc en Clem\u00e8ncia Peris. Joieria a Barcelona.\",\"inLanguage\":\"ca\",\"potentialAction\":[{\"@type\":\"ReadAction\",\"target\":[\"https:\/\/www.clemenciaperis.com\/ca\/p\/arrecades-or-blanc-18k-12-diamants-024\/\"]}]},{\"@type\":\"ImageObject\",\"inLanguage\":\"ca\",\"@id\":\"https:\/\/www.clemenciaperis.com\/ca\/p\/arrecades-or-blanc-18k-12-diamants-024\/#primaryimage\",\"url\":\"https:\/\/www.clemenciaperis.com\/wp-content\/uploads\/2020\/09\/P024_EARRINGS-A-1.webp\",\"contentUrl\":\"https:\/\/www.clemenciaperis.com\/wp-content\/uploads\/2020\/09\/P024_EARRINGS-A-1.webp\",\"width\":1000,\"height\":1000},{\"@type\":\"BreadcrumbList\",\"@id\":\"https:\/\/www.clemenciaperis.com\/ca\/p\/arrecades-or-blanc-18k-12-diamants-024\/#breadcrumb\",\"itemListElement\":[{\"@type\":\"ListItem\",\"position\":1,\"name\":\"Joieria\",\"item\":\"https:\/\/www.clemenciaperis.com\/ca\/c\/joieria\/\"},{\"@type\":\"ListItem\",\"position\":2,\"name\":\"Arracades\",\"item\":\"https:\/\/www.clemenciaperis.com\/ca\/c\/joieria\/arracades\/\"},{\"@type\":\"ListItem\",\"position\":3,\"name\":\"Arracades d'or\",\"item\":\"https:\/\/www.clemenciaperis.com\/ca\/c\/joieria\/arracades\/or-7\/\"},{\"@type\":\"ListItem\",\"position\":4,\"name\":\"Arrecades or blanc 18k amb 12 diamants\"}]},{\"@type\":\"WebSite\",\"@id\":\"https:\/\/www.clemenciaperis.com\/ca\/#website\",\"url\":\"https:\/\/www.clemenciaperis.com\/ca\/\",\"name\":\"Joyer\u00eda Clem\u00e8ncia Peris \u00ae\",\"description\":\"Joyer\u00eda exclusiva en Barcelona desde 1979: Anillos de compromiso, alianzas de boda y anillos de diamantes.\",\"publisher\":{\"@id\":\"https:\/\/www.clemenciaperis.com\/ca\/#organization\"},\"potentialAction\":[{\"@type\":\"SearchAction\",\"target\":{\"@type\":\"EntryPoint\",\"urlTemplate\":\"https:\/\/www.clemenciaperis.com\/ca\/?s={search_term_string}\"},\"query-input\":{\"@type\":\"PropertyValueSpecification\",\"valueRequired\":true,\"valueName\":\"search_term_string\"}}],\"inLanguage\":\"ca\"},{\"@type\":\"Organization\",\"@id\":\"https:\/\/www.clemenciaperis.com\/ca\/#organization\",\"name\":\"Joyer\u00eda Clem\u00e8ncia Peris \u00ae\",\"url\":\"https:\/\/www.clemenciaperis.com\/ca\/\",\"logo\":{\"@type\":\"ImageObject\",\"inLanguage\":\"ca\",\"@id\":\"https:\/\/www.clemenciaperis.com\/ca\/#\/schema\/logo\/image\/\",\"url\":\"https:\/\/www.clemenciaperis.com\/wp-content\/uploads\/2023\/10\/Clemencia-peris-logo2.png\",\"contentUrl\":\"https:\/\/www.clemenciaperis.com\/wp-content\/uploads\/2023\/10\/Clemencia-peris-logo2.png\",\"width\":400,\"height\":400,\"caption\":\"Joyer\u00eda Clem\u00e8ncia Peris \u00ae\"},\"image\":{\"@id\":\"https:\/\/www.clemenciaperis.com\/ca\/#\/schema\/logo\/image\/\"},\"sameAs\":[\"https:\/\/www.facebook.com\/clemenciaperisjewelry\",\"https:\/\/www.instagram.com\/clemenciaperisjewels\/\",\"https:\/\/www.youtube.com\/channel\/UCbLZI0bC2wvj0PaS2aj99bA\"]}]}<\/script>\n<meta property=\"og:availability\" content=\"instock\" \/>\n<meta property=\"product:availability\" content=\"instock\" \/>\n<meta property=\"product:retailer_item_id\" content=\"p024\" \/>\n<meta property=\"product:condition\" content=\"new\" \/>\n<!-- \/ Yoast SEO plugin. -->","yoast_head_json":{"title":"Arrecades or blanc 18k - 12 diamants","description":"Arrecades or blanc 18k amb 12 diamants. Comprar arrecades d'or blanc en Clem\u00e8ncia Peris. Joieria a Barcelona.","robots":{"index":"index","follow":"follow","max-snippet":"max-snippet:-1","max-image-preview":"max-image-preview:large","max-video-preview":"max-video-preview:-1"},"canonical":"https:\/\/www.clemenciaperis.com\/ca\/p\/arrecades-or-blanc-18k-12-diamants-024\/","og_locale":"ca_ES","og_type":"article","og_title":"Arrecades or blanc 18k - 12 diamants","og_description":"Arrecades or blanc 18k amb 12 diamants. Comprar arrecades d'or blanc en Clem\u00e8ncia Peris. Joieria a Barcelona.","og_url":"https:\/\/www.clemenciaperis.com\/ca\/p\/arrecades-or-blanc-18k-12-diamants-024\/","og_site_name":"Joieria Clem\u00e8ncia Peris \u00ae","article_publisher":"https:\/\/www.facebook.com\/clemenciaperisjewelry","article_modified_time":"2023-01-02T16:14:44+00:00","og_image":[{"width":500,"height":500,"url":"https:\/\/www.clemenciaperis.com\/wp-content\/uploads\/2020\/09\/P024_EARRINGS-A.webp","type":"image\/webp"}],"twitter_card":"summary_large_image","twitter_misc":{"Disponibilitat":"En estoc"},"schema":{"@context":"https:\/\/schema.org","@graph":[{"@type":"WebPage","@id":"https:\/\/www.clemenciaperis.com\/ca\/p\/arrecades-or-blanc-18k-12-diamants-024\/","url":"https:\/\/www.clemenciaperis.com\/ca\/p\/arrecades-or-blanc-18k-12-diamants-024\/","name":"Arrecades or blanc 18k - 12 diamants","isPartOf":{"@id":"https:\/\/www.clemenciaperis.com\/ca\/#website"},"primaryImageOfPage":{"@id":"https:\/\/www.clemenciaperis.com\/ca\/p\/arrecades-or-blanc-18k-12-diamants-024\/#primaryimage"},"image":{"@id":"https:\/\/www.clemenciaperis.com\/ca\/p\/arrecades-or-blanc-18k-12-diamants-024\/#primaryimage"},"thumbnailUrl":"https:\/\/www.clemenciaperis.com\/wp-content\/uploads\/2020\/09\/P024_EARRINGS-A-1.webp","datePublished":"2023-01-02T16:03:32+00:00","dateModified":"2023-01-02T16:14:44+00:00","description":"Arrecades or blanc 18k amb 12 diamants. Comprar arrecades d'or blanc en Clem\u00e8ncia Peris. Joieria a Barcelona.","inLanguage":"ca","potentialAction":[{"@type":"ReadAction","target":["https:\/\/www.clemenciaperis.com\/ca\/p\/arrecades-or-blanc-18k-12-diamants-024\/"]}]},{"@type":"ImageObject","inLanguage":"ca","@id":"https:\/\/www.clemenciaperis.com\/ca\/p\/arrecades-or-blanc-18k-12-diamants-024\/#primaryimage","url":"https:\/\/www.clemenciaperis.com\/wp-content\/uploads\/2020\/09\/P024_EARRINGS-A-1.webp","contentUrl":"https:\/\/www.clemenciaperis.com\/wp-content\/uploads\/2020\/09\/P024_EARRINGS-A-1.webp","width":1000,"height":1000},{"@type":"BreadcrumbList","@id":"https:\/\/www.clemenciaperis.com\/ca\/p\/arrecades-or-blanc-18k-12-diamants-024\/#breadcrumb","itemListElement":[{"@type":"ListItem","position":1,"name":"Joieria","item":"https:\/\/www.clemenciaperis.com\/ca\/c\/joieria\/"},{"@type":"ListItem","position":2,"name":"Arracades","item":"https:\/\/www.clemenciaperis.com\/ca\/c\/joieria\/arracades\/"},{"@type":"ListItem","position":3,"name":"Arracades d'or","item":"https:\/\/www.clemenciaperis.com\/ca\/c\/joieria\/arracades\/or-7\/"},{"@type":"ListItem","position":4,"name":"Arrecades or blanc 18k amb 12 diamants"}]},{"@type":"WebSite","@id":"https:\/\/www.clemenciaperis.com\/ca\/#website","url":"https:\/\/www.clemenciaperis.com\/ca\/","name":"Joyer\u00eda Clem\u00e8ncia Peris \u00ae","description":"Joyer\u00eda exclusiva en Barcelona desde 1979: Anillos de compromiso, alianzas de boda y anillos de diamantes.","publisher":{"@id":"https:\/\/www.clemenciaperis.com\/ca\/#organization"},"potentialAction":[{"@type":"SearchAction","target":{"@type":"EntryPoint","urlTemplate":"https:\/\/www.clemenciaperis.com\/ca\/?s={search_term_string}"},"query-input":{"@type":"PropertyValueSpecification","valueRequired":true,"valueName":"search_term_string"}}],"inLanguage":"ca"},{"@type":"Organization","@id":"https:\/\/www.clemenciaperis.com\/ca\/#organization","name":"Joyer\u00eda Clem\u00e8ncia Peris \u00ae","url":"https:\/\/www.clemenciaperis.com\/ca\/","logo":{"@type":"ImageObject","inLanguage":"ca","@id":"https:\/\/www.clemenciaperis.com\/ca\/#\/schema\/logo\/image\/","url":"https:\/\/www.clemenciaperis.com\/wp-content\/uploads\/2023\/10\/Clemencia-peris-logo2.png","contentUrl":"https:\/\/www.clemenciaperis.com\/wp-content\/uploads\/2023\/10\/Clemencia-peris-logo2.png","width":400,"height":400,"caption":"Joyer\u00eda Clem\u00e8ncia Peris \u00ae"},"image":{"@id":"https:\/\/www.clemenciaperis.com\/ca\/#\/schema\/logo\/image\/"},"sameAs":["https:\/\/www.facebook.com\/clemenciaperisjewelry","https:\/\/www.instagram.com\/clemenciaperisjewels\/","https:\/\/www.youtube.com\/channel\/UCbLZI0bC2wvj0PaS2aj99bA"]}]},"og_availability":"instock","product_availability":"instock","product_retailer_item_id":"p024","product_condition":"new"},"_links":{"self":[{"href":"https:\/\/www.clemenciaperis.com\/ca\/wp-json\/wp\/v2\/product\/32093","targetHints":{"allow":["GET"]}}],"collection":[{"href":"https:\/\/www.clemenciaperis.com\/ca\/wp-json\/wp\/v2\/product"}],"about":[{"href":"https:\/\/www.clemenciaperis.com\/ca\/wp-json\/wp\/v2\/types\/product"}],"wp:featuredmedia":[{"embeddable":true,"href":"https:\/\/www.clemenciaperis.com\/ca\/wp-json\/wp\/v2\/media\/131282"}],"wp:attachment":[{"href":"https:\/\/www.clemenciaperis.com\/ca\/wp-json\/wp\/v2\/media?parent=32093"}],"wp:term":[{"taxonomy":"product_brand","embeddable":true,"href":"https:\/\/www.clemenciaperis.com\/ca\/wp-json\/wp\/v2\/product_brand?post=32093"},{"taxonomy":"product_cat","embeddable":true,"href":"https:\/\/www.clemenciaperis.com\/ca\/wp-json\/wp\/v2\/product_cat?post=32093"},{"taxonomy":"product_tag","embeddable":true,"href":"https:\/\/www.clemenciaperis.com\/ca\/wp-json\/wp\/v2\/product_tag?post=32093"}],"curies":[{"name":"wp","href":"https:\/\/api.w.org\/{rel}","templated":true}]}}