{"id":31280,"date":"2023-01-02T14:50:30","date_gmt":"2023-01-02T14:50:30","guid":{"rendered":"http:\/\/clemenciaperis.es\/?post_type=product&#038;p=31280"},"modified":"2025-06-05T14:01:06","modified_gmt":"2025-06-05T12:01:06","slug":"anell-de-diamants-or-blanc-1-diamant-central-ac054","status":"publish","type":"product","link":"https:\/\/www.clemenciaperis.com\/ca\/p\/anell-de-diamants-or-blanc-1-diamant-central-ac054\/","title":{"rendered":"Anell or blanc amb 1 diamant central"},"content":{"rendered":"<div class=\"col-md-12 col-xs-12 desc\">\n<div>\n<p>El poder\u00f3s atractiu del diamant central \u00e9s un argument suficient perqu\u00e8 llueixi, d&#8217;un mode \u00fanic, sobre el bra\u00e7 d&#8217;or blanc de 18k. Una proposta directa, ferma i plena de significat. *<em>El diamant de l&#8217;anell de la imatge correspon a 0.30qt. <\/em>Anell de diamants &#8220;Col\u00b7lecci\u00f3 Per sempre&#8221;.<\/p>\n<\/div>\n<\/div>\n","protected":false},"excerpt":{"rendered":"<p>El poder\u00f3s atractiu del diamant central \u00e9s un argument suficient perqu\u00e8 llueixi, d&#8217;un mode \u00fanic, sobre el bra\u00e7 d&#8217;or blanc de 18k. Una proposta directa, ferma i plena de significat. *El diamant de l&#8217;anell de la imatge correspon a 0.30qt. Anell de diamants &#8220;Col\u00b7lecci\u00f3 Per sempre&#8221;.<\/p>\n","protected":false},"featured_media":130060,"template":"","meta":{"_acf_changed":false},"product_brand":[],"product_cat":[114,129,122,151,97],"product_tag":[],"class_list":{"0":"post-31280","1":"product","2":"type-product","3":"status-publish","4":"has-post-thumbnail","6":"product_cat-exclusius-3","7":"product_cat-or-blanc-3","8":"product_cat-moderns-3","9":"product_cat-talla-brillant-3","10":"product_cat-anells-de-diamants","12":"first","13":"instock","14":"taxable","15":"shipping-taxable","16":"product-type-variable"},"acf":[],"yoast_head":"<!-- This site is optimized with the Yoast SEO plugin v24.8.1 - https:\/\/yoast.com\/wordpress\/plugins\/seo\/ -->\n<title>Anell d&#039;or blanc amb diamant central - Joieria Clem\u00e8ncia Peris \u00ae<\/title>\n<meta name=\"description\" content=\"Anell or blanc amb 1 diamant central. Comprar anells de comprom\u00eds en Clem\u00e8ncia Peris a la millor opci\u00f3 online. Disseny exclusiu fet a m\u00e0.\" \/>\n<meta name=\"robots\" content=\"index, follow, max-snippet:-1, max-image-preview:large, max-video-preview:-1\" \/>\n<link rel=\"canonical\" href=\"https:\/\/www.clemenciaperis.com\/ca\/p\/anell-de-diamants-or-blanc-1-diamant-central-ac054\/\" \/>\n<meta property=\"og:locale\" content=\"ca_ES\" \/>\n<meta property=\"og:type\" content=\"article\" \/>\n<meta property=\"og:title\" content=\"Anell d&#039;or blanc amb diamant central - Joieria Clem\u00e8ncia Peris \u00ae\" \/>\n<meta property=\"og:description\" content=\"Anell or blanc amb 1 diamant central. Comprar anells de comprom\u00eds en Clem\u00e8ncia Peris a la millor opci\u00f3 online. Disseny exclusiu fet a m\u00e0.\" \/>\n<meta property=\"og:url\" content=\"https:\/\/www.clemenciaperis.com\/ca\/p\/anell-de-diamants-or-blanc-1-diamant-central-ac054\/\" \/>\n<meta property=\"og:site_name\" content=\"Joieria Clem\u00e8ncia Peris \u00ae\" \/>\n<meta property=\"article:publisher\" content=\"https:\/\/www.facebook.com\/clemenciaperisjewelry\" \/>\n<meta property=\"article:modified_time\" content=\"2025-06-05T12:01:06+00:00\" \/>\n<meta property=\"og:image\" content=\"https:\/\/www.clemenciaperis.com\/wp-content\/uploads\/2022\/09\/AC054-Cenital-2.webp\" \/>\n\t<meta property=\"og:image:width\" content=\"1000\" \/>\n\t<meta property=\"og:image:height\" content=\"1000\" \/>\n\t<meta property=\"og:image:type\" content=\"image\/webp\" \/>\n<meta name=\"twitter:card\" content=\"summary_large_image\" \/>\n<meta name=\"twitter:label1\" content=\"Disponibilitat\" \/>\n\t<meta name=\"twitter:data1\" content=\"En estoc\" \/>\n<script type=\"application\/ld+json\" class=\"yoast-schema-graph\">{\"@context\":\"https:\/\/schema.org\",\"@graph\":[{\"@type\":\"WebPage\",\"@id\":\"https:\/\/www.clemenciaperis.com\/ca\/p\/anell-de-diamants-or-blanc-1-diamant-central-ac054\/\",\"url\":\"https:\/\/www.clemenciaperis.com\/ca\/p\/anell-de-diamants-or-blanc-1-diamant-central-ac054\/\",\"name\":\"Anell d'or blanc amb diamant central - Joieria Clem\u00e8ncia Peris \u00ae\",\"isPartOf\":{\"@id\":\"https:\/\/www.clemenciaperis.com\/ca\/#website\"},\"primaryImageOfPage\":{\"@id\":\"https:\/\/www.clemenciaperis.com\/ca\/p\/anell-de-diamants-or-blanc-1-diamant-central-ac054\/#primaryimage\"},\"image\":{\"@id\":\"https:\/\/www.clemenciaperis.com\/ca\/p\/anell-de-diamants-or-blanc-1-diamant-central-ac054\/#primaryimage\"},\"thumbnailUrl\":\"https:\/\/www.clemenciaperis.com\/wp-content\/uploads\/2022\/09\/AC054-Cenital-2.webp\",\"datePublished\":\"2023-01-02T14:50:30+00:00\",\"dateModified\":\"2025-06-05T12:01:06+00:00\",\"description\":\"Anell or blanc amb 1 diamant central. Comprar anells de comprom\u00eds en Clem\u00e8ncia Peris a la millor opci\u00f3 online. Disseny exclusiu fet a m\u00e0.\",\"inLanguage\":\"ca\",\"potentialAction\":[{\"@type\":\"ReadAction\",\"target\":[\"https:\/\/www.clemenciaperis.com\/ca\/p\/anell-de-diamants-or-blanc-1-diamant-central-ac054\/\"]}]},{\"@type\":\"ImageObject\",\"inLanguage\":\"ca\",\"@id\":\"https:\/\/www.clemenciaperis.com\/ca\/p\/anell-de-diamants-or-blanc-1-diamant-central-ac054\/#primaryimage\",\"url\":\"https:\/\/www.clemenciaperis.com\/wp-content\/uploads\/2022\/09\/AC054-Cenital-2.webp\",\"contentUrl\":\"https:\/\/www.clemenciaperis.com\/wp-content\/uploads\/2022\/09\/AC054-Cenital-2.webp\",\"width\":1000,\"height\":1000},{\"@type\":\"BreadcrumbList\",\"@id\":\"https:\/\/www.clemenciaperis.com\/ca\/p\/anell-de-diamants-or-blanc-1-diamant-central-ac054\/#breadcrumb\",\"itemListElement\":[{\"@type\":\"ListItem\",\"position\":1,\"name\":\"Anells de Diamants\",\"item\":\"https:\/\/www.clemenciaperis.com\/ca\/c\/anells-de-diamants\/\"},{\"@type\":\"ListItem\",\"position\":2,\"name\":\"Anells de Diamants Exclusius\",\"item\":\"https:\/\/www.clemenciaperis.com\/ca\/c\/anells-de-diamants\/exclusius-3\/\"},{\"@type\":\"ListItem\",\"position\":3,\"name\":\"Anell or blanc amb 1 diamant central\"}]},{\"@type\":\"WebSite\",\"@id\":\"https:\/\/www.clemenciaperis.com\/ca\/#website\",\"url\":\"https:\/\/www.clemenciaperis.com\/ca\/\",\"name\":\"Joyer\u00eda Clem\u00e8ncia Peris \u00ae\",\"description\":\"Joyer\u00eda exclusiva en Barcelona desde 1979: Anillos de compromiso, alianzas de boda y anillos de diamantes.\",\"publisher\":{\"@id\":\"https:\/\/www.clemenciaperis.com\/ca\/#organization\"},\"potentialAction\":[{\"@type\":\"SearchAction\",\"target\":{\"@type\":\"EntryPoint\",\"urlTemplate\":\"https:\/\/www.clemenciaperis.com\/ca\/?s={search_term_string}\"},\"query-input\":{\"@type\":\"PropertyValueSpecification\",\"valueRequired\":true,\"valueName\":\"search_term_string\"}}],\"inLanguage\":\"ca\"},{\"@type\":\"Organization\",\"@id\":\"https:\/\/www.clemenciaperis.com\/ca\/#organization\",\"name\":\"Joyer\u00eda Clem\u00e8ncia Peris \u00ae\",\"url\":\"https:\/\/www.clemenciaperis.com\/ca\/\",\"logo\":{\"@type\":\"ImageObject\",\"inLanguage\":\"ca\",\"@id\":\"https:\/\/www.clemenciaperis.com\/ca\/#\/schema\/logo\/image\/\",\"url\":\"https:\/\/www.clemenciaperis.com\/wp-content\/uploads\/2023\/10\/Clemencia-peris-logo2.png\",\"contentUrl\":\"https:\/\/www.clemenciaperis.com\/wp-content\/uploads\/2023\/10\/Clemencia-peris-logo2.png\",\"width\":400,\"height\":400,\"caption\":\"Joyer\u00eda Clem\u00e8ncia Peris \u00ae\"},\"image\":{\"@id\":\"https:\/\/www.clemenciaperis.com\/ca\/#\/schema\/logo\/image\/\"},\"sameAs\":[\"https:\/\/www.facebook.com\/clemenciaperisjewelry\",\"https:\/\/www.instagram.com\/clemenciaperisjewels\/\",\"https:\/\/www.youtube.com\/channel\/UCbLZI0bC2wvj0PaS2aj99bA\"]}]}<\/script>\n<meta property=\"og:availability\" content=\"instock\" \/>\n<meta property=\"product:availability\" content=\"instock\" \/>\n<meta property=\"product:retailer_item_id\" content=\"ac054\" \/>\n<meta property=\"product:condition\" content=\"new\" \/>\n<!-- \/ Yoast SEO plugin. -->","yoast_head_json":{"title":"Anell d'or blanc amb diamant central - Joieria Clem\u00e8ncia Peris \u00ae","description":"Anell or blanc amb 1 diamant central. Comprar anells de comprom\u00eds en Clem\u00e8ncia Peris a la millor opci\u00f3 online. Disseny exclusiu fet a m\u00e0.","robots":{"index":"index","follow":"follow","max-snippet":"max-snippet:-1","max-image-preview":"max-image-preview:large","max-video-preview":"max-video-preview:-1"},"canonical":"https:\/\/www.clemenciaperis.com\/ca\/p\/anell-de-diamants-or-blanc-1-diamant-central-ac054\/","og_locale":"ca_ES","og_type":"article","og_title":"Anell d'or blanc amb diamant central - Joieria Clem\u00e8ncia Peris \u00ae","og_description":"Anell or blanc amb 1 diamant central. Comprar anells de comprom\u00eds en Clem\u00e8ncia Peris a la millor opci\u00f3 online. Disseny exclusiu fet a m\u00e0.","og_url":"https:\/\/www.clemenciaperis.com\/ca\/p\/anell-de-diamants-or-blanc-1-diamant-central-ac054\/","og_site_name":"Joieria Clem\u00e8ncia Peris \u00ae","article_publisher":"https:\/\/www.facebook.com\/clemenciaperisjewelry","article_modified_time":"2025-06-05T12:01:06+00:00","og_image":[{"width":1000,"height":1000,"url":"https:\/\/www.clemenciaperis.com\/wp-content\/uploads\/2022\/09\/AC054-Cenital-2.webp","type":"image\/webp"}],"twitter_card":"summary_large_image","twitter_misc":{"Disponibilitat":"En estoc"},"schema":{"@context":"https:\/\/schema.org","@graph":[{"@type":"WebPage","@id":"https:\/\/www.clemenciaperis.com\/ca\/p\/anell-de-diamants-or-blanc-1-diamant-central-ac054\/","url":"https:\/\/www.clemenciaperis.com\/ca\/p\/anell-de-diamants-or-blanc-1-diamant-central-ac054\/","name":"Anell d'or blanc amb diamant central - Joieria Clem\u00e8ncia Peris \u00ae","isPartOf":{"@id":"https:\/\/www.clemenciaperis.com\/ca\/#website"},"primaryImageOfPage":{"@id":"https:\/\/www.clemenciaperis.com\/ca\/p\/anell-de-diamants-or-blanc-1-diamant-central-ac054\/#primaryimage"},"image":{"@id":"https:\/\/www.clemenciaperis.com\/ca\/p\/anell-de-diamants-or-blanc-1-diamant-central-ac054\/#primaryimage"},"thumbnailUrl":"https:\/\/www.clemenciaperis.com\/wp-content\/uploads\/2022\/09\/AC054-Cenital-2.webp","datePublished":"2023-01-02T14:50:30+00:00","dateModified":"2025-06-05T12:01:06+00:00","description":"Anell or blanc amb 1 diamant central. Comprar anells de comprom\u00eds en Clem\u00e8ncia Peris a la millor opci\u00f3 online. Disseny exclusiu fet a m\u00e0.","inLanguage":"ca","potentialAction":[{"@type":"ReadAction","target":["https:\/\/www.clemenciaperis.com\/ca\/p\/anell-de-diamants-or-blanc-1-diamant-central-ac054\/"]}]},{"@type":"ImageObject","inLanguage":"ca","@id":"https:\/\/www.clemenciaperis.com\/ca\/p\/anell-de-diamants-or-blanc-1-diamant-central-ac054\/#primaryimage","url":"https:\/\/www.clemenciaperis.com\/wp-content\/uploads\/2022\/09\/AC054-Cenital-2.webp","contentUrl":"https:\/\/www.clemenciaperis.com\/wp-content\/uploads\/2022\/09\/AC054-Cenital-2.webp","width":1000,"height":1000},{"@type":"BreadcrumbList","@id":"https:\/\/www.clemenciaperis.com\/ca\/p\/anell-de-diamants-or-blanc-1-diamant-central-ac054\/#breadcrumb","itemListElement":[{"@type":"ListItem","position":1,"name":"Anells de Diamants","item":"https:\/\/www.clemenciaperis.com\/ca\/c\/anells-de-diamants\/"},{"@type":"ListItem","position":2,"name":"Anells de Diamants Exclusius","item":"https:\/\/www.clemenciaperis.com\/ca\/c\/anells-de-diamants\/exclusius-3\/"},{"@type":"ListItem","position":3,"name":"Anell or blanc amb 1 diamant central"}]},{"@type":"WebSite","@id":"https:\/\/www.clemenciaperis.com\/ca\/#website","url":"https:\/\/www.clemenciaperis.com\/ca\/","name":"Joyer\u00eda Clem\u00e8ncia Peris \u00ae","description":"Joyer\u00eda exclusiva en Barcelona desde 1979: Anillos de compromiso, alianzas de boda y anillos de diamantes.","publisher":{"@id":"https:\/\/www.clemenciaperis.com\/ca\/#organization"},"potentialAction":[{"@type":"SearchAction","target":{"@type":"EntryPoint","urlTemplate":"https:\/\/www.clemenciaperis.com\/ca\/?s={search_term_string}"},"query-input":{"@type":"PropertyValueSpecification","valueRequired":true,"valueName":"search_term_string"}}],"inLanguage":"ca"},{"@type":"Organization","@id":"https:\/\/www.clemenciaperis.com\/ca\/#organization","name":"Joyer\u00eda Clem\u00e8ncia Peris \u00ae","url":"https:\/\/www.clemenciaperis.com\/ca\/","logo":{"@type":"ImageObject","inLanguage":"ca","@id":"https:\/\/www.clemenciaperis.com\/ca\/#\/schema\/logo\/image\/","url":"https:\/\/www.clemenciaperis.com\/wp-content\/uploads\/2023\/10\/Clemencia-peris-logo2.png","contentUrl":"https:\/\/www.clemenciaperis.com\/wp-content\/uploads\/2023\/10\/Clemencia-peris-logo2.png","width":400,"height":400,"caption":"Joyer\u00eda Clem\u00e8ncia Peris \u00ae"},"image":{"@id":"https:\/\/www.clemenciaperis.com\/ca\/#\/schema\/logo\/image\/"},"sameAs":["https:\/\/www.facebook.com\/clemenciaperisjewelry","https:\/\/www.instagram.com\/clemenciaperisjewels\/","https:\/\/www.youtube.com\/channel\/UCbLZI0bC2wvj0PaS2aj99bA"]}]},"og_availability":"instock","product_availability":"instock","product_retailer_item_id":"ac054","product_condition":"new"},"_links":{"self":[{"href":"https:\/\/www.clemenciaperis.com\/ca\/wp-json\/wp\/v2\/product\/31280","targetHints":{"allow":["GET"]}}],"collection":[{"href":"https:\/\/www.clemenciaperis.com\/ca\/wp-json\/wp\/v2\/product"}],"about":[{"href":"https:\/\/www.clemenciaperis.com\/ca\/wp-json\/wp\/v2\/types\/product"}],"wp:featuredmedia":[{"embeddable":true,"href":"https:\/\/www.clemenciaperis.com\/ca\/wp-json\/wp\/v2\/media\/130060"}],"wp:attachment":[{"href":"https:\/\/www.clemenciaperis.com\/ca\/wp-json\/wp\/v2\/media?parent=31280"}],"wp:term":[{"taxonomy":"product_brand","embeddable":true,"href":"https:\/\/www.clemenciaperis.com\/ca\/wp-json\/wp\/v2\/product_brand?post=31280"},{"taxonomy":"product_cat","embeddable":true,"href":"https:\/\/www.clemenciaperis.com\/ca\/wp-json\/wp\/v2\/product_cat?post=31280"},{"taxonomy":"product_tag","embeddable":true,"href":"https:\/\/www.clemenciaperis.com\/ca\/wp-json\/wp\/v2\/product_tag?post=31280"}],"curies":[{"name":"wp","href":"https:\/\/api.w.org\/{rel}","templated":true}]}}