{"id":30712,"date":"2023-01-02T14:02:37","date_gmt":"2023-01-02T14:02:37","guid":{"rendered":"http:\/\/clemenciaperis.es\/?post_type=product&#038;p=30712"},"modified":"2023-02-06T15:39:58","modified_gmt":"2023-02-06T15:39:58","slug":"aliances-de-casament-or-blanc-18k-10-diamants-052","status":"publish","type":"product","link":"https:\/\/www.clemenciaperis.com\/ca\/p\/aliances-de-casament-or-blanc-18k-10-diamants-052\/","title":{"rendered":"Aliances de casament or blanc 18k amb 10 diamants"},"content":{"rendered":"<div class=\"col-md-12 col-xs-12 desc\">\n<div>\n<p>El poder de seducci\u00f3 d&#8217;aquesta <strong>alian\u00e7a de casament d&#8217;or blanc<\/strong> de 18k es multiplica en la seva part superior gr\u00e0cies als 10 diamants, en talla princesa, que han estat engastats en una l\u00ednia tan perfecta davant la qual tothom es rendeix en veure-la<\/p>\n<\/div>\n<\/div>\n","protected":false},"excerpt":{"rendered":"<p>El poder de seducci\u00f3 d&#8217;aquesta alian\u00e7a de casament d&#8217;or blanc de 18k es multiplica en la seva part superior gr\u00e0cies als 10 diamants, en talla princesa, que han estat engastats en una l\u00ednia tan perfecta davant la qual tothom es rendeix en veure-la<\/p>\n","protected":false},"featured_media":129909,"template":"","meta":{"_acf_changed":false},"product_brand":[],"product_cat":[17,131,109,94],"product_tag":[],"class_list":{"0":"post-30712","1":"product","2":"type-product","3":"status-publish","4":"has-post-thumbnail","6":"product_cat-uncategorized","7":"product_cat-or-blanc-2","8":"product_cat-diamants-2","9":"product_cat-aliances-de-casament","11":"first","12":"instock","13":"taxable","14":"shipping-taxable","15":"purchasable","16":"product-type-variable"},"acf":[],"yoast_head":"<!-- This site is optimized with the Yoast SEO plugin v24.8.1 - https:\/\/yoast.com\/wordpress\/plugins\/seo\/ -->\n<title>Aliances de casament amb 10 diamants - Joieria Clem\u00e8ncia Peris \u00ae<\/title>\n<meta name=\"description\" content=\"Anells de Compromis or blanc 18k amb 10 diamants. Joieria online de Luxe a Barcelona. Fet a ma i dissenyat exclusivament per Clemencia Peris.\" \/>\n<meta name=\"robots\" content=\"index, follow, max-snippet:-1, max-image-preview:large, max-video-preview:-1\" \/>\n<link rel=\"canonical\" href=\"https:\/\/www.clemenciaperis.com\/ca\/p\/aliances-de-casament-or-blanc-18k-10-diamants-052\/\" \/>\n<meta property=\"og:locale\" content=\"ca_ES\" \/>\n<meta property=\"og:type\" content=\"article\" \/>\n<meta property=\"og:title\" content=\"Aliances de casament amb 10 diamants - Joieria Clem\u00e8ncia Peris \u00ae\" \/>\n<meta property=\"og:description\" content=\"Anells de Compromis or blanc 18k amb 10 diamants. Joieria online de Luxe a Barcelona. Fet a ma i dissenyat exclusivament per Clemencia Peris.\" \/>\n<meta property=\"og:url\" content=\"https:\/\/www.clemenciaperis.com\/ca\/p\/aliances-de-casament-or-blanc-18k-10-diamants-052\/\" \/>\n<meta property=\"og:site_name\" content=\"Joieria Clem\u00e8ncia Peris \u00ae\" \/>\n<meta property=\"article:publisher\" content=\"https:\/\/www.facebook.com\/clemenciaperisjewelry\" \/>\n<meta property=\"article:modified_time\" content=\"2023-02-06T15:39:58+00:00\" \/>\n<meta property=\"og:image\" content=\"https:\/\/www.clemenciaperis.com\/wp-content\/uploads\/2022\/09\/AC052_DETAIL-IMAGE-C.webp\" \/>\n\t<meta property=\"og:image:width\" content=\"500\" \/>\n\t<meta property=\"og:image:height\" content=\"500\" \/>\n\t<meta property=\"og:image:type\" content=\"image\/webp\" \/>\n<meta name=\"twitter:card\" content=\"summary_large_image\" \/>\n<meta name=\"twitter:label1\" content=\"Disponibilitat\" \/>\n\t<meta name=\"twitter:data1\" content=\"En estoc\" \/>\n<script type=\"application\/ld+json\" class=\"yoast-schema-graph\">{\"@context\":\"https:\/\/schema.org\",\"@graph\":[{\"@type\":\"WebPage\",\"@id\":\"https:\/\/www.clemenciaperis.com\/ca\/p\/aliances-de-casament-or-blanc-18k-10-diamants-052\/\",\"url\":\"https:\/\/www.clemenciaperis.com\/ca\/p\/aliances-de-casament-or-blanc-18k-10-diamants-052\/\",\"name\":\"Aliances de casament amb 10 diamants - Joieria Clem\u00e8ncia Peris \u00ae\",\"isPartOf\":{\"@id\":\"https:\/\/www.clemenciaperis.com\/ca\/#website\"},\"primaryImageOfPage\":{\"@id\":\"https:\/\/www.clemenciaperis.com\/ca\/p\/aliances-de-casament-or-blanc-18k-10-diamants-052\/#primaryimage\"},\"image\":{\"@id\":\"https:\/\/www.clemenciaperis.com\/ca\/p\/aliances-de-casament-or-blanc-18k-10-diamants-052\/#primaryimage\"},\"thumbnailUrl\":\"https:\/\/www.clemenciaperis.com\/wp-content\/uploads\/2022\/09\/AC052_DETAIL-IMAGE-C-2.webp\",\"datePublished\":\"2023-01-02T14:02:37+00:00\",\"dateModified\":\"2023-02-06T15:39:58+00:00\",\"description\":\"Anells de Compromis or blanc 18k amb 10 diamants. Joieria online de Luxe a Barcelona. Fet a ma i dissenyat exclusivament per Clemencia Peris.\",\"inLanguage\":\"ca\",\"potentialAction\":[{\"@type\":\"ReadAction\",\"target\":[\"https:\/\/www.clemenciaperis.com\/ca\/p\/aliances-de-casament-or-blanc-18k-10-diamants-052\/\"]}]},{\"@type\":\"ImageObject\",\"inLanguage\":\"ca\",\"@id\":\"https:\/\/www.clemenciaperis.com\/ca\/p\/aliances-de-casament-or-blanc-18k-10-diamants-052\/#primaryimage\",\"url\":\"https:\/\/www.clemenciaperis.com\/wp-content\/uploads\/2022\/09\/AC052_DETAIL-IMAGE-C-2.webp\",\"contentUrl\":\"https:\/\/www.clemenciaperis.com\/wp-content\/uploads\/2022\/09\/AC052_DETAIL-IMAGE-C-2.webp\",\"width\":1000,\"height\":1000},{\"@type\":\"BreadcrumbList\",\"@id\":\"https:\/\/www.clemenciaperis.com\/ca\/p\/aliances-de-casament-or-blanc-18k-10-diamants-052\/#breadcrumb\",\"itemListElement\":[{\"@type\":\"ListItem\",\"position\":1,\"name\":\"Aliances de Casament\",\"item\":\"https:\/\/www.clemenciaperis.com\/ca\/c\/aliances-de-casament\/\"},{\"@type\":\"ListItem\",\"position\":2,\"name\":\"Aliances de Casament amb Diamants\",\"item\":\"https:\/\/www.clemenciaperis.com\/ca\/c\/aliances-de-casament\/diamants-2\/\"},{\"@type\":\"ListItem\",\"position\":3,\"name\":\"Aliances de casament or blanc 18k amb 10 diamants\"}]},{\"@type\":\"WebSite\",\"@id\":\"https:\/\/www.clemenciaperis.com\/ca\/#website\",\"url\":\"https:\/\/www.clemenciaperis.com\/ca\/\",\"name\":\"Joyer\u00eda Clem\u00e8ncia Peris \u00ae\",\"description\":\"Joyer\u00eda exclusiva en Barcelona desde 1979: Anillos de compromiso, alianzas de boda y anillos de diamantes.\",\"publisher\":{\"@id\":\"https:\/\/www.clemenciaperis.com\/ca\/#organization\"},\"potentialAction\":[{\"@type\":\"SearchAction\",\"target\":{\"@type\":\"EntryPoint\",\"urlTemplate\":\"https:\/\/www.clemenciaperis.com\/ca\/?s={search_term_string}\"},\"query-input\":{\"@type\":\"PropertyValueSpecification\",\"valueRequired\":true,\"valueName\":\"search_term_string\"}}],\"inLanguage\":\"ca\"},{\"@type\":\"Organization\",\"@id\":\"https:\/\/www.clemenciaperis.com\/ca\/#organization\",\"name\":\"Joyer\u00eda Clem\u00e8ncia Peris \u00ae\",\"url\":\"https:\/\/www.clemenciaperis.com\/ca\/\",\"logo\":{\"@type\":\"ImageObject\",\"inLanguage\":\"ca\",\"@id\":\"https:\/\/www.clemenciaperis.com\/ca\/#\/schema\/logo\/image\/\",\"url\":\"https:\/\/www.clemenciaperis.com\/wp-content\/uploads\/2023\/10\/Clemencia-peris-logo2.png\",\"contentUrl\":\"https:\/\/www.clemenciaperis.com\/wp-content\/uploads\/2023\/10\/Clemencia-peris-logo2.png\",\"width\":400,\"height\":400,\"caption\":\"Joyer\u00eda Clem\u00e8ncia Peris \u00ae\"},\"image\":{\"@id\":\"https:\/\/www.clemenciaperis.com\/ca\/#\/schema\/logo\/image\/\"},\"sameAs\":[\"https:\/\/www.facebook.com\/clemenciaperisjewelry\",\"https:\/\/www.instagram.com\/clemenciaperisjewels\/\",\"https:\/\/www.youtube.com\/channel\/UCbLZI0bC2wvj0PaS2aj99bA\"]}]}<\/script>\n<meta property=\"og:availability\" content=\"instock\" \/>\n<meta property=\"product:availability\" content=\"instock\" \/>\n<meta property=\"product:retailer_item_id\" content=\"ac052\" \/>\n<meta property=\"product:condition\" content=\"new\" \/>\n<!-- \/ Yoast SEO plugin. -->","yoast_head_json":{"title":"Aliances de casament amb 10 diamants - Joieria Clem\u00e8ncia Peris \u00ae","description":"Anells de Compromis or blanc 18k amb 10 diamants. Joieria online de Luxe a Barcelona. Fet a ma i dissenyat exclusivament per Clemencia Peris.","robots":{"index":"index","follow":"follow","max-snippet":"max-snippet:-1","max-image-preview":"max-image-preview:large","max-video-preview":"max-video-preview:-1"},"canonical":"https:\/\/www.clemenciaperis.com\/ca\/p\/aliances-de-casament-or-blanc-18k-10-diamants-052\/","og_locale":"ca_ES","og_type":"article","og_title":"Aliances de casament amb 10 diamants - Joieria Clem\u00e8ncia Peris \u00ae","og_description":"Anells de Compromis or blanc 18k amb 10 diamants. Joieria online de Luxe a Barcelona. Fet a ma i dissenyat exclusivament per Clemencia Peris.","og_url":"https:\/\/www.clemenciaperis.com\/ca\/p\/aliances-de-casament-or-blanc-18k-10-diamants-052\/","og_site_name":"Joieria Clem\u00e8ncia Peris \u00ae","article_publisher":"https:\/\/www.facebook.com\/clemenciaperisjewelry","article_modified_time":"2023-02-06T15:39:58+00:00","og_image":[{"width":500,"height":500,"url":"https:\/\/www.clemenciaperis.com\/wp-content\/uploads\/2022\/09\/AC052_DETAIL-IMAGE-C.webp","type":"image\/webp"}],"twitter_card":"summary_large_image","twitter_misc":{"Disponibilitat":"En estoc"},"schema":{"@context":"https:\/\/schema.org","@graph":[{"@type":"WebPage","@id":"https:\/\/www.clemenciaperis.com\/ca\/p\/aliances-de-casament-or-blanc-18k-10-diamants-052\/","url":"https:\/\/www.clemenciaperis.com\/ca\/p\/aliances-de-casament-or-blanc-18k-10-diamants-052\/","name":"Aliances de casament amb 10 diamants - Joieria Clem\u00e8ncia Peris \u00ae","isPartOf":{"@id":"https:\/\/www.clemenciaperis.com\/ca\/#website"},"primaryImageOfPage":{"@id":"https:\/\/www.clemenciaperis.com\/ca\/p\/aliances-de-casament-or-blanc-18k-10-diamants-052\/#primaryimage"},"image":{"@id":"https:\/\/www.clemenciaperis.com\/ca\/p\/aliances-de-casament-or-blanc-18k-10-diamants-052\/#primaryimage"},"thumbnailUrl":"https:\/\/www.clemenciaperis.com\/wp-content\/uploads\/2022\/09\/AC052_DETAIL-IMAGE-C-2.webp","datePublished":"2023-01-02T14:02:37+00:00","dateModified":"2023-02-06T15:39:58+00:00","description":"Anells de Compromis or blanc 18k amb 10 diamants. Joieria online de Luxe a Barcelona. Fet a ma i dissenyat exclusivament per Clemencia Peris.","inLanguage":"ca","potentialAction":[{"@type":"ReadAction","target":["https:\/\/www.clemenciaperis.com\/ca\/p\/aliances-de-casament-or-blanc-18k-10-diamants-052\/"]}]},{"@type":"ImageObject","inLanguage":"ca","@id":"https:\/\/www.clemenciaperis.com\/ca\/p\/aliances-de-casament-or-blanc-18k-10-diamants-052\/#primaryimage","url":"https:\/\/www.clemenciaperis.com\/wp-content\/uploads\/2022\/09\/AC052_DETAIL-IMAGE-C-2.webp","contentUrl":"https:\/\/www.clemenciaperis.com\/wp-content\/uploads\/2022\/09\/AC052_DETAIL-IMAGE-C-2.webp","width":1000,"height":1000},{"@type":"BreadcrumbList","@id":"https:\/\/www.clemenciaperis.com\/ca\/p\/aliances-de-casament-or-blanc-18k-10-diamants-052\/#breadcrumb","itemListElement":[{"@type":"ListItem","position":1,"name":"Aliances de Casament","item":"https:\/\/www.clemenciaperis.com\/ca\/c\/aliances-de-casament\/"},{"@type":"ListItem","position":2,"name":"Aliances de Casament amb Diamants","item":"https:\/\/www.clemenciaperis.com\/ca\/c\/aliances-de-casament\/diamants-2\/"},{"@type":"ListItem","position":3,"name":"Aliances de casament or blanc 18k amb 10 diamants"}]},{"@type":"WebSite","@id":"https:\/\/www.clemenciaperis.com\/ca\/#website","url":"https:\/\/www.clemenciaperis.com\/ca\/","name":"Joyer\u00eda Clem\u00e8ncia Peris \u00ae","description":"Joyer\u00eda exclusiva en Barcelona desde 1979: Anillos de compromiso, alianzas de boda y anillos de diamantes.","publisher":{"@id":"https:\/\/www.clemenciaperis.com\/ca\/#organization"},"potentialAction":[{"@type":"SearchAction","target":{"@type":"EntryPoint","urlTemplate":"https:\/\/www.clemenciaperis.com\/ca\/?s={search_term_string}"},"query-input":{"@type":"PropertyValueSpecification","valueRequired":true,"valueName":"search_term_string"}}],"inLanguage":"ca"},{"@type":"Organization","@id":"https:\/\/www.clemenciaperis.com\/ca\/#organization","name":"Joyer\u00eda Clem\u00e8ncia Peris \u00ae","url":"https:\/\/www.clemenciaperis.com\/ca\/","logo":{"@type":"ImageObject","inLanguage":"ca","@id":"https:\/\/www.clemenciaperis.com\/ca\/#\/schema\/logo\/image\/","url":"https:\/\/www.clemenciaperis.com\/wp-content\/uploads\/2023\/10\/Clemencia-peris-logo2.png","contentUrl":"https:\/\/www.clemenciaperis.com\/wp-content\/uploads\/2023\/10\/Clemencia-peris-logo2.png","width":400,"height":400,"caption":"Joyer\u00eda Clem\u00e8ncia Peris \u00ae"},"image":{"@id":"https:\/\/www.clemenciaperis.com\/ca\/#\/schema\/logo\/image\/"},"sameAs":["https:\/\/www.facebook.com\/clemenciaperisjewelry","https:\/\/www.instagram.com\/clemenciaperisjewels\/","https:\/\/www.youtube.com\/channel\/UCbLZI0bC2wvj0PaS2aj99bA"]}]},"og_availability":"instock","product_availability":"instock","product_retailer_item_id":"ac052","product_condition":"new"},"_links":{"self":[{"href":"https:\/\/www.clemenciaperis.com\/ca\/wp-json\/wp\/v2\/product\/30712","targetHints":{"allow":["GET"]}}],"collection":[{"href":"https:\/\/www.clemenciaperis.com\/ca\/wp-json\/wp\/v2\/product"}],"about":[{"href":"https:\/\/www.clemenciaperis.com\/ca\/wp-json\/wp\/v2\/types\/product"}],"wp:featuredmedia":[{"embeddable":true,"href":"https:\/\/www.clemenciaperis.com\/ca\/wp-json\/wp\/v2\/media\/129909"}],"wp:attachment":[{"href":"https:\/\/www.clemenciaperis.com\/ca\/wp-json\/wp\/v2\/media?parent=30712"}],"wp:term":[{"taxonomy":"product_brand","embeddable":true,"href":"https:\/\/www.clemenciaperis.com\/ca\/wp-json\/wp\/v2\/product_brand?post=30712"},{"taxonomy":"product_cat","embeddable":true,"href":"https:\/\/www.clemenciaperis.com\/ca\/wp-json\/wp\/v2\/product_cat?post=30712"},{"taxonomy":"product_tag","embeddable":true,"href":"https:\/\/www.clemenciaperis.com\/ca\/wp-json\/wp\/v2\/product_tag?post=30712"}],"curies":[{"name":"wp","href":"https:\/\/api.w.org\/{rel}","templated":true}]}}