{"id":29963,"date":"2023-01-02T11:50:10","date_gmt":"2023-01-02T11:50:10","guid":{"rendered":"http:\/\/clemenciaperis.es\/?post_type=product&#038;p=29963"},"modified":"2023-02-06T15:24:45","modified_gmt":"2023-02-06T15:24:45","slug":"anell-de-compromis-or-blanc-143-diamants-robi-natural-birmania-049r","status":"publish","type":"product","link":"https:\/\/www.clemenciaperis.com\/ca\/p\/anell-de-compromis-or-blanc-143-diamants-robi-natural-birmania-049r\/","title":{"rendered":"Anells de Comprom\u00eds or blanc amb 143 diamants i Rob\u00ed natural de Birm\u00e0nia"},"content":{"rendered":"<div class=\"col-md-12 col-xs-12 desc\">\n<div>\n<p>Aquest anell de comprom\u00eds, que pertany a la col\u00b7lecci\u00f3 Per Sempre, llueix en el centre un impressionant rob\u00ed natural de Birm\u00e0nia real\u00e7at per 143 diamants, de talla brillant, tipus pav\u00e9, de 2,49 quirats de pes. Una obra \u00fanica per segellar un moment etern.<\/p>\n<p>Anells de Comprom\u00eds col\u00b7lecci\u00f3 Per sempre<\/p>\n<\/div>\n<\/div>\n","protected":false},"excerpt":{"rendered":"<p>Aquest anell de comprom\u00eds, que pertany a la col\u00b7lecci\u00f3 Per Sempre, llueix en el centre un impressionant rob\u00ed natural de Birm\u00e0nia real\u00e7at per 143 diamants, de talla brillant, tipus pav\u00e9, de 2,49 quirats de pes. Una obra \u00fanica per segellar un moment etern. Anells de Comprom\u00eds col\u00b7lecci\u00f3 Per sempre<\/p>\n","protected":false},"featured_media":131216,"template":"","meta":{"_acf_changed":false},"product_brand":[],"product_cat":[146,130,150,148,121,96],"product_tag":[],"class_list":{"0":"post-29963","1":"product","2":"type-product","3":"status-publish","4":"has-post-thumbnail","6":"product_cat-rubis","7":"product_cat-or-blanc","8":"product_cat-talla-brillant","9":"product_cat-solitari-pave","10":"product_cat-moderns","11":"product_cat-anells-de-compromis","13":"first","14":"instock","15":"taxable","16":"shipping-taxable","17":"purchasable","18":"product-type-variable"},"acf":[],"yoast_head":"<!-- This site is optimized with the Yoast SEO plugin v24.8.1 - https:\/\/yoast.com\/wordpress\/plugins\/seo\/ -->\n<title>Anells de comprom\u00eds 143 diamants i Rob\u00ed natural - Joieria Clem\u00e8ncia Peris \u00ae<\/title>\n<meta name=\"description\" content=\"Anells de comprom\u00eds or blanc amb 143 diamants i Rob\u00ed natural de Birm\u00e0nia. Disseny exclusiu fet a m\u00e0. Joies Dissenyades a Barcelona.\" \/>\n<meta name=\"robots\" content=\"index, follow, max-snippet:-1, max-image-preview:large, max-video-preview:-1\" \/>\n<link rel=\"canonical\" href=\"https:\/\/www.clemenciaperis.com\/ca\/p\/anell-de-compromis-or-blanc-143-diamants-robi-natural-birmania-049r\/\" \/>\n<meta property=\"og:locale\" content=\"ca_ES\" \/>\n<meta property=\"og:type\" content=\"article\" \/>\n<meta property=\"og:title\" content=\"Anells de comprom\u00eds 143 diamants i Rob\u00ed natural - Joieria Clem\u00e8ncia Peris \u00ae\" \/>\n<meta property=\"og:description\" content=\"Anells de comprom\u00eds or blanc amb 143 diamants i Rob\u00ed natural de Birm\u00e0nia. Disseny exclusiu fet a m\u00e0. Joies Dissenyades a Barcelona.\" \/>\n<meta property=\"og:url\" content=\"https:\/\/www.clemenciaperis.com\/ca\/p\/anell-de-compromis-or-blanc-143-diamants-robi-natural-birmania-049r\/\" \/>\n<meta property=\"og:site_name\" content=\"Joieria Clem\u00e8ncia Peris \u00ae\" \/>\n<meta property=\"article:publisher\" content=\"https:\/\/www.facebook.com\/clemenciaperisjewelry\" \/>\n<meta property=\"article:modified_time\" content=\"2023-02-06T15:24:45+00:00\" \/>\n<meta property=\"og:image\" content=\"https:\/\/www.clemenciaperis.com\/wp-content\/uploads\/2020\/09\/AC049R_detail-image-C.webp\" \/>\n\t<meta property=\"og:image:width\" content=\"500\" \/>\n\t<meta property=\"og:image:height\" content=\"500\" \/>\n\t<meta property=\"og:image:type\" content=\"image\/webp\" \/>\n<meta name=\"twitter:card\" content=\"summary_large_image\" \/>\n<meta name=\"twitter:label1\" content=\"Disponibilitat\" \/>\n\t<meta name=\"twitter:data1\" content=\"En estoc\" \/>\n<script type=\"application\/ld+json\" class=\"yoast-schema-graph\">{\"@context\":\"https:\/\/schema.org\",\"@graph\":[{\"@type\":\"WebPage\",\"@id\":\"https:\/\/www.clemenciaperis.com\/ca\/p\/anell-de-compromis-or-blanc-143-diamants-robi-natural-birmania-049r\/\",\"url\":\"https:\/\/www.clemenciaperis.com\/ca\/p\/anell-de-compromis-or-blanc-143-diamants-robi-natural-birmania-049r\/\",\"name\":\"Anells de comprom\u00eds 143 diamants i Rob\u00ed natural - Joieria Clem\u00e8ncia Peris \u00ae\",\"isPartOf\":{\"@id\":\"https:\/\/www.clemenciaperis.com\/ca\/#website\"},\"primaryImageOfPage\":{\"@id\":\"https:\/\/www.clemenciaperis.com\/ca\/p\/anell-de-compromis-or-blanc-143-diamants-robi-natural-birmania-049r\/#primaryimage\"},\"image\":{\"@id\":\"https:\/\/www.clemenciaperis.com\/ca\/p\/anell-de-compromis-or-blanc-143-diamants-robi-natural-birmania-049r\/#primaryimage\"},\"thumbnailUrl\":\"https:\/\/www.clemenciaperis.com\/wp-content\/uploads\/2022\/09\/AC049R_detail-image-C.webp\",\"datePublished\":\"2023-01-02T11:50:10+00:00\",\"dateModified\":\"2023-02-06T15:24:45+00:00\",\"description\":\"Anells de comprom\u00eds or blanc amb 143 diamants i Rob\u00ed natural de Birm\u00e0nia. Disseny exclusiu fet a m\u00e0. Joies Dissenyades a Barcelona.\",\"inLanguage\":\"ca\",\"potentialAction\":[{\"@type\":\"ReadAction\",\"target\":[\"https:\/\/www.clemenciaperis.com\/ca\/p\/anell-de-compromis-or-blanc-143-diamants-robi-natural-birmania-049r\/\"]}]},{\"@type\":\"ImageObject\",\"inLanguage\":\"ca\",\"@id\":\"https:\/\/www.clemenciaperis.com\/ca\/p\/anell-de-compromis-or-blanc-143-diamants-robi-natural-birmania-049r\/#primaryimage\",\"url\":\"https:\/\/www.clemenciaperis.com\/wp-content\/uploads\/2022\/09\/AC049R_detail-image-C.webp\",\"contentUrl\":\"https:\/\/www.clemenciaperis.com\/wp-content\/uploads\/2022\/09\/AC049R_detail-image-C.webp\",\"width\":1000,\"height\":1000},{\"@type\":\"BreadcrumbList\",\"@id\":\"https:\/\/www.clemenciaperis.com\/ca\/p\/anell-de-compromis-or-blanc-143-diamants-robi-natural-birmania-049r\/#breadcrumb\",\"itemListElement\":[{\"@type\":\"ListItem\",\"position\":1,\"name\":\"Anells de Comprom\u00eds\",\"item\":\"https:\/\/www.clemenciaperis.com\/ca\/c\/anells-de-compromis\/\"},{\"@type\":\"ListItem\",\"position\":2,\"name\":\"Anells de Comprom\u00eds amb Rub\u00eds\",\"item\":\"https:\/\/www.clemenciaperis.com\/ca\/c\/anells-de-compromis\/rubis\/\"},{\"@type\":\"ListItem\",\"position\":3,\"name\":\"Anells de Comprom\u00eds or blanc amb 143 diamants i Rob\u00ed natural de Birm\u00e0nia\"}]},{\"@type\":\"WebSite\",\"@id\":\"https:\/\/www.clemenciaperis.com\/ca\/#website\",\"url\":\"https:\/\/www.clemenciaperis.com\/ca\/\",\"name\":\"Joyer\u00eda Clem\u00e8ncia Peris \u00ae\",\"description\":\"Joyer\u00eda exclusiva en Barcelona desde 1979: Anillos de compromiso, alianzas de boda y anillos de diamantes.\",\"publisher\":{\"@id\":\"https:\/\/www.clemenciaperis.com\/ca\/#organization\"},\"potentialAction\":[{\"@type\":\"SearchAction\",\"target\":{\"@type\":\"EntryPoint\",\"urlTemplate\":\"https:\/\/www.clemenciaperis.com\/ca\/?s={search_term_string}\"},\"query-input\":{\"@type\":\"PropertyValueSpecification\",\"valueRequired\":true,\"valueName\":\"search_term_string\"}}],\"inLanguage\":\"ca\"},{\"@type\":\"Organization\",\"@id\":\"https:\/\/www.clemenciaperis.com\/ca\/#organization\",\"name\":\"Joyer\u00eda Clem\u00e8ncia Peris \u00ae\",\"url\":\"https:\/\/www.clemenciaperis.com\/ca\/\",\"logo\":{\"@type\":\"ImageObject\",\"inLanguage\":\"ca\",\"@id\":\"https:\/\/www.clemenciaperis.com\/ca\/#\/schema\/logo\/image\/\",\"url\":\"https:\/\/www.clemenciaperis.com\/wp-content\/uploads\/2023\/10\/Clemencia-peris-logo2.png\",\"contentUrl\":\"https:\/\/www.clemenciaperis.com\/wp-content\/uploads\/2023\/10\/Clemencia-peris-logo2.png\",\"width\":400,\"height\":400,\"caption\":\"Joyer\u00eda Clem\u00e8ncia Peris \u00ae\"},\"image\":{\"@id\":\"https:\/\/www.clemenciaperis.com\/ca\/#\/schema\/logo\/image\/\"},\"sameAs\":[\"https:\/\/www.facebook.com\/clemenciaperisjewelry\",\"https:\/\/www.instagram.com\/clemenciaperisjewels\/\",\"https:\/\/www.youtube.com\/channel\/UCbLZI0bC2wvj0PaS2aj99bA\"]}]}<\/script>\n<meta property=\"og:availability\" content=\"instock\" \/>\n<meta property=\"product:availability\" content=\"instock\" \/>\n<meta property=\"product:retailer_item_id\" content=\"ac049r\" \/>\n<meta property=\"product:condition\" content=\"new\" \/>\n<!-- \/ Yoast SEO plugin. -->","yoast_head_json":{"title":"Anells de comprom\u00eds 143 diamants i Rob\u00ed natural - Joieria Clem\u00e8ncia Peris \u00ae","description":"Anells de comprom\u00eds or blanc amb 143 diamants i Rob\u00ed natural de Birm\u00e0nia. Disseny exclusiu fet a m\u00e0. Joies Dissenyades a Barcelona.","robots":{"index":"index","follow":"follow","max-snippet":"max-snippet:-1","max-image-preview":"max-image-preview:large","max-video-preview":"max-video-preview:-1"},"canonical":"https:\/\/www.clemenciaperis.com\/ca\/p\/anell-de-compromis-or-blanc-143-diamants-robi-natural-birmania-049r\/","og_locale":"ca_ES","og_type":"article","og_title":"Anells de comprom\u00eds 143 diamants i Rob\u00ed natural - Joieria Clem\u00e8ncia Peris \u00ae","og_description":"Anells de comprom\u00eds or blanc amb 143 diamants i Rob\u00ed natural de Birm\u00e0nia. Disseny exclusiu fet a m\u00e0. Joies Dissenyades a Barcelona.","og_url":"https:\/\/www.clemenciaperis.com\/ca\/p\/anell-de-compromis-or-blanc-143-diamants-robi-natural-birmania-049r\/","og_site_name":"Joieria Clem\u00e8ncia Peris \u00ae","article_publisher":"https:\/\/www.facebook.com\/clemenciaperisjewelry","article_modified_time":"2023-02-06T15:24:45+00:00","og_image":[{"width":500,"height":500,"url":"https:\/\/www.clemenciaperis.com\/wp-content\/uploads\/2020\/09\/AC049R_detail-image-C.webp","type":"image\/webp"}],"twitter_card":"summary_large_image","twitter_misc":{"Disponibilitat":"En estoc"},"schema":{"@context":"https:\/\/schema.org","@graph":[{"@type":"WebPage","@id":"https:\/\/www.clemenciaperis.com\/ca\/p\/anell-de-compromis-or-blanc-143-diamants-robi-natural-birmania-049r\/","url":"https:\/\/www.clemenciaperis.com\/ca\/p\/anell-de-compromis-or-blanc-143-diamants-robi-natural-birmania-049r\/","name":"Anells de comprom\u00eds 143 diamants i Rob\u00ed natural - Joieria Clem\u00e8ncia Peris \u00ae","isPartOf":{"@id":"https:\/\/www.clemenciaperis.com\/ca\/#website"},"primaryImageOfPage":{"@id":"https:\/\/www.clemenciaperis.com\/ca\/p\/anell-de-compromis-or-blanc-143-diamants-robi-natural-birmania-049r\/#primaryimage"},"image":{"@id":"https:\/\/www.clemenciaperis.com\/ca\/p\/anell-de-compromis-or-blanc-143-diamants-robi-natural-birmania-049r\/#primaryimage"},"thumbnailUrl":"https:\/\/www.clemenciaperis.com\/wp-content\/uploads\/2022\/09\/AC049R_detail-image-C.webp","datePublished":"2023-01-02T11:50:10+00:00","dateModified":"2023-02-06T15:24:45+00:00","description":"Anells de comprom\u00eds or blanc amb 143 diamants i Rob\u00ed natural de Birm\u00e0nia. Disseny exclusiu fet a m\u00e0. Joies Dissenyades a Barcelona.","inLanguage":"ca","potentialAction":[{"@type":"ReadAction","target":["https:\/\/www.clemenciaperis.com\/ca\/p\/anell-de-compromis-or-blanc-143-diamants-robi-natural-birmania-049r\/"]}]},{"@type":"ImageObject","inLanguage":"ca","@id":"https:\/\/www.clemenciaperis.com\/ca\/p\/anell-de-compromis-or-blanc-143-diamants-robi-natural-birmania-049r\/#primaryimage","url":"https:\/\/www.clemenciaperis.com\/wp-content\/uploads\/2022\/09\/AC049R_detail-image-C.webp","contentUrl":"https:\/\/www.clemenciaperis.com\/wp-content\/uploads\/2022\/09\/AC049R_detail-image-C.webp","width":1000,"height":1000},{"@type":"BreadcrumbList","@id":"https:\/\/www.clemenciaperis.com\/ca\/p\/anell-de-compromis-or-blanc-143-diamants-robi-natural-birmania-049r\/#breadcrumb","itemListElement":[{"@type":"ListItem","position":1,"name":"Anells de Comprom\u00eds","item":"https:\/\/www.clemenciaperis.com\/ca\/c\/anells-de-compromis\/"},{"@type":"ListItem","position":2,"name":"Anells de Comprom\u00eds amb Rub\u00eds","item":"https:\/\/www.clemenciaperis.com\/ca\/c\/anells-de-compromis\/rubis\/"},{"@type":"ListItem","position":3,"name":"Anells de Comprom\u00eds or blanc amb 143 diamants i Rob\u00ed natural de Birm\u00e0nia"}]},{"@type":"WebSite","@id":"https:\/\/www.clemenciaperis.com\/ca\/#website","url":"https:\/\/www.clemenciaperis.com\/ca\/","name":"Joyer\u00eda Clem\u00e8ncia Peris \u00ae","description":"Joyer\u00eda exclusiva en Barcelona desde 1979: Anillos de compromiso, alianzas de boda y anillos de diamantes.","publisher":{"@id":"https:\/\/www.clemenciaperis.com\/ca\/#organization"},"potentialAction":[{"@type":"SearchAction","target":{"@type":"EntryPoint","urlTemplate":"https:\/\/www.clemenciaperis.com\/ca\/?s={search_term_string}"},"query-input":{"@type":"PropertyValueSpecification","valueRequired":true,"valueName":"search_term_string"}}],"inLanguage":"ca"},{"@type":"Organization","@id":"https:\/\/www.clemenciaperis.com\/ca\/#organization","name":"Joyer\u00eda Clem\u00e8ncia Peris \u00ae","url":"https:\/\/www.clemenciaperis.com\/ca\/","logo":{"@type":"ImageObject","inLanguage":"ca","@id":"https:\/\/www.clemenciaperis.com\/ca\/#\/schema\/logo\/image\/","url":"https:\/\/www.clemenciaperis.com\/wp-content\/uploads\/2023\/10\/Clemencia-peris-logo2.png","contentUrl":"https:\/\/www.clemenciaperis.com\/wp-content\/uploads\/2023\/10\/Clemencia-peris-logo2.png","width":400,"height":400,"caption":"Joyer\u00eda Clem\u00e8ncia Peris \u00ae"},"image":{"@id":"https:\/\/www.clemenciaperis.com\/ca\/#\/schema\/logo\/image\/"},"sameAs":["https:\/\/www.facebook.com\/clemenciaperisjewelry","https:\/\/www.instagram.com\/clemenciaperisjewels\/","https:\/\/www.youtube.com\/channel\/UCbLZI0bC2wvj0PaS2aj99bA"]}]},"og_availability":"instock","product_availability":"instock","product_retailer_item_id":"ac049r","product_condition":"new"},"_links":{"self":[{"href":"https:\/\/www.clemenciaperis.com\/ca\/wp-json\/wp\/v2\/product\/29963","targetHints":{"allow":["GET"]}}],"collection":[{"href":"https:\/\/www.clemenciaperis.com\/ca\/wp-json\/wp\/v2\/product"}],"about":[{"href":"https:\/\/www.clemenciaperis.com\/ca\/wp-json\/wp\/v2\/types\/product"}],"wp:featuredmedia":[{"embeddable":true,"href":"https:\/\/www.clemenciaperis.com\/ca\/wp-json\/wp\/v2\/media\/131216"}],"wp:attachment":[{"href":"https:\/\/www.clemenciaperis.com\/ca\/wp-json\/wp\/v2\/media?parent=29963"}],"wp:term":[{"taxonomy":"product_brand","embeddable":true,"href":"https:\/\/www.clemenciaperis.com\/ca\/wp-json\/wp\/v2\/product_brand?post=29963"},{"taxonomy":"product_cat","embeddable":true,"href":"https:\/\/www.clemenciaperis.com\/ca\/wp-json\/wp\/v2\/product_cat?post=29963"},{"taxonomy":"product_tag","embeddable":true,"href":"https:\/\/www.clemenciaperis.com\/ca\/wp-json\/wp\/v2\/product_tag?post=29963"}],"curies":[{"name":"wp","href":"https:\/\/api.w.org\/{rel}","templated":true}]}}