{"id":29095,"date":"2022-12-23T16:31:02","date_gmt":"2022-12-23T16:31:02","guid":{"rendered":"http:\/\/clemenciaperis.es\/?post_type=product&#038;p=29095"},"modified":"2023-04-13T12:07:53","modified_gmt":"2023-04-13T12:07:53","slug":"anells-de-compromis-or-blanc-143-diamants-maragda-049e","status":"publish","type":"product","link":"https:\/\/www.clemenciaperis.com\/ca\/p\/anells-de-compromis-or-blanc-143-diamants-maragda-049e\/","title":{"rendered":"Anells de Comprom\u00eds or blanc 143 diamants amb Maragda natural"},"content":{"rendered":"<div class=\"col-md-12 col-xs-12 desc\">\n<div>\n<p>L&#8217;espectacular maragda natural que llueix aquest anell de comprom\u00eds ja impressiona des de la faceta superior del pav\u00e9, amb 143 diamants en talla brillant. Igual que les altres joies de la col\u00b7lecci\u00f3 \u201cPer Sempre\u201d de Clem\u00e8ncia Peris, aquesta pe\u00e7a s&#8217;enorgullir\u00e0 de la seva bellesa per sempre m\u00e9s.<\/p>\n<p><strong>Anells de comprom\u00eds Col\u00b7lecci\u00f3 Per sempre<\/strong><\/p>\n<\/div>\n<\/div>\n","protected":false},"excerpt":{"rendered":"<p>L&#8217;espectacular maragda natural que llueix aquest anell de comprom\u00eds ja impressiona des de la faceta superior del pav\u00e9, amb 143 diamants en talla brillant. Igual que les altres joies de la col\u00b7lecci\u00f3 \u201cPer Sempre\u201d de Clem\u00e8ncia Peris, aquesta pe\u00e7a s&#8217;enorgullir\u00e0 de la seva bellesa per sempre m\u00e9s. Anells de comprom\u00eds Col\u00b7lecci\u00f3 Per sempre<\/p>\n","protected":false},"featured_media":131213,"template":"","meta":{"_acf_changed":false},"product_brand":[],"product_cat":[110,130,150,148,121,96],"product_tag":[],"class_list":{"0":"post-29095","1":"product","2":"type-product","3":"status-publish","4":"has-post-thumbnail","6":"product_cat-maragda","7":"product_cat-or-blanc","8":"product_cat-talla-brillant","9":"product_cat-solitari-pave","10":"product_cat-moderns","11":"product_cat-anells-de-compromis","13":"first","14":"instock","15":"taxable","16":"shipping-taxable","17":"purchasable","18":"product-type-variable"},"acf":[],"yoast_head":"<!-- This site is optimized with the Yoast SEO plugin v24.8.1 - https:\/\/yoast.com\/wordpress\/plugins\/seo\/ -->\n<title>Anells de Comprom\u00eds amb Maragda natural - Joieria Clem\u00e8ncia Peris \u00ae<\/title>\n<meta name=\"description\" content=\"Anells de Comprom\u00eds or blanc 143 diamants amb Maragda natural. Comprar anells de comprom\u00eds en Clemencia Peris a la millor opci\u00f3 online. Disseny exclusiu fet a m\u00e0.\" \/>\n<meta name=\"robots\" content=\"index, follow, max-snippet:-1, max-image-preview:large, max-video-preview:-1\" \/>\n<link rel=\"canonical\" href=\"https:\/\/www.clemenciaperis.com\/ca\/p\/anells-de-compromis-or-blanc-143-diamants-maragda-049e\/\" \/>\n<meta property=\"og:locale\" content=\"ca_ES\" \/>\n<meta property=\"og:type\" content=\"article\" \/>\n<meta property=\"og:title\" content=\"Anells de Comprom\u00eds amb Maragda natural - Joieria Clem\u00e8ncia Peris \u00ae\" \/>\n<meta property=\"og:description\" content=\"Anells de Comprom\u00eds or blanc 143 diamants amb Maragda natural. Comprar anells de comprom\u00eds en Clemencia Peris a la millor opci\u00f3 online. Disseny exclusiu fet a m\u00e0.\" \/>\n<meta property=\"og:url\" content=\"https:\/\/www.clemenciaperis.com\/ca\/p\/anells-de-compromis-or-blanc-143-diamants-maragda-049e\/\" \/>\n<meta property=\"og:site_name\" content=\"Joieria Clem\u00e8ncia Peris \u00ae\" \/>\n<meta property=\"article:publisher\" content=\"https:\/\/www.facebook.com\/clemenciaperisjewelry\" \/>\n<meta property=\"article:modified_time\" content=\"2023-04-13T12:07:53+00:00\" \/>\n<meta property=\"og:image\" content=\"https:\/\/www.clemenciaperis.com\/wp-content\/uploads\/2020\/09\/AC049E_detail-image-C.webp\" \/>\n\t<meta property=\"og:image:width\" content=\"500\" \/>\n\t<meta property=\"og:image:height\" content=\"500\" \/>\n\t<meta property=\"og:image:type\" content=\"image\/webp\" \/>\n<meta name=\"twitter:card\" content=\"summary_large_image\" \/>\n<meta name=\"twitter:label1\" content=\"Disponibilitat\" \/>\n\t<meta name=\"twitter:data1\" content=\"En estoc\" \/>\n<script type=\"application\/ld+json\" class=\"yoast-schema-graph\">{\"@context\":\"https:\/\/schema.org\",\"@graph\":[{\"@type\":\"WebPage\",\"@id\":\"https:\/\/www.clemenciaperis.com\/ca\/p\/anells-de-compromis-or-blanc-143-diamants-maragda-049e\/\",\"url\":\"https:\/\/www.clemenciaperis.com\/ca\/p\/anells-de-compromis-or-blanc-143-diamants-maragda-049e\/\",\"name\":\"Anells de Comprom\u00eds amb Maragda natural - Joieria Clem\u00e8ncia Peris \u00ae\",\"isPartOf\":{\"@id\":\"https:\/\/www.clemenciaperis.com\/ca\/#website\"},\"primaryImageOfPage\":{\"@id\":\"https:\/\/www.clemenciaperis.com\/ca\/p\/anells-de-compromis-or-blanc-143-diamants-maragda-049e\/#primaryimage\"},\"image\":{\"@id\":\"https:\/\/www.clemenciaperis.com\/ca\/p\/anells-de-compromis-or-blanc-143-diamants-maragda-049e\/#primaryimage\"},\"thumbnailUrl\":\"https:\/\/www.clemenciaperis.com\/wp-content\/uploads\/2022\/09\/AC049E_detail-image-C.webp\",\"datePublished\":\"2022-12-23T16:31:02+00:00\",\"dateModified\":\"2023-04-13T12:07:53+00:00\",\"description\":\"Anells de Comprom\u00eds or blanc 143 diamants amb Maragda natural. Comprar anells de comprom\u00eds en Clemencia Peris a la millor opci\u00f3 online. Disseny exclusiu fet a m\u00e0.\",\"inLanguage\":\"ca\",\"potentialAction\":[{\"@type\":\"ReadAction\",\"target\":[\"https:\/\/www.clemenciaperis.com\/ca\/p\/anells-de-compromis-or-blanc-143-diamants-maragda-049e\/\"]}]},{\"@type\":\"ImageObject\",\"inLanguage\":\"ca\",\"@id\":\"https:\/\/www.clemenciaperis.com\/ca\/p\/anells-de-compromis-or-blanc-143-diamants-maragda-049e\/#primaryimage\",\"url\":\"https:\/\/www.clemenciaperis.com\/wp-content\/uploads\/2022\/09\/AC049E_detail-image-C.webp\",\"contentUrl\":\"https:\/\/www.clemenciaperis.com\/wp-content\/uploads\/2022\/09\/AC049E_detail-image-C.webp\",\"width\":1000,\"height\":1000},{\"@type\":\"BreadcrumbList\",\"@id\":\"https:\/\/www.clemenciaperis.com\/ca\/p\/anells-de-compromis-or-blanc-143-diamants-maragda-049e\/#breadcrumb\",\"itemListElement\":[{\"@type\":\"ListItem\",\"position\":1,\"name\":\"Anells de Comprom\u00eds\",\"item\":\"https:\/\/www.clemenciaperis.com\/ca\/c\/anells-de-compromis\/\"},{\"@type\":\"ListItem\",\"position\":2,\"name\":\"Anells de Comprom\u00eds amb Maragda\",\"item\":\"https:\/\/www.clemenciaperis.com\/ca\/c\/anells-de-compromis\/maragda\/\"},{\"@type\":\"ListItem\",\"position\":3,\"name\":\"Anells de Comprom\u00eds or blanc 143 diamants amb Maragda natural\"}]},{\"@type\":\"WebSite\",\"@id\":\"https:\/\/www.clemenciaperis.com\/ca\/#website\",\"url\":\"https:\/\/www.clemenciaperis.com\/ca\/\",\"name\":\"Joyer\u00eda Clem\u00e8ncia Peris \u00ae\",\"description\":\"Joyer\u00eda exclusiva en Barcelona desde 1979: Anillos de compromiso, alianzas de boda y anillos de diamantes.\",\"publisher\":{\"@id\":\"https:\/\/www.clemenciaperis.com\/ca\/#organization\"},\"potentialAction\":[{\"@type\":\"SearchAction\",\"target\":{\"@type\":\"EntryPoint\",\"urlTemplate\":\"https:\/\/www.clemenciaperis.com\/ca\/?s={search_term_string}\"},\"query-input\":{\"@type\":\"PropertyValueSpecification\",\"valueRequired\":true,\"valueName\":\"search_term_string\"}}],\"inLanguage\":\"ca\"},{\"@type\":\"Organization\",\"@id\":\"https:\/\/www.clemenciaperis.com\/ca\/#organization\",\"name\":\"Joyer\u00eda Clem\u00e8ncia Peris \u00ae\",\"url\":\"https:\/\/www.clemenciaperis.com\/ca\/\",\"logo\":{\"@type\":\"ImageObject\",\"inLanguage\":\"ca\",\"@id\":\"https:\/\/www.clemenciaperis.com\/ca\/#\/schema\/logo\/image\/\",\"url\":\"https:\/\/www.clemenciaperis.com\/wp-content\/uploads\/2023\/10\/Clemencia-peris-logo2.png\",\"contentUrl\":\"https:\/\/www.clemenciaperis.com\/wp-content\/uploads\/2023\/10\/Clemencia-peris-logo2.png\",\"width\":400,\"height\":400,\"caption\":\"Joyer\u00eda Clem\u00e8ncia Peris \u00ae\"},\"image\":{\"@id\":\"https:\/\/www.clemenciaperis.com\/ca\/#\/schema\/logo\/image\/\"},\"sameAs\":[\"https:\/\/www.facebook.com\/clemenciaperisjewelry\",\"https:\/\/www.instagram.com\/clemenciaperisjewels\/\",\"https:\/\/www.youtube.com\/channel\/UCbLZI0bC2wvj0PaS2aj99bA\"]}]}<\/script>\n<meta property=\"og:availability\" content=\"instock\" \/>\n<meta property=\"product:availability\" content=\"instock\" \/>\n<meta property=\"product:retailer_item_id\" content=\"ac049e-1\" \/>\n<meta property=\"product:condition\" content=\"new\" \/>\n<!-- \/ Yoast SEO plugin. -->","yoast_head_json":{"title":"Anells de Comprom\u00eds amb Maragda natural - Joieria Clem\u00e8ncia Peris \u00ae","description":"Anells de Comprom\u00eds or blanc 143 diamants amb Maragda natural. Comprar anells de comprom\u00eds en Clemencia Peris a la millor opci\u00f3 online. Disseny exclusiu fet a m\u00e0.","robots":{"index":"index","follow":"follow","max-snippet":"max-snippet:-1","max-image-preview":"max-image-preview:large","max-video-preview":"max-video-preview:-1"},"canonical":"https:\/\/www.clemenciaperis.com\/ca\/p\/anells-de-compromis-or-blanc-143-diamants-maragda-049e\/","og_locale":"ca_ES","og_type":"article","og_title":"Anells de Comprom\u00eds amb Maragda natural - Joieria Clem\u00e8ncia Peris \u00ae","og_description":"Anells de Comprom\u00eds or blanc 143 diamants amb Maragda natural. Comprar anells de comprom\u00eds en Clemencia Peris a la millor opci\u00f3 online. Disseny exclusiu fet a m\u00e0.","og_url":"https:\/\/www.clemenciaperis.com\/ca\/p\/anells-de-compromis-or-blanc-143-diamants-maragda-049e\/","og_site_name":"Joieria Clem\u00e8ncia Peris \u00ae","article_publisher":"https:\/\/www.facebook.com\/clemenciaperisjewelry","article_modified_time":"2023-04-13T12:07:53+00:00","og_image":[{"width":500,"height":500,"url":"https:\/\/www.clemenciaperis.com\/wp-content\/uploads\/2020\/09\/AC049E_detail-image-C.webp","type":"image\/webp"}],"twitter_card":"summary_large_image","twitter_misc":{"Disponibilitat":"En estoc"},"schema":{"@context":"https:\/\/schema.org","@graph":[{"@type":"WebPage","@id":"https:\/\/www.clemenciaperis.com\/ca\/p\/anells-de-compromis-or-blanc-143-diamants-maragda-049e\/","url":"https:\/\/www.clemenciaperis.com\/ca\/p\/anells-de-compromis-or-blanc-143-diamants-maragda-049e\/","name":"Anells de Comprom\u00eds amb Maragda natural - Joieria Clem\u00e8ncia Peris \u00ae","isPartOf":{"@id":"https:\/\/www.clemenciaperis.com\/ca\/#website"},"primaryImageOfPage":{"@id":"https:\/\/www.clemenciaperis.com\/ca\/p\/anells-de-compromis-or-blanc-143-diamants-maragda-049e\/#primaryimage"},"image":{"@id":"https:\/\/www.clemenciaperis.com\/ca\/p\/anells-de-compromis-or-blanc-143-diamants-maragda-049e\/#primaryimage"},"thumbnailUrl":"https:\/\/www.clemenciaperis.com\/wp-content\/uploads\/2022\/09\/AC049E_detail-image-C.webp","datePublished":"2022-12-23T16:31:02+00:00","dateModified":"2023-04-13T12:07:53+00:00","description":"Anells de Comprom\u00eds or blanc 143 diamants amb Maragda natural. Comprar anells de comprom\u00eds en Clemencia Peris a la millor opci\u00f3 online. Disseny exclusiu fet a m\u00e0.","inLanguage":"ca","potentialAction":[{"@type":"ReadAction","target":["https:\/\/www.clemenciaperis.com\/ca\/p\/anells-de-compromis-or-blanc-143-diamants-maragda-049e\/"]}]},{"@type":"ImageObject","inLanguage":"ca","@id":"https:\/\/www.clemenciaperis.com\/ca\/p\/anells-de-compromis-or-blanc-143-diamants-maragda-049e\/#primaryimage","url":"https:\/\/www.clemenciaperis.com\/wp-content\/uploads\/2022\/09\/AC049E_detail-image-C.webp","contentUrl":"https:\/\/www.clemenciaperis.com\/wp-content\/uploads\/2022\/09\/AC049E_detail-image-C.webp","width":1000,"height":1000},{"@type":"BreadcrumbList","@id":"https:\/\/www.clemenciaperis.com\/ca\/p\/anells-de-compromis-or-blanc-143-diamants-maragda-049e\/#breadcrumb","itemListElement":[{"@type":"ListItem","position":1,"name":"Anells de Comprom\u00eds","item":"https:\/\/www.clemenciaperis.com\/ca\/c\/anells-de-compromis\/"},{"@type":"ListItem","position":2,"name":"Anells de Comprom\u00eds amb Maragda","item":"https:\/\/www.clemenciaperis.com\/ca\/c\/anells-de-compromis\/maragda\/"},{"@type":"ListItem","position":3,"name":"Anells de Comprom\u00eds or blanc 143 diamants amb Maragda natural"}]},{"@type":"WebSite","@id":"https:\/\/www.clemenciaperis.com\/ca\/#website","url":"https:\/\/www.clemenciaperis.com\/ca\/","name":"Joyer\u00eda Clem\u00e8ncia Peris \u00ae","description":"Joyer\u00eda exclusiva en Barcelona desde 1979: Anillos de compromiso, alianzas de boda y anillos de diamantes.","publisher":{"@id":"https:\/\/www.clemenciaperis.com\/ca\/#organization"},"potentialAction":[{"@type":"SearchAction","target":{"@type":"EntryPoint","urlTemplate":"https:\/\/www.clemenciaperis.com\/ca\/?s={search_term_string}"},"query-input":{"@type":"PropertyValueSpecification","valueRequired":true,"valueName":"search_term_string"}}],"inLanguage":"ca"},{"@type":"Organization","@id":"https:\/\/www.clemenciaperis.com\/ca\/#organization","name":"Joyer\u00eda Clem\u00e8ncia Peris \u00ae","url":"https:\/\/www.clemenciaperis.com\/ca\/","logo":{"@type":"ImageObject","inLanguage":"ca","@id":"https:\/\/www.clemenciaperis.com\/ca\/#\/schema\/logo\/image\/","url":"https:\/\/www.clemenciaperis.com\/wp-content\/uploads\/2023\/10\/Clemencia-peris-logo2.png","contentUrl":"https:\/\/www.clemenciaperis.com\/wp-content\/uploads\/2023\/10\/Clemencia-peris-logo2.png","width":400,"height":400,"caption":"Joyer\u00eda Clem\u00e8ncia Peris \u00ae"},"image":{"@id":"https:\/\/www.clemenciaperis.com\/ca\/#\/schema\/logo\/image\/"},"sameAs":["https:\/\/www.facebook.com\/clemenciaperisjewelry","https:\/\/www.instagram.com\/clemenciaperisjewels\/","https:\/\/www.youtube.com\/channel\/UCbLZI0bC2wvj0PaS2aj99bA"]}]},"og_availability":"instock","product_availability":"instock","product_retailer_item_id":"ac049e-1","product_condition":"new"},"_links":{"self":[{"href":"https:\/\/www.clemenciaperis.com\/ca\/wp-json\/wp\/v2\/product\/29095","targetHints":{"allow":["GET"]}}],"collection":[{"href":"https:\/\/www.clemenciaperis.com\/ca\/wp-json\/wp\/v2\/product"}],"about":[{"href":"https:\/\/www.clemenciaperis.com\/ca\/wp-json\/wp\/v2\/types\/product"}],"wp:featuredmedia":[{"embeddable":true,"href":"https:\/\/www.clemenciaperis.com\/ca\/wp-json\/wp\/v2\/media\/131213"}],"wp:attachment":[{"href":"https:\/\/www.clemenciaperis.com\/ca\/wp-json\/wp\/v2\/media?parent=29095"}],"wp:term":[{"taxonomy":"product_brand","embeddable":true,"href":"https:\/\/www.clemenciaperis.com\/ca\/wp-json\/wp\/v2\/product_brand?post=29095"},{"taxonomy":"product_cat","embeddable":true,"href":"https:\/\/www.clemenciaperis.com\/ca\/wp-json\/wp\/v2\/product_cat?post=29095"},{"taxonomy":"product_tag","embeddable":true,"href":"https:\/\/www.clemenciaperis.com\/ca\/wp-json\/wp\/v2\/product_tag?post=29095"}],"curies":[{"name":"wp","href":"https:\/\/api.w.org\/{rel}","templated":true}]}}