{"id":26077,"date":"2022-11-04T07:56:08","date_gmt":"2022-11-04T07:56:08","guid":{"rendered":"http:\/\/clemenciaperis.es\/?post_type=product&#038;p=26077"},"modified":"2022-11-04T08:15:15","modified_gmt":"2022-11-04T08:15:15","slug":"anells-de-compromis-en-or-blanc-18k-1-diamant","status":"publish","type":"product","link":"https:\/\/www.clemenciaperis.com\/ca\/p\/anells-de-compromis-en-or-blanc-18k-1-diamant\/","title":{"rendered":"Anells de Compromis en or blanc 18k 1 diamant"},"content":{"rendered":"<div class=\"col-md-12 col-xs-12 desc\">\n<div>\n<p>La rectitud del seu perfil polit fan d&#8217;aquest bra\u00e7 d&#8217;<strong>or blanc de 18 quirats<\/strong>, la base ideal pel diamant central, en talla brillant de 0,90 quirats. El seu encastat, tipus xat\u00f3 amb bisell, real\u00e7a la seva bellesa i converteix aquest solitari en un <strong>anell de comprom\u00eds<\/strong> deliciosament cl\u00e0ssic.<\/p>\n<p><strong>Anells de Compromis Clemencia Peris<\/strong><\/p>\n<\/div>\n<\/div>\n","protected":false},"excerpt":{"rendered":"<p>La rectitud del seu perfil polit fan d&#8217;aquest bra\u00e7 d&#8217;or blanc de 18 quirats, la base ideal pel diamant central, en talla brillant de 0,90 quirats. El seu encastat, tipus xat\u00f3 amb bisell, real\u00e7a la seva bellesa i converteix aquest solitari en un anell de comprom\u00eds deliciosament cl\u00e0ssic. Anells de Compromis Clemencia Peris<\/p>\n","protected":false},"featured_media":129894,"template":"","meta":{"_acf_changed":false},"product_brand":[],"product_cat":[130,150,149,121,96],"product_tag":[],"class_list":{"0":"post-26077","1":"product","2":"type-product","3":"status-publish","4":"has-post-thumbnail","6":"product_cat-or-blanc","7":"product_cat-talla-brillant","8":"product_cat-estil-solitari","9":"product_cat-moderns","10":"product_cat-anells-de-compromis","12":"first","13":"instock","14":"taxable","15":"shipping-taxable","16":"purchasable","17":"product-type-variable"},"acf":[],"yoast_head":"<!-- This site is optimized with the Yoast SEO plugin v24.8.1 - https:\/\/yoast.com\/wordpress\/plugins\/seo\/ -->\n<title>Anells de Compromis - or blanc 18k | Joieia a Barcelona- Joieria Clem\u00e8ncia Peris \u00ae<\/title>\n<meta name=\"description\" content=\"Anells de Compromis or blanc 18k amb 1 diamant. Anells de comprom\u00eds \u00fanics. Descobreix l&#039;art de Clemencia. Joies Dissenyades a Barcelona\" \/>\n<meta name=\"robots\" content=\"index, follow, max-snippet:-1, max-image-preview:large, max-video-preview:-1\" \/>\n<link rel=\"canonical\" href=\"https:\/\/www.clemenciaperis.com\/ca\/p\/anells-de-compromis-en-or-blanc-18k-1-diamant\/\" \/>\n<meta property=\"og:locale\" content=\"ca_ES\" \/>\n<meta property=\"og:type\" content=\"article\" \/>\n<meta property=\"og:title\" content=\"Anells de Compromis - or blanc 18k | Joieia a Barcelona- Joieria Clem\u00e8ncia Peris \u00ae\" \/>\n<meta property=\"og:description\" content=\"Anells de Compromis or blanc 18k amb 1 diamant. Anells de comprom\u00eds \u00fanics. Descobreix l&#039;art de Clemencia. Joies Dissenyades a Barcelona\" \/>\n<meta property=\"og:url\" content=\"https:\/\/www.clemenciaperis.com\/ca\/p\/anells-de-compromis-en-or-blanc-18k-1-diamant\/\" \/>\n<meta property=\"og:site_name\" content=\"Joieria Clem\u00e8ncia Peris \u00ae\" \/>\n<meta property=\"article:publisher\" content=\"https:\/\/www.facebook.com\/clemenciaperisjewelry\" \/>\n<meta property=\"article:modified_time\" content=\"2022-11-04T08:15:15+00:00\" \/>\n<meta property=\"og:image\" content=\"https:\/\/www.clemenciaperis.com\/wp-content\/uploads\/2020\/09\/AC038_DETAIL-IMAGE-C-1.webp\" \/>\n\t<meta property=\"og:image:width\" content=\"1000\" \/>\n\t<meta property=\"og:image:height\" content=\"1000\" \/>\n\t<meta property=\"og:image:type\" content=\"image\/webp\" \/>\n<meta name=\"twitter:card\" content=\"summary_large_image\" \/>\n<meta name=\"twitter:label1\" content=\"Disponibilitat\" \/>\n\t<meta name=\"twitter:data1\" content=\"En estoc\" \/>\n<script type=\"application\/ld+json\" class=\"yoast-schema-graph\">{\"@context\":\"https:\/\/schema.org\",\"@graph\":[{\"@type\":\"WebPage\",\"@id\":\"https:\/\/www.clemenciaperis.com\/ca\/p\/anells-de-compromis-en-or-blanc-18k-1-diamant\/\",\"url\":\"https:\/\/www.clemenciaperis.com\/ca\/p\/anells-de-compromis-en-or-blanc-18k-1-diamant\/\",\"name\":\"Anells de Compromis - or blanc 18k | Joieia a Barcelona- Joieria Clem\u00e8ncia Peris \u00ae\",\"isPartOf\":{\"@id\":\"https:\/\/www.clemenciaperis.com\/ca\/#website\"},\"primaryImageOfPage\":{\"@id\":\"https:\/\/www.clemenciaperis.com\/ca\/p\/anells-de-compromis-en-or-blanc-18k-1-diamant\/#primaryimage\"},\"image\":{\"@id\":\"https:\/\/www.clemenciaperis.com\/ca\/p\/anells-de-compromis-en-or-blanc-18k-1-diamant\/#primaryimage\"},\"thumbnailUrl\":\"https:\/\/www.clemenciaperis.com\/wp-content\/uploads\/2020\/09\/AC038_DETAIL-IMAGE-C-2.webp\",\"datePublished\":\"2022-11-04T07:56:08+00:00\",\"dateModified\":\"2022-11-04T08:15:15+00:00\",\"description\":\"Anells de Compromis or blanc 18k amb 1 diamant. Anells de comprom\u00eds \u00fanics. Descobreix l'art de Clemencia. Joies Dissenyades a Barcelona\",\"inLanguage\":\"ca\",\"potentialAction\":[{\"@type\":\"ReadAction\",\"target\":[\"https:\/\/www.clemenciaperis.com\/ca\/p\/anells-de-compromis-en-or-blanc-18k-1-diamant\/\"]}]},{\"@type\":\"ImageObject\",\"inLanguage\":\"ca\",\"@id\":\"https:\/\/www.clemenciaperis.com\/ca\/p\/anells-de-compromis-en-or-blanc-18k-1-diamant\/#primaryimage\",\"url\":\"https:\/\/www.clemenciaperis.com\/wp-content\/uploads\/2020\/09\/AC038_DETAIL-IMAGE-C-2.webp\",\"contentUrl\":\"https:\/\/www.clemenciaperis.com\/wp-content\/uploads\/2020\/09\/AC038_DETAIL-IMAGE-C-2.webp\",\"width\":1000,\"height\":1000},{\"@type\":\"BreadcrumbList\",\"@id\":\"https:\/\/www.clemenciaperis.com\/ca\/p\/anells-de-compromis-en-or-blanc-18k-1-diamant\/#breadcrumb\",\"itemListElement\":[{\"@type\":\"ListItem\",\"position\":1,\"name\":\"Anells de Comprom\u00eds\",\"item\":\"https:\/\/www.clemenciaperis.com\/ca\/c\/anells-de-compromis\/\"},{\"@type\":\"ListItem\",\"position\":2,\"name\":\"Anells de comprom\u00eds d'or blanc\",\"item\":\"https:\/\/www.clemenciaperis.com\/ca\/c\/anells-de-compromis\/or-blanc\/\"},{\"@type\":\"ListItem\",\"position\":3,\"name\":\"Anells de Compromis en or blanc 18k 1 diamant\"}]},{\"@type\":\"WebSite\",\"@id\":\"https:\/\/www.clemenciaperis.com\/ca\/#website\",\"url\":\"https:\/\/www.clemenciaperis.com\/ca\/\",\"name\":\"Joyer\u00eda Clem\u00e8ncia Peris \u00ae\",\"description\":\"Joyer\u00eda exclusiva en Barcelona desde 1979: Anillos de compromiso, alianzas de boda y anillos de diamantes.\",\"publisher\":{\"@id\":\"https:\/\/www.clemenciaperis.com\/ca\/#organization\"},\"potentialAction\":[{\"@type\":\"SearchAction\",\"target\":{\"@type\":\"EntryPoint\",\"urlTemplate\":\"https:\/\/www.clemenciaperis.com\/ca\/?s={search_term_string}\"},\"query-input\":{\"@type\":\"PropertyValueSpecification\",\"valueRequired\":true,\"valueName\":\"search_term_string\"}}],\"inLanguage\":\"ca\"},{\"@type\":\"Organization\",\"@id\":\"https:\/\/www.clemenciaperis.com\/ca\/#organization\",\"name\":\"Joyer\u00eda Clem\u00e8ncia Peris \u00ae\",\"url\":\"https:\/\/www.clemenciaperis.com\/ca\/\",\"logo\":{\"@type\":\"ImageObject\",\"inLanguage\":\"ca\",\"@id\":\"https:\/\/www.clemenciaperis.com\/ca\/#\/schema\/logo\/image\/\",\"url\":\"https:\/\/www.clemenciaperis.com\/wp-content\/uploads\/2023\/10\/Clemencia-peris-logo2.png\",\"contentUrl\":\"https:\/\/www.clemenciaperis.com\/wp-content\/uploads\/2023\/10\/Clemencia-peris-logo2.png\",\"width\":400,\"height\":400,\"caption\":\"Joyer\u00eda Clem\u00e8ncia Peris \u00ae\"},\"image\":{\"@id\":\"https:\/\/www.clemenciaperis.com\/ca\/#\/schema\/logo\/image\/\"},\"sameAs\":[\"https:\/\/www.facebook.com\/clemenciaperisjewelry\",\"https:\/\/www.instagram.com\/clemenciaperisjewels\/\",\"https:\/\/www.youtube.com\/channel\/UCbLZI0bC2wvj0PaS2aj99bA\"]}]}<\/script>\n<meta property=\"og:availability\" content=\"instock\" \/>\n<meta property=\"product:availability\" content=\"instock\" \/>\n<meta property=\"product:retailer_item_id\" content=\"ac038\" \/>\n<meta property=\"product:condition\" content=\"new\" \/>\n<!-- \/ Yoast SEO plugin. -->","yoast_head_json":{"title":"Anells de Compromis - or blanc 18k | Joieia a Barcelona- Joieria Clem\u00e8ncia Peris \u00ae","description":"Anells de Compromis or blanc 18k amb 1 diamant. Anells de comprom\u00eds \u00fanics. Descobreix l'art de Clemencia. Joies Dissenyades a Barcelona","robots":{"index":"index","follow":"follow","max-snippet":"max-snippet:-1","max-image-preview":"max-image-preview:large","max-video-preview":"max-video-preview:-1"},"canonical":"https:\/\/www.clemenciaperis.com\/ca\/p\/anells-de-compromis-en-or-blanc-18k-1-diamant\/","og_locale":"ca_ES","og_type":"article","og_title":"Anells de Compromis - or blanc 18k | Joieia a Barcelona- Joieria Clem\u00e8ncia Peris \u00ae","og_description":"Anells de Compromis or blanc 18k amb 1 diamant. Anells de comprom\u00eds \u00fanics. Descobreix l'art de Clemencia. Joies Dissenyades a Barcelona","og_url":"https:\/\/www.clemenciaperis.com\/ca\/p\/anells-de-compromis-en-or-blanc-18k-1-diamant\/","og_site_name":"Joieria Clem\u00e8ncia Peris \u00ae","article_publisher":"https:\/\/www.facebook.com\/clemenciaperisjewelry","article_modified_time":"2022-11-04T08:15:15+00:00","og_image":[{"width":1000,"height":1000,"url":"https:\/\/www.clemenciaperis.com\/wp-content\/uploads\/2020\/09\/AC038_DETAIL-IMAGE-C-1.webp","type":"image\/webp"}],"twitter_card":"summary_large_image","twitter_misc":{"Disponibilitat":"En estoc"},"schema":{"@context":"https:\/\/schema.org","@graph":[{"@type":"WebPage","@id":"https:\/\/www.clemenciaperis.com\/ca\/p\/anells-de-compromis-en-or-blanc-18k-1-diamant\/","url":"https:\/\/www.clemenciaperis.com\/ca\/p\/anells-de-compromis-en-or-blanc-18k-1-diamant\/","name":"Anells de Compromis - or blanc 18k | Joieia a Barcelona- Joieria Clem\u00e8ncia Peris \u00ae","isPartOf":{"@id":"https:\/\/www.clemenciaperis.com\/ca\/#website"},"primaryImageOfPage":{"@id":"https:\/\/www.clemenciaperis.com\/ca\/p\/anells-de-compromis-en-or-blanc-18k-1-diamant\/#primaryimage"},"image":{"@id":"https:\/\/www.clemenciaperis.com\/ca\/p\/anells-de-compromis-en-or-blanc-18k-1-diamant\/#primaryimage"},"thumbnailUrl":"https:\/\/www.clemenciaperis.com\/wp-content\/uploads\/2020\/09\/AC038_DETAIL-IMAGE-C-2.webp","datePublished":"2022-11-04T07:56:08+00:00","dateModified":"2022-11-04T08:15:15+00:00","description":"Anells de Compromis or blanc 18k amb 1 diamant. Anells de comprom\u00eds \u00fanics. Descobreix l'art de Clemencia. Joies Dissenyades a Barcelona","inLanguage":"ca","potentialAction":[{"@type":"ReadAction","target":["https:\/\/www.clemenciaperis.com\/ca\/p\/anells-de-compromis-en-or-blanc-18k-1-diamant\/"]}]},{"@type":"ImageObject","inLanguage":"ca","@id":"https:\/\/www.clemenciaperis.com\/ca\/p\/anells-de-compromis-en-or-blanc-18k-1-diamant\/#primaryimage","url":"https:\/\/www.clemenciaperis.com\/wp-content\/uploads\/2020\/09\/AC038_DETAIL-IMAGE-C-2.webp","contentUrl":"https:\/\/www.clemenciaperis.com\/wp-content\/uploads\/2020\/09\/AC038_DETAIL-IMAGE-C-2.webp","width":1000,"height":1000},{"@type":"BreadcrumbList","@id":"https:\/\/www.clemenciaperis.com\/ca\/p\/anells-de-compromis-en-or-blanc-18k-1-diamant\/#breadcrumb","itemListElement":[{"@type":"ListItem","position":1,"name":"Anells de Comprom\u00eds","item":"https:\/\/www.clemenciaperis.com\/ca\/c\/anells-de-compromis\/"},{"@type":"ListItem","position":2,"name":"Anells de comprom\u00eds d'or blanc","item":"https:\/\/www.clemenciaperis.com\/ca\/c\/anells-de-compromis\/or-blanc\/"},{"@type":"ListItem","position":3,"name":"Anells de Compromis en or blanc 18k 1 diamant"}]},{"@type":"WebSite","@id":"https:\/\/www.clemenciaperis.com\/ca\/#website","url":"https:\/\/www.clemenciaperis.com\/ca\/","name":"Joyer\u00eda Clem\u00e8ncia Peris \u00ae","description":"Joyer\u00eda exclusiva en Barcelona desde 1979: Anillos de compromiso, alianzas de boda y anillos de diamantes.","publisher":{"@id":"https:\/\/www.clemenciaperis.com\/ca\/#organization"},"potentialAction":[{"@type":"SearchAction","target":{"@type":"EntryPoint","urlTemplate":"https:\/\/www.clemenciaperis.com\/ca\/?s={search_term_string}"},"query-input":{"@type":"PropertyValueSpecification","valueRequired":true,"valueName":"search_term_string"}}],"inLanguage":"ca"},{"@type":"Organization","@id":"https:\/\/www.clemenciaperis.com\/ca\/#organization","name":"Joyer\u00eda Clem\u00e8ncia Peris \u00ae","url":"https:\/\/www.clemenciaperis.com\/ca\/","logo":{"@type":"ImageObject","inLanguage":"ca","@id":"https:\/\/www.clemenciaperis.com\/ca\/#\/schema\/logo\/image\/","url":"https:\/\/www.clemenciaperis.com\/wp-content\/uploads\/2023\/10\/Clemencia-peris-logo2.png","contentUrl":"https:\/\/www.clemenciaperis.com\/wp-content\/uploads\/2023\/10\/Clemencia-peris-logo2.png","width":400,"height":400,"caption":"Joyer\u00eda Clem\u00e8ncia Peris \u00ae"},"image":{"@id":"https:\/\/www.clemenciaperis.com\/ca\/#\/schema\/logo\/image\/"},"sameAs":["https:\/\/www.facebook.com\/clemenciaperisjewelry","https:\/\/www.instagram.com\/clemenciaperisjewels\/","https:\/\/www.youtube.com\/channel\/UCbLZI0bC2wvj0PaS2aj99bA"]}]},"og_availability":"instock","product_availability":"instock","product_retailer_item_id":"ac038","product_condition":"new"},"_links":{"self":[{"href":"https:\/\/www.clemenciaperis.com\/ca\/wp-json\/wp\/v2\/product\/26077","targetHints":{"allow":["GET"]}}],"collection":[{"href":"https:\/\/www.clemenciaperis.com\/ca\/wp-json\/wp\/v2\/product"}],"about":[{"href":"https:\/\/www.clemenciaperis.com\/ca\/wp-json\/wp\/v2\/types\/product"}],"wp:featuredmedia":[{"embeddable":true,"href":"https:\/\/www.clemenciaperis.com\/ca\/wp-json\/wp\/v2\/media\/129894"}],"wp:attachment":[{"href":"https:\/\/www.clemenciaperis.com\/ca\/wp-json\/wp\/v2\/media?parent=26077"}],"wp:term":[{"taxonomy":"product_brand","embeddable":true,"href":"https:\/\/www.clemenciaperis.com\/ca\/wp-json\/wp\/v2\/product_brand?post=26077"},{"taxonomy":"product_cat","embeddable":true,"href":"https:\/\/www.clemenciaperis.com\/ca\/wp-json\/wp\/v2\/product_cat?post=26077"},{"taxonomy":"product_tag","embeddable":true,"href":"https:\/\/www.clemenciaperis.com\/ca\/wp-json\/wp\/v2\/product_tag?post=26077"}],"curies":[{"name":"wp","href":"https:\/\/api.w.org\/{rel}","templated":true}]}}