{"id":25494,"date":"2022-11-03T15:37:06","date_gmt":"2022-11-03T15:37:06","guid":{"rendered":"http:\/\/clemenciaperis.es\/?post_type=product&#038;p=25494"},"modified":"2022-11-03T16:06:36","modified_gmt":"2022-11-03T16:06:36","slug":"anells-de-compromis-en-or-groc-18k-56-diamants","status":"publish","type":"product","link":"https:\/\/www.clemenciaperis.com\/ca\/p\/anells-de-compromis-en-or-groc-18k-56-diamants\/","title":{"rendered":"Anells de Compromis en or groc 18k 56 diamants"},"content":{"rendered":"<div class=\"col-md-12 col-xs-12 desc\">\n<div>\n<p>El <strong>diamant central<\/strong> de 0,45 quirats, en <strong>talla brillant<\/strong>, destaca sobre una boca independent coronant l&#8217;anell. Aquesta joia, realitzada amb or groc de 18k, incorpora <strong>56 petits diamants intercalats<\/strong>, encastats amb puntades un per un, que conforma cam\u00ed llumin\u00f3s del seu bra\u00e7. <strong>Anells de Compromis Clemencia Peris<\/strong><\/p>\n<\/div>\n<\/div>\n<div class=\"col-xs-3 headRight \"><\/div>\n","protected":false},"excerpt":{"rendered":"<p>El diamant central de 0,45 quirats, en talla brillant, destaca sobre una boca independent coronant l&#8217;anell. Aquesta joia, realitzada amb or groc de 18k, incorpora 56 petits diamants intercalats, encastats amb puntades un per un, que conforma cam\u00ed llumin\u00f3s del seu bra\u00e7. Anells de Compromis Clemencia Peris<\/p>\n","protected":false},"featured_media":130344,"template":"","meta":{"_acf_changed":false},"product_brand":[],"product_cat":[96,127,150,149,148,113,121],"product_tag":[],"class_list":{"0":"post-25494","1":"product","2":"type-product","3":"status-publish","4":"has-post-thumbnail","6":"product_cat-anells-de-compromis","7":"product_cat-or-groc","8":"product_cat-talla-brillant","9":"product_cat-estil-solitari","10":"product_cat-solitari-pave","11":"product_cat-exclusius","12":"product_cat-moderns","14":"first","15":"instock","16":"taxable","17":"shipping-taxable","18":"purchasable","19":"product-type-variable"},"acf":[],"yoast_head":"<!-- This site is optimized with the Yoast SEO plugin v24.8.1 - https:\/\/yoast.com\/wordpress\/plugins\/seo\/ -->\n<title>Anells de Compromis - 56 diamants | Joieria a Barcelona- Joieria Clem\u00e8ncia Peris \u00ae<\/title>\n<meta name=\"description\" content=\"Anells de Compromis or groc 18k amb 56 diamants. Anells de comprom\u00eds \u00fanics. Descobreix l&#039;art de Clemencia. Joies Dissenyades a Barcelona\" \/>\n<meta name=\"robots\" content=\"index, follow, max-snippet:-1, max-image-preview:large, max-video-preview:-1\" \/>\n<link rel=\"canonical\" href=\"https:\/\/www.clemenciaperis.com\/ca\/p\/anells-de-compromis-en-or-groc-18k-56-diamants\/\" \/>\n<meta property=\"og:locale\" content=\"ca_ES\" \/>\n<meta property=\"og:type\" content=\"article\" \/>\n<meta property=\"og:title\" content=\"Anells de Compromis - 56 diamants | Joieria a Barcelona- Joieria Clem\u00e8ncia Peris \u00ae\" \/>\n<meta property=\"og:description\" content=\"Anells de Compromis or groc 18k amb 56 diamants. Anells de comprom\u00eds \u00fanics. Descobreix l&#039;art de Clemencia. Joies Dissenyades a Barcelona\" \/>\n<meta property=\"og:url\" content=\"https:\/\/www.clemenciaperis.com\/ca\/p\/anells-de-compromis-en-or-groc-18k-56-diamants\/\" \/>\n<meta property=\"og:site_name\" content=\"Joieria Clem\u00e8ncia Peris \u00ae\" \/>\n<meta property=\"article:publisher\" content=\"https:\/\/www.facebook.com\/clemenciaperisjewelry\" \/>\n<meta property=\"article:modified_time\" content=\"2022-11-03T16:06:36+00:00\" \/>\n<meta property=\"og:image\" content=\"https:\/\/www.clemenciaperis.com\/wp-content\/uploads\/2022\/09\/AC034_DETAIL-IMAGE-C.webp\" \/>\n\t<meta property=\"og:image:width\" content=\"1000\" \/>\n\t<meta property=\"og:image:height\" content=\"1000\" \/>\n\t<meta property=\"og:image:type\" content=\"image\/webp\" \/>\n<meta name=\"twitter:card\" content=\"summary_large_image\" \/>\n<meta name=\"twitter:label1\" content=\"Disponibilitat\" \/>\n\t<meta name=\"twitter:data1\" content=\"En estoc\" \/>\n<script type=\"application\/ld+json\" class=\"yoast-schema-graph\">{\"@context\":\"https:\/\/schema.org\",\"@graph\":[{\"@type\":\"WebPage\",\"@id\":\"https:\/\/www.clemenciaperis.com\/ca\/p\/anells-de-compromis-en-or-groc-18k-56-diamants\/\",\"url\":\"https:\/\/www.clemenciaperis.com\/ca\/p\/anells-de-compromis-en-or-groc-18k-56-diamants\/\",\"name\":\"Anells de Compromis - 56 diamants | Joieria a Barcelona- Joieria Clem\u00e8ncia Peris \u00ae\",\"isPartOf\":{\"@id\":\"https:\/\/www.clemenciaperis.com\/ca\/#website\"},\"primaryImageOfPage\":{\"@id\":\"https:\/\/www.clemenciaperis.com\/ca\/p\/anells-de-compromis-en-or-groc-18k-56-diamants\/#primaryimage\"},\"image\":{\"@id\":\"https:\/\/www.clemenciaperis.com\/ca\/p\/anells-de-compromis-en-or-groc-18k-56-diamants\/#primaryimage\"},\"thumbnailUrl\":\"https:\/\/www.clemenciaperis.com\/wp-content\/uploads\/2022\/09\/AC034_DETAIL-IMAGE-C.webp\",\"datePublished\":\"2022-11-03T15:37:06+00:00\",\"dateModified\":\"2022-11-03T16:06:36+00:00\",\"description\":\"Anells de Compromis or groc 18k amb 56 diamants. Anells de comprom\u00eds \u00fanics. Descobreix l'art de Clemencia. Joies Dissenyades a Barcelona\",\"inLanguage\":\"ca\",\"potentialAction\":[{\"@type\":\"ReadAction\",\"target\":[\"https:\/\/www.clemenciaperis.com\/ca\/p\/anells-de-compromis-en-or-groc-18k-56-diamants\/\"]}]},{\"@type\":\"ImageObject\",\"inLanguage\":\"ca\",\"@id\":\"https:\/\/www.clemenciaperis.com\/ca\/p\/anells-de-compromis-en-or-groc-18k-56-diamants\/#primaryimage\",\"url\":\"https:\/\/www.clemenciaperis.com\/wp-content\/uploads\/2022\/09\/AC034_DETAIL-IMAGE-C.webp\",\"contentUrl\":\"https:\/\/www.clemenciaperis.com\/wp-content\/uploads\/2022\/09\/AC034_DETAIL-IMAGE-C.webp\",\"width\":1000,\"height\":1000},{\"@type\":\"BreadcrumbList\",\"@id\":\"https:\/\/www.clemenciaperis.com\/ca\/p\/anells-de-compromis-en-or-groc-18k-56-diamants\/#breadcrumb\",\"itemListElement\":[{\"@type\":\"ListItem\",\"position\":1,\"name\":\"Anells de Comprom\u00eds\",\"item\":\"https:\/\/www.clemenciaperis.com\/ca\/c\/anells-de-compromis\/\"},{\"@type\":\"ListItem\",\"position\":2,\"name\":\"Anells de comprom\u00eds d'or groc\",\"item\":\"https:\/\/www.clemenciaperis.com\/ca\/c\/anells-de-compromis\/or-groc\/\"},{\"@type\":\"ListItem\",\"position\":3,\"name\":\"Anells de Compromis en or groc 18k 56 diamants\"}]},{\"@type\":\"WebSite\",\"@id\":\"https:\/\/www.clemenciaperis.com\/ca\/#website\",\"url\":\"https:\/\/www.clemenciaperis.com\/ca\/\",\"name\":\"Joyer\u00eda Clem\u00e8ncia Peris \u00ae\",\"description\":\"Joyer\u00eda exclusiva en Barcelona desde 1979: Anillos de compromiso, alianzas de boda y anillos de diamantes.\",\"publisher\":{\"@id\":\"https:\/\/www.clemenciaperis.com\/ca\/#organization\"},\"potentialAction\":[{\"@type\":\"SearchAction\",\"target\":{\"@type\":\"EntryPoint\",\"urlTemplate\":\"https:\/\/www.clemenciaperis.com\/ca\/?s={search_term_string}\"},\"query-input\":{\"@type\":\"PropertyValueSpecification\",\"valueRequired\":true,\"valueName\":\"search_term_string\"}}],\"inLanguage\":\"ca\"},{\"@type\":\"Organization\",\"@id\":\"https:\/\/www.clemenciaperis.com\/ca\/#organization\",\"name\":\"Joyer\u00eda Clem\u00e8ncia Peris \u00ae\",\"url\":\"https:\/\/www.clemenciaperis.com\/ca\/\",\"logo\":{\"@type\":\"ImageObject\",\"inLanguage\":\"ca\",\"@id\":\"https:\/\/www.clemenciaperis.com\/ca\/#\/schema\/logo\/image\/\",\"url\":\"https:\/\/www.clemenciaperis.com\/wp-content\/uploads\/2023\/10\/Clemencia-peris-logo2.png\",\"contentUrl\":\"https:\/\/www.clemenciaperis.com\/wp-content\/uploads\/2023\/10\/Clemencia-peris-logo2.png\",\"width\":400,\"height\":400,\"caption\":\"Joyer\u00eda Clem\u00e8ncia Peris \u00ae\"},\"image\":{\"@id\":\"https:\/\/www.clemenciaperis.com\/ca\/#\/schema\/logo\/image\/\"},\"sameAs\":[\"https:\/\/www.facebook.com\/clemenciaperisjewelry\",\"https:\/\/www.instagram.com\/clemenciaperisjewels\/\",\"https:\/\/www.youtube.com\/channel\/UCbLZI0bC2wvj0PaS2aj99bA\"]}]}<\/script>\n<meta property=\"og:availability\" content=\"instock\" \/>\n<meta property=\"product:availability\" content=\"instock\" \/>\n<meta property=\"product:retailer_item_id\" content=\"ac034\" \/>\n<meta property=\"product:condition\" content=\"new\" \/>\n<!-- \/ Yoast SEO plugin. -->","yoast_head_json":{"title":"Anells de Compromis - 56 diamants | Joieria a Barcelona- Joieria Clem\u00e8ncia Peris \u00ae","description":"Anells de Compromis or groc 18k amb 56 diamants. Anells de comprom\u00eds \u00fanics. Descobreix l'art de Clemencia. Joies Dissenyades a Barcelona","robots":{"index":"index","follow":"follow","max-snippet":"max-snippet:-1","max-image-preview":"max-image-preview:large","max-video-preview":"max-video-preview:-1"},"canonical":"https:\/\/www.clemenciaperis.com\/ca\/p\/anells-de-compromis-en-or-groc-18k-56-diamants\/","og_locale":"ca_ES","og_type":"article","og_title":"Anells de Compromis - 56 diamants | Joieria a Barcelona- Joieria Clem\u00e8ncia Peris \u00ae","og_description":"Anells de Compromis or groc 18k amb 56 diamants. Anells de comprom\u00eds \u00fanics. Descobreix l'art de Clemencia. Joies Dissenyades a Barcelona","og_url":"https:\/\/www.clemenciaperis.com\/ca\/p\/anells-de-compromis-en-or-groc-18k-56-diamants\/","og_site_name":"Joieria Clem\u00e8ncia Peris \u00ae","article_publisher":"https:\/\/www.facebook.com\/clemenciaperisjewelry","article_modified_time":"2022-11-03T16:06:36+00:00","og_image":[{"width":1000,"height":1000,"url":"https:\/\/www.clemenciaperis.com\/wp-content\/uploads\/2022\/09\/AC034_DETAIL-IMAGE-C.webp","type":"image\/webp"}],"twitter_card":"summary_large_image","twitter_misc":{"Disponibilitat":"En estoc"},"schema":{"@context":"https:\/\/schema.org","@graph":[{"@type":"WebPage","@id":"https:\/\/www.clemenciaperis.com\/ca\/p\/anells-de-compromis-en-or-groc-18k-56-diamants\/","url":"https:\/\/www.clemenciaperis.com\/ca\/p\/anells-de-compromis-en-or-groc-18k-56-diamants\/","name":"Anells de Compromis - 56 diamants | Joieria a Barcelona- Joieria Clem\u00e8ncia Peris \u00ae","isPartOf":{"@id":"https:\/\/www.clemenciaperis.com\/ca\/#website"},"primaryImageOfPage":{"@id":"https:\/\/www.clemenciaperis.com\/ca\/p\/anells-de-compromis-en-or-groc-18k-56-diamants\/#primaryimage"},"image":{"@id":"https:\/\/www.clemenciaperis.com\/ca\/p\/anells-de-compromis-en-or-groc-18k-56-diamants\/#primaryimage"},"thumbnailUrl":"https:\/\/www.clemenciaperis.com\/wp-content\/uploads\/2022\/09\/AC034_DETAIL-IMAGE-C.webp","datePublished":"2022-11-03T15:37:06+00:00","dateModified":"2022-11-03T16:06:36+00:00","description":"Anells de Compromis or groc 18k amb 56 diamants. Anells de comprom\u00eds \u00fanics. Descobreix l'art de Clemencia. Joies Dissenyades a Barcelona","inLanguage":"ca","potentialAction":[{"@type":"ReadAction","target":["https:\/\/www.clemenciaperis.com\/ca\/p\/anells-de-compromis-en-or-groc-18k-56-diamants\/"]}]},{"@type":"ImageObject","inLanguage":"ca","@id":"https:\/\/www.clemenciaperis.com\/ca\/p\/anells-de-compromis-en-or-groc-18k-56-diamants\/#primaryimage","url":"https:\/\/www.clemenciaperis.com\/wp-content\/uploads\/2022\/09\/AC034_DETAIL-IMAGE-C.webp","contentUrl":"https:\/\/www.clemenciaperis.com\/wp-content\/uploads\/2022\/09\/AC034_DETAIL-IMAGE-C.webp","width":1000,"height":1000},{"@type":"BreadcrumbList","@id":"https:\/\/www.clemenciaperis.com\/ca\/p\/anells-de-compromis-en-or-groc-18k-56-diamants\/#breadcrumb","itemListElement":[{"@type":"ListItem","position":1,"name":"Anells de Comprom\u00eds","item":"https:\/\/www.clemenciaperis.com\/ca\/c\/anells-de-compromis\/"},{"@type":"ListItem","position":2,"name":"Anells de comprom\u00eds d'or groc","item":"https:\/\/www.clemenciaperis.com\/ca\/c\/anells-de-compromis\/or-groc\/"},{"@type":"ListItem","position":3,"name":"Anells de Compromis en or groc 18k 56 diamants"}]},{"@type":"WebSite","@id":"https:\/\/www.clemenciaperis.com\/ca\/#website","url":"https:\/\/www.clemenciaperis.com\/ca\/","name":"Joyer\u00eda Clem\u00e8ncia Peris \u00ae","description":"Joyer\u00eda exclusiva en Barcelona desde 1979: Anillos de compromiso, alianzas de boda y anillos de diamantes.","publisher":{"@id":"https:\/\/www.clemenciaperis.com\/ca\/#organization"},"potentialAction":[{"@type":"SearchAction","target":{"@type":"EntryPoint","urlTemplate":"https:\/\/www.clemenciaperis.com\/ca\/?s={search_term_string}"},"query-input":{"@type":"PropertyValueSpecification","valueRequired":true,"valueName":"search_term_string"}}],"inLanguage":"ca"},{"@type":"Organization","@id":"https:\/\/www.clemenciaperis.com\/ca\/#organization","name":"Joyer\u00eda Clem\u00e8ncia Peris \u00ae","url":"https:\/\/www.clemenciaperis.com\/ca\/","logo":{"@type":"ImageObject","inLanguage":"ca","@id":"https:\/\/www.clemenciaperis.com\/ca\/#\/schema\/logo\/image\/","url":"https:\/\/www.clemenciaperis.com\/wp-content\/uploads\/2023\/10\/Clemencia-peris-logo2.png","contentUrl":"https:\/\/www.clemenciaperis.com\/wp-content\/uploads\/2023\/10\/Clemencia-peris-logo2.png","width":400,"height":400,"caption":"Joyer\u00eda Clem\u00e8ncia Peris \u00ae"},"image":{"@id":"https:\/\/www.clemenciaperis.com\/ca\/#\/schema\/logo\/image\/"},"sameAs":["https:\/\/www.facebook.com\/clemenciaperisjewelry","https:\/\/www.instagram.com\/clemenciaperisjewels\/","https:\/\/www.youtube.com\/channel\/UCbLZI0bC2wvj0PaS2aj99bA"]}]},"og_availability":"instock","product_availability":"instock","product_retailer_item_id":"ac034","product_condition":"new"},"_links":{"self":[{"href":"https:\/\/www.clemenciaperis.com\/ca\/wp-json\/wp\/v2\/product\/25494","targetHints":{"allow":["GET"]}}],"collection":[{"href":"https:\/\/www.clemenciaperis.com\/ca\/wp-json\/wp\/v2\/product"}],"about":[{"href":"https:\/\/www.clemenciaperis.com\/ca\/wp-json\/wp\/v2\/types\/product"}],"wp:featuredmedia":[{"embeddable":true,"href":"https:\/\/www.clemenciaperis.com\/ca\/wp-json\/wp\/v2\/media\/130344"}],"wp:attachment":[{"href":"https:\/\/www.clemenciaperis.com\/ca\/wp-json\/wp\/v2\/media?parent=25494"}],"wp:term":[{"taxonomy":"product_brand","embeddable":true,"href":"https:\/\/www.clemenciaperis.com\/ca\/wp-json\/wp\/v2\/product_brand?post=25494"},{"taxonomy":"product_cat","embeddable":true,"href":"https:\/\/www.clemenciaperis.com\/ca\/wp-json\/wp\/v2\/product_cat?post=25494"},{"taxonomy":"product_tag","embeddable":true,"href":"https:\/\/www.clemenciaperis.com\/ca\/wp-json\/wp\/v2\/product_tag?post=25494"}],"curies":[{"name":"wp","href":"https:\/\/api.w.org\/{rel}","templated":true}]}}