{"id":23706,"date":"2022-10-31T13:49:57","date_gmt":"2022-10-31T13:49:57","guid":{"rendered":"http:\/\/clemenciaperis.es\/?post_type=product&#038;p=23706"},"modified":"2023-11-29T10:57:02","modified_gmt":"2023-11-29T08:57:02","slug":"anell-en-or-blanc-18k-3-diamants","status":"publish","type":"product","link":"https:\/\/www.clemenciaperis.com\/ca\/p\/anell-en-or-blanc-18k-3-diamants\/","title":{"rendered":"Anell d&#8217;or blanc 18k amb 3 diamants"},"content":{"rendered":"<div class=\"col-md-12 col-xs-12 desc\">\n<div>\n<p>Anell d&#8217;or blanc de 18kt amb tres diamants que sobresurten del bra\u00e7. Una pe\u00e7a exclusiva de la Col\u00b7lecci\u00f3 Trilogy que concentra la seva for\u00e7a en aquest volum superior perfectament integrat. Una feina impecable gr\u00e0cies a la mestressa t\u00e8cnica del nostre taller especialitzat en la fabricaci\u00f3 de peces d&#8217;alta joieria.<\/p>\n<p>*L&#8217;anell de 0.45qt porta 3 diamants de 0.15qt cada un.<br \/>\n*L&#8217;anell de 0.75qt porta 3 diamants de 0.25qt cada un.<\/p>\n<\/div>\n<\/div>\n","protected":false},"excerpt":{"rendered":"<p>Anell d&#8217;or blanc de 18kt amb tres diamants que sobresurten del bra\u00e7. Una pe\u00e7a exclusiva de la Col\u00b7lecci\u00f3 Trilogy que concentra la seva for\u00e7a en aquest volum superior perfectament integrat. Una feina impecable gr\u00e0cies a la mestressa t\u00e8cnica del nostre taller especialitzat en la fabricaci\u00f3 de peces d&#8217;alta joieria. *L&#8217;anell de 0.45qt porta 3 diamants [&hellip;]<\/p>\n","protected":false},"featured_media":130288,"template":"","meta":{"_acf_changed":false},"product_brand":[],"product_cat":[129,122,151,97],"product_tag":[],"class_list":{"0":"post-23706","1":"product","2":"type-product","3":"status-publish","4":"has-post-thumbnail","6":"product_cat-or-blanc-3","7":"product_cat-moderns-3","8":"product_cat-talla-brillant-3","9":"product_cat-anells-de-diamants","11":"first","12":"instock","13":"taxable","14":"shipping-taxable","15":"product-type-variable"},"acf":[],"yoast_head":"<!-- This site is optimized with the Yoast SEO plugin v24.8.1 - https:\/\/yoast.com\/wordpress\/plugins\/seo\/ -->\n<title>Anell de diamants en or blanc - 3 diamants | Joieria Barcelona<\/title>\n<meta name=\"description\" content=\"Anell en or blanc de 18kt amb un pes de 6,90 gr. i 3 diamants centrals talla brillant. Dissenys d&#039;alta joieria \u00fanics a Barcelona.\" \/>\n<meta name=\"robots\" content=\"index, follow, max-snippet:-1, max-image-preview:large, max-video-preview:-1\" \/>\n<link rel=\"canonical\" href=\"https:\/\/www.clemenciaperis.com\/ca\/p\/anell-en-or-blanc-18k-3-diamants\/\" \/>\n<meta property=\"og:locale\" content=\"ca_ES\" \/>\n<meta property=\"og:type\" content=\"article\" \/>\n<meta property=\"og:title\" content=\"Anell de diamants en or blanc - 3 diamants | Joieria Barcelona\" \/>\n<meta property=\"og:description\" content=\"Anell en or blanc de 18kt amb un pes de 6,90 gr. i 3 diamants centrals talla brillant. Dissenys d&#039;alta joieria \u00fanics a Barcelona.\" \/>\n<meta property=\"og:url\" content=\"https:\/\/www.clemenciaperis.com\/ca\/p\/anell-en-or-blanc-18k-3-diamants\/\" \/>\n<meta property=\"og:site_name\" content=\"Joieria Clem\u00e8ncia Peris \u00ae\" \/>\n<meta property=\"article:publisher\" content=\"https:\/\/www.facebook.com\/clemenciaperisjewelry\" \/>\n<meta property=\"article:modified_time\" content=\"2023-11-29T08:57:02+00:00\" \/>\n<meta property=\"og:image\" content=\"https:\/\/www.clemenciaperis.com\/wp-content\/uploads\/2022\/09\/AC018A-CENITAL.webp\" \/>\n\t<meta property=\"og:image:width\" content=\"500\" \/>\n\t<meta property=\"og:image:height\" content=\"500\" \/>\n\t<meta property=\"og:image:type\" content=\"image\/webp\" \/>\n<meta name=\"twitter:card\" content=\"summary_large_image\" \/>\n<meta name=\"twitter:label1\" content=\"Disponibilitat\" \/>\n\t<meta name=\"twitter:data1\" content=\"En estoc\" \/>\n<script type=\"application\/ld+json\" class=\"yoast-schema-graph\">{\"@context\":\"https:\/\/schema.org\",\"@graph\":[{\"@type\":\"WebPage\",\"@id\":\"https:\/\/www.clemenciaperis.com\/ca\/p\/anell-en-or-blanc-18k-3-diamants\/\",\"url\":\"https:\/\/www.clemenciaperis.com\/ca\/p\/anell-en-or-blanc-18k-3-diamants\/\",\"name\":\"Anell de diamants en or blanc - 3 diamants | Joieria Barcelona\",\"isPartOf\":{\"@id\":\"https:\/\/www.clemenciaperis.com\/ca\/#website\"},\"primaryImageOfPage\":{\"@id\":\"https:\/\/www.clemenciaperis.com\/ca\/p\/anell-en-or-blanc-18k-3-diamants\/#primaryimage\"},\"image\":{\"@id\":\"https:\/\/www.clemenciaperis.com\/ca\/p\/anell-en-or-blanc-18k-3-diamants\/#primaryimage\"},\"thumbnailUrl\":\"https:\/\/www.clemenciaperis.com\/wp-content\/uploads\/2022\/09\/AC018A-CENITAL-1.webp\",\"datePublished\":\"2022-10-31T13:49:57+00:00\",\"dateModified\":\"2023-11-29T08:57:02+00:00\",\"description\":\"Anell en or blanc de 18kt amb un pes de 6,90 gr. i 3 diamants centrals talla brillant. Dissenys d'alta joieria \u00fanics a Barcelona.\",\"inLanguage\":\"ca\",\"potentialAction\":[{\"@type\":\"ReadAction\",\"target\":[\"https:\/\/www.clemenciaperis.com\/ca\/p\/anell-en-or-blanc-18k-3-diamants\/\"]}]},{\"@type\":\"ImageObject\",\"inLanguage\":\"ca\",\"@id\":\"https:\/\/www.clemenciaperis.com\/ca\/p\/anell-en-or-blanc-18k-3-diamants\/#primaryimage\",\"url\":\"https:\/\/www.clemenciaperis.com\/wp-content\/uploads\/2022\/09\/AC018A-CENITAL-1.webp\",\"contentUrl\":\"https:\/\/www.clemenciaperis.com\/wp-content\/uploads\/2022\/09\/AC018A-CENITAL-1.webp\",\"width\":1000,\"height\":1000},{\"@type\":\"BreadcrumbList\",\"@id\":\"https:\/\/www.clemenciaperis.com\/ca\/p\/anell-en-or-blanc-18k-3-diamants\/#breadcrumb\",\"itemListElement\":[{\"@type\":\"ListItem\",\"position\":1,\"name\":\"Anells de Diamants\",\"item\":\"https:\/\/www.clemenciaperis.com\/ca\/c\/anells-de-diamants\/\"},{\"@type\":\"ListItem\",\"position\":2,\"name\":\"Anells de Diamants Moderns\",\"item\":\"https:\/\/www.clemenciaperis.com\/ca\/c\/anells-de-diamants\/moderns-3\/\"},{\"@type\":\"ListItem\",\"position\":3,\"name\":\"Anell d&#8217;or blanc 18k amb 3 diamants\"}]},{\"@type\":\"WebSite\",\"@id\":\"https:\/\/www.clemenciaperis.com\/ca\/#website\",\"url\":\"https:\/\/www.clemenciaperis.com\/ca\/\",\"name\":\"Joyer\u00eda Clem\u00e8ncia Peris \u00ae\",\"description\":\"Joyer\u00eda exclusiva en Barcelona desde 1979: Anillos de compromiso, alianzas de boda y anillos de diamantes.\",\"publisher\":{\"@id\":\"https:\/\/www.clemenciaperis.com\/ca\/#organization\"},\"potentialAction\":[{\"@type\":\"SearchAction\",\"target\":{\"@type\":\"EntryPoint\",\"urlTemplate\":\"https:\/\/www.clemenciaperis.com\/ca\/?s={search_term_string}\"},\"query-input\":{\"@type\":\"PropertyValueSpecification\",\"valueRequired\":true,\"valueName\":\"search_term_string\"}}],\"inLanguage\":\"ca\"},{\"@type\":\"Organization\",\"@id\":\"https:\/\/www.clemenciaperis.com\/ca\/#organization\",\"name\":\"Joyer\u00eda Clem\u00e8ncia Peris \u00ae\",\"url\":\"https:\/\/www.clemenciaperis.com\/ca\/\",\"logo\":{\"@type\":\"ImageObject\",\"inLanguage\":\"ca\",\"@id\":\"https:\/\/www.clemenciaperis.com\/ca\/#\/schema\/logo\/image\/\",\"url\":\"https:\/\/www.clemenciaperis.com\/wp-content\/uploads\/2023\/10\/Clemencia-peris-logo2.png\",\"contentUrl\":\"https:\/\/www.clemenciaperis.com\/wp-content\/uploads\/2023\/10\/Clemencia-peris-logo2.png\",\"width\":400,\"height\":400,\"caption\":\"Joyer\u00eda Clem\u00e8ncia Peris \u00ae\"},\"image\":{\"@id\":\"https:\/\/www.clemenciaperis.com\/ca\/#\/schema\/logo\/image\/\"},\"sameAs\":[\"https:\/\/www.facebook.com\/clemenciaperisjewelry\",\"https:\/\/www.instagram.com\/clemenciaperisjewels\/\",\"https:\/\/www.youtube.com\/channel\/UCbLZI0bC2wvj0PaS2aj99bA\"]}]}<\/script>\n<meta property=\"og:availability\" content=\"instock\" \/>\n<meta property=\"product:availability\" content=\"instock\" \/>\n<meta property=\"product:retailer_item_id\" content=\"ac018-1\" \/>\n<meta property=\"product:condition\" content=\"new\" \/>\n<!-- \/ Yoast SEO plugin. -->","yoast_head_json":{"title":"Anell de diamants en or blanc - 3 diamants | Joieria Barcelona","description":"Anell en or blanc de 18kt amb un pes de 6,90 gr. i 3 diamants centrals talla brillant. Dissenys d'alta joieria \u00fanics a Barcelona.","robots":{"index":"index","follow":"follow","max-snippet":"max-snippet:-1","max-image-preview":"max-image-preview:large","max-video-preview":"max-video-preview:-1"},"canonical":"https:\/\/www.clemenciaperis.com\/ca\/p\/anell-en-or-blanc-18k-3-diamants\/","og_locale":"ca_ES","og_type":"article","og_title":"Anell de diamants en or blanc - 3 diamants | Joieria Barcelona","og_description":"Anell en or blanc de 18kt amb un pes de 6,90 gr. i 3 diamants centrals talla brillant. Dissenys d'alta joieria \u00fanics a Barcelona.","og_url":"https:\/\/www.clemenciaperis.com\/ca\/p\/anell-en-or-blanc-18k-3-diamants\/","og_site_name":"Joieria Clem\u00e8ncia Peris \u00ae","article_publisher":"https:\/\/www.facebook.com\/clemenciaperisjewelry","article_modified_time":"2023-11-29T08:57:02+00:00","og_image":[{"width":500,"height":500,"url":"https:\/\/www.clemenciaperis.com\/wp-content\/uploads\/2022\/09\/AC018A-CENITAL.webp","type":"image\/webp"}],"twitter_card":"summary_large_image","twitter_misc":{"Disponibilitat":"En estoc"},"schema":{"@context":"https:\/\/schema.org","@graph":[{"@type":"WebPage","@id":"https:\/\/www.clemenciaperis.com\/ca\/p\/anell-en-or-blanc-18k-3-diamants\/","url":"https:\/\/www.clemenciaperis.com\/ca\/p\/anell-en-or-blanc-18k-3-diamants\/","name":"Anell de diamants en or blanc - 3 diamants | Joieria Barcelona","isPartOf":{"@id":"https:\/\/www.clemenciaperis.com\/ca\/#website"},"primaryImageOfPage":{"@id":"https:\/\/www.clemenciaperis.com\/ca\/p\/anell-en-or-blanc-18k-3-diamants\/#primaryimage"},"image":{"@id":"https:\/\/www.clemenciaperis.com\/ca\/p\/anell-en-or-blanc-18k-3-diamants\/#primaryimage"},"thumbnailUrl":"https:\/\/www.clemenciaperis.com\/wp-content\/uploads\/2022\/09\/AC018A-CENITAL-1.webp","datePublished":"2022-10-31T13:49:57+00:00","dateModified":"2023-11-29T08:57:02+00:00","description":"Anell en or blanc de 18kt amb un pes de 6,90 gr. i 3 diamants centrals talla brillant. Dissenys d'alta joieria \u00fanics a Barcelona.","inLanguage":"ca","potentialAction":[{"@type":"ReadAction","target":["https:\/\/www.clemenciaperis.com\/ca\/p\/anell-en-or-blanc-18k-3-diamants\/"]}]},{"@type":"ImageObject","inLanguage":"ca","@id":"https:\/\/www.clemenciaperis.com\/ca\/p\/anell-en-or-blanc-18k-3-diamants\/#primaryimage","url":"https:\/\/www.clemenciaperis.com\/wp-content\/uploads\/2022\/09\/AC018A-CENITAL-1.webp","contentUrl":"https:\/\/www.clemenciaperis.com\/wp-content\/uploads\/2022\/09\/AC018A-CENITAL-1.webp","width":1000,"height":1000},{"@type":"BreadcrumbList","@id":"https:\/\/www.clemenciaperis.com\/ca\/p\/anell-en-or-blanc-18k-3-diamants\/#breadcrumb","itemListElement":[{"@type":"ListItem","position":1,"name":"Anells de Diamants","item":"https:\/\/www.clemenciaperis.com\/ca\/c\/anells-de-diamants\/"},{"@type":"ListItem","position":2,"name":"Anells de Diamants Moderns","item":"https:\/\/www.clemenciaperis.com\/ca\/c\/anells-de-diamants\/moderns-3\/"},{"@type":"ListItem","position":3,"name":"Anell d&#8217;or blanc 18k amb 3 diamants"}]},{"@type":"WebSite","@id":"https:\/\/www.clemenciaperis.com\/ca\/#website","url":"https:\/\/www.clemenciaperis.com\/ca\/","name":"Joyer\u00eda Clem\u00e8ncia Peris \u00ae","description":"Joyer\u00eda exclusiva en Barcelona desde 1979: Anillos de compromiso, alianzas de boda y anillos de diamantes.","publisher":{"@id":"https:\/\/www.clemenciaperis.com\/ca\/#organization"},"potentialAction":[{"@type":"SearchAction","target":{"@type":"EntryPoint","urlTemplate":"https:\/\/www.clemenciaperis.com\/ca\/?s={search_term_string}"},"query-input":{"@type":"PropertyValueSpecification","valueRequired":true,"valueName":"search_term_string"}}],"inLanguage":"ca"},{"@type":"Organization","@id":"https:\/\/www.clemenciaperis.com\/ca\/#organization","name":"Joyer\u00eda Clem\u00e8ncia Peris \u00ae","url":"https:\/\/www.clemenciaperis.com\/ca\/","logo":{"@type":"ImageObject","inLanguage":"ca","@id":"https:\/\/www.clemenciaperis.com\/ca\/#\/schema\/logo\/image\/","url":"https:\/\/www.clemenciaperis.com\/wp-content\/uploads\/2023\/10\/Clemencia-peris-logo2.png","contentUrl":"https:\/\/www.clemenciaperis.com\/wp-content\/uploads\/2023\/10\/Clemencia-peris-logo2.png","width":400,"height":400,"caption":"Joyer\u00eda Clem\u00e8ncia Peris \u00ae"},"image":{"@id":"https:\/\/www.clemenciaperis.com\/ca\/#\/schema\/logo\/image\/"},"sameAs":["https:\/\/www.facebook.com\/clemenciaperisjewelry","https:\/\/www.instagram.com\/clemenciaperisjewels\/","https:\/\/www.youtube.com\/channel\/UCbLZI0bC2wvj0PaS2aj99bA"]}]},"og_availability":"instock","product_availability":"instock","product_retailer_item_id":"ac018-1","product_condition":"new"},"_links":{"self":[{"href":"https:\/\/www.clemenciaperis.com\/ca\/wp-json\/wp\/v2\/product\/23706","targetHints":{"allow":["GET"]}}],"collection":[{"href":"https:\/\/www.clemenciaperis.com\/ca\/wp-json\/wp\/v2\/product"}],"about":[{"href":"https:\/\/www.clemenciaperis.com\/ca\/wp-json\/wp\/v2\/types\/product"}],"wp:featuredmedia":[{"embeddable":true,"href":"https:\/\/www.clemenciaperis.com\/ca\/wp-json\/wp\/v2\/media\/130288"}],"wp:attachment":[{"href":"https:\/\/www.clemenciaperis.com\/ca\/wp-json\/wp\/v2\/media?parent=23706"}],"wp:term":[{"taxonomy":"product_brand","embeddable":true,"href":"https:\/\/www.clemenciaperis.com\/ca\/wp-json\/wp\/v2\/product_brand?post=23706"},{"taxonomy":"product_cat","embeddable":true,"href":"https:\/\/www.clemenciaperis.com\/ca\/wp-json\/wp\/v2\/product_cat?post=23706"},{"taxonomy":"product_tag","embeddable":true,"href":"https:\/\/www.clemenciaperis.com\/ca\/wp-json\/wp\/v2\/product_tag?post=23706"}],"curies":[{"name":"wp","href":"https:\/\/api.w.org\/{rel}","templated":true}]}}