{"id":23463,"date":"2022-10-31T11:51:57","date_gmt":"2022-10-31T11:51:57","guid":{"rendered":"http:\/\/clemenciaperis.es\/?post_type=product&#038;p=23463"},"modified":"2022-10-31T11:58:56","modified_gmt":"2022-10-31T11:58:56","slug":"anells-de-diamants-en-or-blanc-18k-25-diamants-012","status":"publish","type":"product","link":"https:\/\/www.clemenciaperis.com\/ca\/p\/anells-de-diamants-en-or-blanc-18k-25-diamants-012\/","title":{"rendered":"Anell de diamants or blanc 18k amb 25 diamants"},"content":{"rendered":"<div class=\"col-md-12 col-xs-12 desc\">\n<div>\n<p><strong>Anell de diamants<\/strong> dividits en dos grups, 16 als laterals i 9 al centre. Els <strong>25 diamants<\/strong>, en talla brillant, que forneixen aquest anell s\u00f3n un tribut a la bellesa de les mans que el llueixen. Una joia d&#8217;or blanc de 18k capa\u00e7 de contagiar emocions dif\u00edcils d&#8217;expressar amb un sol mot.<\/p>\n<\/div>\n<\/div>\n","protected":false},"excerpt":{"rendered":"<p>Anell de diamants dividits en dos grups, 16 als laterals i 9 al centre. Els 25 diamants, en talla brillant, que forneixen aquest anell s\u00f3n un tribut a la bellesa de les mans que el llueixen. Una joia d&#8217;or blanc de 18k capa\u00e7 de contagiar emocions dif\u00edcils d&#8217;expressar amb un sol mot.<\/p>\n","protected":false},"featured_media":130674,"template":"","meta":{"_acf_changed":false},"product_brand":[],"product_cat":[114,129,122,151,97],"product_tag":[],"class_list":{"0":"post-23463","1":"product","2":"type-product","3":"status-publish","4":"has-post-thumbnail","6":"product_cat-exclusius-3","7":"product_cat-or-blanc-3","8":"product_cat-moderns-3","9":"product_cat-talla-brillant-3","10":"product_cat-anells-de-diamants","12":"first","13":"instock","14":"taxable","15":"shipping-taxable","16":"purchasable","17":"product-type-variable"},"acf":[],"yoast_head":"<!-- This site is optimized with the Yoast SEO plugin v24.8.1 - https:\/\/yoast.com\/wordpress\/plugins\/seo\/ -->\n<title>Anells de diamants amb 25 diamants - Joieria Clem\u00e8ncia Peris \u00ae<\/title>\n<meta name=\"description\" content=\"Anells de Compromis or blanc 18k amb 25 diamants. Joieria online a Barcelona. Fet a ma i dissenyat exclusivament per Clemencia Peris.\" \/>\n<meta name=\"robots\" content=\"index, follow, max-snippet:-1, max-image-preview:large, max-video-preview:-1\" \/>\n<link rel=\"canonical\" href=\"https:\/\/www.clemenciaperis.com\/ca\/p\/anells-de-diamants-en-or-blanc-18k-25-diamants-012\/\" \/>\n<meta property=\"og:locale\" content=\"ca_ES\" \/>\n<meta property=\"og:type\" content=\"article\" \/>\n<meta property=\"og:title\" content=\"Anells de diamants amb 25 diamants - Joieria Clem\u00e8ncia Peris \u00ae\" \/>\n<meta property=\"og:description\" content=\"Anells de Compromis or blanc 18k amb 25 diamants. Joieria online a Barcelona. Fet a ma i dissenyat exclusivament per Clemencia Peris.\" \/>\n<meta property=\"og:url\" content=\"https:\/\/www.clemenciaperis.com\/ca\/p\/anells-de-diamants-en-or-blanc-18k-25-diamants-012\/\" \/>\n<meta property=\"og:site_name\" content=\"Joieria Clem\u00e8ncia Peris \u00ae\" \/>\n<meta property=\"article:publisher\" content=\"https:\/\/www.facebook.com\/clemenciaperisjewelry\" \/>\n<meta property=\"article:modified_time\" content=\"2022-10-31T11:58:56+00:00\" \/>\n<meta property=\"og:image\" content=\"https:\/\/www.clemenciaperis.com\/wp-content\/uploads\/2020\/09\/AC012A_DETAIL-IMAGE-B.webp\" \/>\n\t<meta property=\"og:image:width\" content=\"500\" \/>\n\t<meta property=\"og:image:height\" content=\"500\" \/>\n\t<meta property=\"og:image:type\" content=\"image\/webp\" \/>\n<meta name=\"twitter:card\" content=\"summary_large_image\" \/>\n<meta name=\"twitter:label1\" content=\"Disponibilitat\" \/>\n\t<meta name=\"twitter:data1\" content=\"En estoc\" \/>\n<script type=\"application\/ld+json\" class=\"yoast-schema-graph\">{\"@context\":\"https:\/\/schema.org\",\"@graph\":[{\"@type\":\"WebPage\",\"@id\":\"https:\/\/www.clemenciaperis.com\/ca\/p\/anells-de-diamants-en-or-blanc-18k-25-diamants-012\/\",\"url\":\"https:\/\/www.clemenciaperis.com\/ca\/p\/anells-de-diamants-en-or-blanc-18k-25-diamants-012\/\",\"name\":\"Anells de diamants amb 25 diamants - Joieria Clem\u00e8ncia Peris \u00ae\",\"isPartOf\":{\"@id\":\"https:\/\/www.clemenciaperis.com\/ca\/#website\"},\"primaryImageOfPage\":{\"@id\":\"https:\/\/www.clemenciaperis.com\/ca\/p\/anells-de-diamants-en-or-blanc-18k-25-diamants-012\/#primaryimage\"},\"image\":{\"@id\":\"https:\/\/www.clemenciaperis.com\/ca\/p\/anells-de-diamants-en-or-blanc-18k-25-diamants-012\/#primaryimage\"},\"thumbnailUrl\":\"https:\/\/www.clemenciaperis.com\/wp-content\/uploads\/2020\/09\/AC012A_DETAIL-IMAGE-B-1.webp\",\"datePublished\":\"2022-10-31T11:51:57+00:00\",\"dateModified\":\"2022-10-31T11:58:56+00:00\",\"description\":\"Anells de Compromis or blanc 18k amb 25 diamants. Joieria online a Barcelona. Fet a ma i dissenyat exclusivament per Clemencia Peris.\",\"inLanguage\":\"ca\",\"potentialAction\":[{\"@type\":\"ReadAction\",\"target\":[\"https:\/\/www.clemenciaperis.com\/ca\/p\/anells-de-diamants-en-or-blanc-18k-25-diamants-012\/\"]}]},{\"@type\":\"ImageObject\",\"inLanguage\":\"ca\",\"@id\":\"https:\/\/www.clemenciaperis.com\/ca\/p\/anells-de-diamants-en-or-blanc-18k-25-diamants-012\/#primaryimage\",\"url\":\"https:\/\/www.clemenciaperis.com\/wp-content\/uploads\/2020\/09\/AC012A_DETAIL-IMAGE-B-1.webp\",\"contentUrl\":\"https:\/\/www.clemenciaperis.com\/wp-content\/uploads\/2020\/09\/AC012A_DETAIL-IMAGE-B-1.webp\",\"width\":1000,\"height\":1000},{\"@type\":\"BreadcrumbList\",\"@id\":\"https:\/\/www.clemenciaperis.com\/ca\/p\/anells-de-diamants-en-or-blanc-18k-25-diamants-012\/#breadcrumb\",\"itemListElement\":[{\"@type\":\"ListItem\",\"position\":1,\"name\":\"Anells de Diamants\",\"item\":\"https:\/\/www.clemenciaperis.com\/ca\/c\/anells-de-diamants\/\"},{\"@type\":\"ListItem\",\"position\":2,\"name\":\"Anells de Diamants Exclusius\",\"item\":\"https:\/\/www.clemenciaperis.com\/ca\/c\/anells-de-diamants\/exclusius-3\/\"},{\"@type\":\"ListItem\",\"position\":3,\"name\":\"Anell de diamants or blanc 18k amb 25 diamants\"}]},{\"@type\":\"WebSite\",\"@id\":\"https:\/\/www.clemenciaperis.com\/ca\/#website\",\"url\":\"https:\/\/www.clemenciaperis.com\/ca\/\",\"name\":\"Joyer\u00eda Clem\u00e8ncia Peris \u00ae\",\"description\":\"Joyer\u00eda exclusiva en Barcelona desde 1979: Anillos de compromiso, alianzas de boda y anillos de diamantes.\",\"publisher\":{\"@id\":\"https:\/\/www.clemenciaperis.com\/ca\/#organization\"},\"potentialAction\":[{\"@type\":\"SearchAction\",\"target\":{\"@type\":\"EntryPoint\",\"urlTemplate\":\"https:\/\/www.clemenciaperis.com\/ca\/?s={search_term_string}\"},\"query-input\":{\"@type\":\"PropertyValueSpecification\",\"valueRequired\":true,\"valueName\":\"search_term_string\"}}],\"inLanguage\":\"ca\"},{\"@type\":\"Organization\",\"@id\":\"https:\/\/www.clemenciaperis.com\/ca\/#organization\",\"name\":\"Joyer\u00eda Clem\u00e8ncia Peris \u00ae\",\"url\":\"https:\/\/www.clemenciaperis.com\/ca\/\",\"logo\":{\"@type\":\"ImageObject\",\"inLanguage\":\"ca\",\"@id\":\"https:\/\/www.clemenciaperis.com\/ca\/#\/schema\/logo\/image\/\",\"url\":\"https:\/\/www.clemenciaperis.com\/wp-content\/uploads\/2023\/10\/Clemencia-peris-logo2.png\",\"contentUrl\":\"https:\/\/www.clemenciaperis.com\/wp-content\/uploads\/2023\/10\/Clemencia-peris-logo2.png\",\"width\":400,\"height\":400,\"caption\":\"Joyer\u00eda Clem\u00e8ncia Peris \u00ae\"},\"image\":{\"@id\":\"https:\/\/www.clemenciaperis.com\/ca\/#\/schema\/logo\/image\/\"},\"sameAs\":[\"https:\/\/www.facebook.com\/clemenciaperisjewelry\",\"https:\/\/www.instagram.com\/clemenciaperisjewels\/\",\"https:\/\/www.youtube.com\/channel\/UCbLZI0bC2wvj0PaS2aj99bA\"]}]}<\/script>\n<meta property=\"og:availability\" content=\"instock\" \/>\n<meta property=\"product:availability\" content=\"instock\" \/>\n<meta property=\"product:retailer_item_id\" content=\"ac012\" \/>\n<meta property=\"product:condition\" content=\"new\" \/>\n<!-- \/ Yoast SEO plugin. -->","yoast_head_json":{"title":"Anells de diamants amb 25 diamants - Joieria Clem\u00e8ncia Peris \u00ae","description":"Anells de Compromis or blanc 18k amb 25 diamants. Joieria online a Barcelona. Fet a ma i dissenyat exclusivament per Clemencia Peris.","robots":{"index":"index","follow":"follow","max-snippet":"max-snippet:-1","max-image-preview":"max-image-preview:large","max-video-preview":"max-video-preview:-1"},"canonical":"https:\/\/www.clemenciaperis.com\/ca\/p\/anells-de-diamants-en-or-blanc-18k-25-diamants-012\/","og_locale":"ca_ES","og_type":"article","og_title":"Anells de diamants amb 25 diamants - Joieria Clem\u00e8ncia Peris \u00ae","og_description":"Anells de Compromis or blanc 18k amb 25 diamants. Joieria online a Barcelona. Fet a ma i dissenyat exclusivament per Clemencia Peris.","og_url":"https:\/\/www.clemenciaperis.com\/ca\/p\/anells-de-diamants-en-or-blanc-18k-25-diamants-012\/","og_site_name":"Joieria Clem\u00e8ncia Peris \u00ae","article_publisher":"https:\/\/www.facebook.com\/clemenciaperisjewelry","article_modified_time":"2022-10-31T11:58:56+00:00","og_image":[{"width":500,"height":500,"url":"https:\/\/www.clemenciaperis.com\/wp-content\/uploads\/2020\/09\/AC012A_DETAIL-IMAGE-B.webp","type":"image\/webp"}],"twitter_card":"summary_large_image","twitter_misc":{"Disponibilitat":"En estoc"},"schema":{"@context":"https:\/\/schema.org","@graph":[{"@type":"WebPage","@id":"https:\/\/www.clemenciaperis.com\/ca\/p\/anells-de-diamants-en-or-blanc-18k-25-diamants-012\/","url":"https:\/\/www.clemenciaperis.com\/ca\/p\/anells-de-diamants-en-or-blanc-18k-25-diamants-012\/","name":"Anells de diamants amb 25 diamants - Joieria Clem\u00e8ncia Peris \u00ae","isPartOf":{"@id":"https:\/\/www.clemenciaperis.com\/ca\/#website"},"primaryImageOfPage":{"@id":"https:\/\/www.clemenciaperis.com\/ca\/p\/anells-de-diamants-en-or-blanc-18k-25-diamants-012\/#primaryimage"},"image":{"@id":"https:\/\/www.clemenciaperis.com\/ca\/p\/anells-de-diamants-en-or-blanc-18k-25-diamants-012\/#primaryimage"},"thumbnailUrl":"https:\/\/www.clemenciaperis.com\/wp-content\/uploads\/2020\/09\/AC012A_DETAIL-IMAGE-B-1.webp","datePublished":"2022-10-31T11:51:57+00:00","dateModified":"2022-10-31T11:58:56+00:00","description":"Anells de Compromis or blanc 18k amb 25 diamants. Joieria online a Barcelona. Fet a ma i dissenyat exclusivament per Clemencia Peris.","inLanguage":"ca","potentialAction":[{"@type":"ReadAction","target":["https:\/\/www.clemenciaperis.com\/ca\/p\/anells-de-diamants-en-or-blanc-18k-25-diamants-012\/"]}]},{"@type":"ImageObject","inLanguage":"ca","@id":"https:\/\/www.clemenciaperis.com\/ca\/p\/anells-de-diamants-en-or-blanc-18k-25-diamants-012\/#primaryimage","url":"https:\/\/www.clemenciaperis.com\/wp-content\/uploads\/2020\/09\/AC012A_DETAIL-IMAGE-B-1.webp","contentUrl":"https:\/\/www.clemenciaperis.com\/wp-content\/uploads\/2020\/09\/AC012A_DETAIL-IMAGE-B-1.webp","width":1000,"height":1000},{"@type":"BreadcrumbList","@id":"https:\/\/www.clemenciaperis.com\/ca\/p\/anells-de-diamants-en-or-blanc-18k-25-diamants-012\/#breadcrumb","itemListElement":[{"@type":"ListItem","position":1,"name":"Anells de Diamants","item":"https:\/\/www.clemenciaperis.com\/ca\/c\/anells-de-diamants\/"},{"@type":"ListItem","position":2,"name":"Anells de Diamants Exclusius","item":"https:\/\/www.clemenciaperis.com\/ca\/c\/anells-de-diamants\/exclusius-3\/"},{"@type":"ListItem","position":3,"name":"Anell de diamants or blanc 18k amb 25 diamants"}]},{"@type":"WebSite","@id":"https:\/\/www.clemenciaperis.com\/ca\/#website","url":"https:\/\/www.clemenciaperis.com\/ca\/","name":"Joyer\u00eda Clem\u00e8ncia Peris \u00ae","description":"Joyer\u00eda exclusiva en Barcelona desde 1979: Anillos de compromiso, alianzas de boda y anillos de diamantes.","publisher":{"@id":"https:\/\/www.clemenciaperis.com\/ca\/#organization"},"potentialAction":[{"@type":"SearchAction","target":{"@type":"EntryPoint","urlTemplate":"https:\/\/www.clemenciaperis.com\/ca\/?s={search_term_string}"},"query-input":{"@type":"PropertyValueSpecification","valueRequired":true,"valueName":"search_term_string"}}],"inLanguage":"ca"},{"@type":"Organization","@id":"https:\/\/www.clemenciaperis.com\/ca\/#organization","name":"Joyer\u00eda Clem\u00e8ncia Peris \u00ae","url":"https:\/\/www.clemenciaperis.com\/ca\/","logo":{"@type":"ImageObject","inLanguage":"ca","@id":"https:\/\/www.clemenciaperis.com\/ca\/#\/schema\/logo\/image\/","url":"https:\/\/www.clemenciaperis.com\/wp-content\/uploads\/2023\/10\/Clemencia-peris-logo2.png","contentUrl":"https:\/\/www.clemenciaperis.com\/wp-content\/uploads\/2023\/10\/Clemencia-peris-logo2.png","width":400,"height":400,"caption":"Joyer\u00eda Clem\u00e8ncia Peris \u00ae"},"image":{"@id":"https:\/\/www.clemenciaperis.com\/ca\/#\/schema\/logo\/image\/"},"sameAs":["https:\/\/www.facebook.com\/clemenciaperisjewelry","https:\/\/www.instagram.com\/clemenciaperisjewels\/","https:\/\/www.youtube.com\/channel\/UCbLZI0bC2wvj0PaS2aj99bA"]}]},"og_availability":"instock","product_availability":"instock","product_retailer_item_id":"ac012","product_condition":"new"},"_links":{"self":[{"href":"https:\/\/www.clemenciaperis.com\/ca\/wp-json\/wp\/v2\/product\/23463","targetHints":{"allow":["GET"]}}],"collection":[{"href":"https:\/\/www.clemenciaperis.com\/ca\/wp-json\/wp\/v2\/product"}],"about":[{"href":"https:\/\/www.clemenciaperis.com\/ca\/wp-json\/wp\/v2\/types\/product"}],"wp:featuredmedia":[{"embeddable":true,"href":"https:\/\/www.clemenciaperis.com\/ca\/wp-json\/wp\/v2\/media\/130674"}],"wp:attachment":[{"href":"https:\/\/www.clemenciaperis.com\/ca\/wp-json\/wp\/v2\/media?parent=23463"}],"wp:term":[{"taxonomy":"product_brand","embeddable":true,"href":"https:\/\/www.clemenciaperis.com\/ca\/wp-json\/wp\/v2\/product_brand?post=23463"},{"taxonomy":"product_cat","embeddable":true,"href":"https:\/\/www.clemenciaperis.com\/ca\/wp-json\/wp\/v2\/product_cat?post=23463"},{"taxonomy":"product_tag","embeddable":true,"href":"https:\/\/www.clemenciaperis.com\/ca\/wp-json\/wp\/v2\/product_tag?post=23463"}],"curies":[{"name":"wp","href":"https:\/\/api.w.org\/{rel}","templated":true}]}}