{"id":121362,"date":"2024-02-22T11:17:07","date_gmt":"2024-02-22T09:17:07","guid":{"rendered":"https:\/\/www.clemenciaperis.es\/?post_type=product&#038;p=121362"},"modified":"2025-07-11T11:32:35","modified_gmt":"2025-07-11T09:32:35","slug":"solitari-or-blanc-amb-diamant-central-talla-brillant-ac1001","status":"publish","type":"product","link":"https:\/\/www.clemenciaperis.com\/ca\/p\/solitari-or-blanc-amb-diamant-central-talla-brillant-ac1001\/","title":{"rendered":"Solitari d&#8217;or blanc amb diamant central i 4 brillants"},"content":{"rendered":"<p>Un disseny que deixa sense paraules. Incre\u00efble solitari de comprom\u00eds realitzat en or blanc de 18kt. Compta amb un diamant central talla brillant de la m\u00e0xima qualitat (River, triple Excellent, Fluorescence none) subjecte per una muntura de 6 grapes. \u00a0Al llarg del bra\u00e7 trobem 4 diamants talla brillant (pes total: 0.06qt); tres situats a la part superior del bra\u00e7 i un a la part interior.<\/p>\n<p>&nbsp;<\/p>\n","protected":false},"excerpt":{"rendered":"<p>Un disseny que deixa sense paraules. Incre\u00efble solitari de comprom\u00eds realitzat en or blanc de 18kt. Compta amb un diamant central talla brillant de la m\u00e0xima qualitat (River, triple Excellent, Fluorescence none) subjecte per una muntura de 6 grapes. \u00a0Al llarg del bra\u00e7 trobem 4 diamants talla brillant (pes total: 0.06qt); tres situats a la [&hellip;]<\/p>\n","protected":false},"featured_media":129795,"template":"","meta":{"_acf_changed":false},"product_brand":[],"product_cat":[104,130,150,149,96],"product_tag":[],"class_list":{"0":"post-121362","1":"product","2":"type-product","3":"status-publish","4":"has-post-thumbnail","6":"product_cat-classics","7":"product_cat-or-blanc","8":"product_cat-talla-brillant","9":"product_cat-estil-solitari","10":"product_cat-anells-de-compromis","12":"first","13":"instock","14":"taxable","15":"shipping-taxable","16":"purchasable","17":"product-type-variable"},"acf":[],"yoast_head":"<!-- This site is optimized with the Yoast SEO plugin v24.8.1 - https:\/\/yoast.com\/wordpress\/plugins\/seo\/ -->\n<title>Solitari d&#039;or blanc amb diamant central i 4 brillants - Joieria Clem\u00e8ncia Peris \u00ae<\/title>\n<meta name=\"description\" content=\"Incre\u00efble solitari de comprom\u00eds realitzat en or blanc de 18kt. Compta amb un diamant central talla brillant de la m\u00e0xima qualitat.\" \/>\n<meta name=\"robots\" content=\"index, follow, max-snippet:-1, max-image-preview:large, max-video-preview:-1\" \/>\n<link rel=\"canonical\" href=\"https:\/\/www.clemenciaperis.com\/ca\/p\/solitari-or-blanc-amb-diamant-central-talla-brillant-ac1001\/\" \/>\n<meta property=\"og:locale\" content=\"ca_ES\" \/>\n<meta property=\"og:type\" content=\"article\" \/>\n<meta property=\"og:title\" content=\"Solitari d&#039;or blanc amb diamant central i 4 brillants - Joieria Clem\u00e8ncia Peris \u00ae\" \/>\n<meta property=\"og:description\" content=\"Incre\u00efble solitari de comprom\u00eds realitzat en or blanc de 18kt. Compta amb un diamant central talla brillant de la m\u00e0xima qualitat.\" \/>\n<meta property=\"og:url\" content=\"https:\/\/www.clemenciaperis.com\/ca\/p\/solitari-or-blanc-amb-diamant-central-talla-brillant-ac1001\/\" \/>\n<meta property=\"og:site_name\" content=\"Joieria Clem\u00e8ncia Peris \u00ae\" \/>\n<meta property=\"article:publisher\" content=\"https:\/\/www.facebook.com\/clemenciaperisjewelry\" \/>\n<meta property=\"article:modified_time\" content=\"2025-07-11T09:32:35+00:00\" \/>\n<meta property=\"og:image\" content=\"https:\/\/www.clemenciaperis.com\/wp-content\/uploads\/2024\/02\/AC1001-Cenital-2.195_resultado-1.webp\" \/>\n\t<meta property=\"og:image:width\" content=\"1000\" \/>\n\t<meta property=\"og:image:height\" content=\"1000\" \/>\n\t<meta property=\"og:image:type\" content=\"image\/webp\" \/>\n<meta name=\"twitter:card\" content=\"summary_large_image\" \/>\n<meta name=\"twitter:label1\" content=\"Disponibilitat\" \/>\n\t<meta name=\"twitter:data1\" content=\"En estoc\" \/>\n<script type=\"application\/ld+json\" class=\"yoast-schema-graph\">{\"@context\":\"https:\/\/schema.org\",\"@graph\":[{\"@type\":\"WebPage\",\"@id\":\"https:\/\/www.clemenciaperis.com\/ca\/p\/solitari-or-blanc-amb-diamant-central-talla-brillant-ac1001\/\",\"url\":\"https:\/\/www.clemenciaperis.com\/ca\/p\/solitari-or-blanc-amb-diamant-central-talla-brillant-ac1001\/\",\"name\":\"Solitari d'or blanc amb diamant central i 4 brillants - Joieria Clem\u00e8ncia Peris \u00ae\",\"isPartOf\":{\"@id\":\"https:\/\/www.clemenciaperis.com\/ca\/#website\"},\"primaryImageOfPage\":{\"@id\":\"https:\/\/www.clemenciaperis.com\/ca\/p\/solitari-or-blanc-amb-diamant-central-talla-brillant-ac1001\/#primaryimage\"},\"image\":{\"@id\":\"https:\/\/www.clemenciaperis.com\/ca\/p\/solitari-or-blanc-amb-diamant-central-talla-brillant-ac1001\/#primaryimage\"},\"thumbnailUrl\":\"https:\/\/www.clemenciaperis.com\/wp-content\/uploads\/2024\/02\/AC1001-Cenital-2.195_resultado-1.webp\",\"datePublished\":\"2024-02-22T09:17:07+00:00\",\"dateModified\":\"2025-07-11T09:32:35+00:00\",\"description\":\"Incre\u00efble solitari de comprom\u00eds realitzat en or blanc de 18kt. Compta amb un diamant central talla brillant de la m\u00e0xima qualitat.\",\"inLanguage\":\"ca\",\"potentialAction\":[{\"@type\":\"ReadAction\",\"target\":[\"https:\/\/www.clemenciaperis.com\/ca\/p\/solitari-or-blanc-amb-diamant-central-talla-brillant-ac1001\/\"]}]},{\"@type\":\"ImageObject\",\"inLanguage\":\"ca\",\"@id\":\"https:\/\/www.clemenciaperis.com\/ca\/p\/solitari-or-blanc-amb-diamant-central-talla-brillant-ac1001\/#primaryimage\",\"url\":\"https:\/\/www.clemenciaperis.com\/wp-content\/uploads\/2024\/02\/AC1001-Cenital-2.195_resultado-1.webp\",\"contentUrl\":\"https:\/\/www.clemenciaperis.com\/wp-content\/uploads\/2024\/02\/AC1001-Cenital-2.195_resultado-1.webp\",\"width\":1000,\"height\":1000},{\"@type\":\"BreadcrumbList\",\"@id\":\"https:\/\/www.clemenciaperis.com\/ca\/p\/solitari-or-blanc-amb-diamant-central-talla-brillant-ac1001\/#breadcrumb\",\"itemListElement\":[{\"@type\":\"ListItem\",\"position\":1,\"name\":\"Anells de Comprom\u00eds\",\"item\":\"https:\/\/www.clemenciaperis.com\/ca\/c\/anells-de-compromis\/\"},{\"@type\":\"ListItem\",\"position\":2,\"name\":\"Anells de Comprom\u00eds Cl\u00e0ssics\",\"item\":\"https:\/\/www.clemenciaperis.com\/ca\/c\/anells-de-compromis\/classics\/\"},{\"@type\":\"ListItem\",\"position\":3,\"name\":\"Solitari d&#8217;or blanc amb diamant central i 4 brillants\"}]},{\"@type\":\"WebSite\",\"@id\":\"https:\/\/www.clemenciaperis.com\/ca\/#website\",\"url\":\"https:\/\/www.clemenciaperis.com\/ca\/\",\"name\":\"Joyer\u00eda Clem\u00e8ncia Peris \u00ae\",\"description\":\"Joyer\u00eda exclusiva en Barcelona desde 1979: Anillos de compromiso, alianzas de boda y anillos de diamantes.\",\"publisher\":{\"@id\":\"https:\/\/www.clemenciaperis.com\/ca\/#organization\"},\"potentialAction\":[{\"@type\":\"SearchAction\",\"target\":{\"@type\":\"EntryPoint\",\"urlTemplate\":\"https:\/\/www.clemenciaperis.com\/ca\/?s={search_term_string}\"},\"query-input\":{\"@type\":\"PropertyValueSpecification\",\"valueRequired\":true,\"valueName\":\"search_term_string\"}}],\"inLanguage\":\"ca\"},{\"@type\":\"Organization\",\"@id\":\"https:\/\/www.clemenciaperis.com\/ca\/#organization\",\"name\":\"Joyer\u00eda Clem\u00e8ncia Peris \u00ae\",\"url\":\"https:\/\/www.clemenciaperis.com\/ca\/\",\"logo\":{\"@type\":\"ImageObject\",\"inLanguage\":\"ca\",\"@id\":\"https:\/\/www.clemenciaperis.com\/ca\/#\/schema\/logo\/image\/\",\"url\":\"https:\/\/www.clemenciaperis.com\/wp-content\/uploads\/2023\/10\/Clemencia-peris-logo2.png\",\"contentUrl\":\"https:\/\/www.clemenciaperis.com\/wp-content\/uploads\/2023\/10\/Clemencia-peris-logo2.png\",\"width\":400,\"height\":400,\"caption\":\"Joyer\u00eda Clem\u00e8ncia Peris \u00ae\"},\"image\":{\"@id\":\"https:\/\/www.clemenciaperis.com\/ca\/#\/schema\/logo\/image\/\"},\"sameAs\":[\"https:\/\/www.facebook.com\/clemenciaperisjewelry\",\"https:\/\/www.instagram.com\/clemenciaperisjewels\/\",\"https:\/\/www.youtube.com\/channel\/UCbLZI0bC2wvj0PaS2aj99bA\"]}]}<\/script>\n<meta property=\"og:availability\" content=\"instock\" \/>\n<meta property=\"product:availability\" content=\"instock\" \/>\n<meta property=\"product:retailer_item_id\" content=\"ac1001\" \/>\n<meta property=\"product:condition\" content=\"new\" \/>\n<!-- \/ Yoast SEO plugin. -->","yoast_head_json":{"title":"Solitari d'or blanc amb diamant central i 4 brillants - Joieria Clem\u00e8ncia Peris \u00ae","description":"Incre\u00efble solitari de comprom\u00eds realitzat en or blanc de 18kt. Compta amb un diamant central talla brillant de la m\u00e0xima qualitat.","robots":{"index":"index","follow":"follow","max-snippet":"max-snippet:-1","max-image-preview":"max-image-preview:large","max-video-preview":"max-video-preview:-1"},"canonical":"https:\/\/www.clemenciaperis.com\/ca\/p\/solitari-or-blanc-amb-diamant-central-talla-brillant-ac1001\/","og_locale":"ca_ES","og_type":"article","og_title":"Solitari d'or blanc amb diamant central i 4 brillants - Joieria Clem\u00e8ncia Peris \u00ae","og_description":"Incre\u00efble solitari de comprom\u00eds realitzat en or blanc de 18kt. Compta amb un diamant central talla brillant de la m\u00e0xima qualitat.","og_url":"https:\/\/www.clemenciaperis.com\/ca\/p\/solitari-or-blanc-amb-diamant-central-talla-brillant-ac1001\/","og_site_name":"Joieria Clem\u00e8ncia Peris \u00ae","article_publisher":"https:\/\/www.facebook.com\/clemenciaperisjewelry","article_modified_time":"2025-07-11T09:32:35+00:00","og_image":[{"width":1000,"height":1000,"url":"https:\/\/www.clemenciaperis.com\/wp-content\/uploads\/2024\/02\/AC1001-Cenital-2.195_resultado-1.webp","type":"image\/webp"}],"twitter_card":"summary_large_image","twitter_misc":{"Disponibilitat":"En estoc"},"schema":{"@context":"https:\/\/schema.org","@graph":[{"@type":"WebPage","@id":"https:\/\/www.clemenciaperis.com\/ca\/p\/solitari-or-blanc-amb-diamant-central-talla-brillant-ac1001\/","url":"https:\/\/www.clemenciaperis.com\/ca\/p\/solitari-or-blanc-amb-diamant-central-talla-brillant-ac1001\/","name":"Solitari d'or blanc amb diamant central i 4 brillants - Joieria Clem\u00e8ncia Peris \u00ae","isPartOf":{"@id":"https:\/\/www.clemenciaperis.com\/ca\/#website"},"primaryImageOfPage":{"@id":"https:\/\/www.clemenciaperis.com\/ca\/p\/solitari-or-blanc-amb-diamant-central-talla-brillant-ac1001\/#primaryimage"},"image":{"@id":"https:\/\/www.clemenciaperis.com\/ca\/p\/solitari-or-blanc-amb-diamant-central-talla-brillant-ac1001\/#primaryimage"},"thumbnailUrl":"https:\/\/www.clemenciaperis.com\/wp-content\/uploads\/2024\/02\/AC1001-Cenital-2.195_resultado-1.webp","datePublished":"2024-02-22T09:17:07+00:00","dateModified":"2025-07-11T09:32:35+00:00","description":"Incre\u00efble solitari de comprom\u00eds realitzat en or blanc de 18kt. Compta amb un diamant central talla brillant de la m\u00e0xima qualitat.","inLanguage":"ca","potentialAction":[{"@type":"ReadAction","target":["https:\/\/www.clemenciaperis.com\/ca\/p\/solitari-or-blanc-amb-diamant-central-talla-brillant-ac1001\/"]}]},{"@type":"ImageObject","inLanguage":"ca","@id":"https:\/\/www.clemenciaperis.com\/ca\/p\/solitari-or-blanc-amb-diamant-central-talla-brillant-ac1001\/#primaryimage","url":"https:\/\/www.clemenciaperis.com\/wp-content\/uploads\/2024\/02\/AC1001-Cenital-2.195_resultado-1.webp","contentUrl":"https:\/\/www.clemenciaperis.com\/wp-content\/uploads\/2024\/02\/AC1001-Cenital-2.195_resultado-1.webp","width":1000,"height":1000},{"@type":"BreadcrumbList","@id":"https:\/\/www.clemenciaperis.com\/ca\/p\/solitari-or-blanc-amb-diamant-central-talla-brillant-ac1001\/#breadcrumb","itemListElement":[{"@type":"ListItem","position":1,"name":"Anells de Comprom\u00eds","item":"https:\/\/www.clemenciaperis.com\/ca\/c\/anells-de-compromis\/"},{"@type":"ListItem","position":2,"name":"Anells de Comprom\u00eds Cl\u00e0ssics","item":"https:\/\/www.clemenciaperis.com\/ca\/c\/anells-de-compromis\/classics\/"},{"@type":"ListItem","position":3,"name":"Solitari d&#8217;or blanc amb diamant central i 4 brillants"}]},{"@type":"WebSite","@id":"https:\/\/www.clemenciaperis.com\/ca\/#website","url":"https:\/\/www.clemenciaperis.com\/ca\/","name":"Joyer\u00eda Clem\u00e8ncia Peris \u00ae","description":"Joyer\u00eda exclusiva en Barcelona desde 1979: Anillos de compromiso, alianzas de boda y anillos de diamantes.","publisher":{"@id":"https:\/\/www.clemenciaperis.com\/ca\/#organization"},"potentialAction":[{"@type":"SearchAction","target":{"@type":"EntryPoint","urlTemplate":"https:\/\/www.clemenciaperis.com\/ca\/?s={search_term_string}"},"query-input":{"@type":"PropertyValueSpecification","valueRequired":true,"valueName":"search_term_string"}}],"inLanguage":"ca"},{"@type":"Organization","@id":"https:\/\/www.clemenciaperis.com\/ca\/#organization","name":"Joyer\u00eda Clem\u00e8ncia Peris \u00ae","url":"https:\/\/www.clemenciaperis.com\/ca\/","logo":{"@type":"ImageObject","inLanguage":"ca","@id":"https:\/\/www.clemenciaperis.com\/ca\/#\/schema\/logo\/image\/","url":"https:\/\/www.clemenciaperis.com\/wp-content\/uploads\/2023\/10\/Clemencia-peris-logo2.png","contentUrl":"https:\/\/www.clemenciaperis.com\/wp-content\/uploads\/2023\/10\/Clemencia-peris-logo2.png","width":400,"height":400,"caption":"Joyer\u00eda Clem\u00e8ncia Peris \u00ae"},"image":{"@id":"https:\/\/www.clemenciaperis.com\/ca\/#\/schema\/logo\/image\/"},"sameAs":["https:\/\/www.facebook.com\/clemenciaperisjewelry","https:\/\/www.instagram.com\/clemenciaperisjewels\/","https:\/\/www.youtube.com\/channel\/UCbLZI0bC2wvj0PaS2aj99bA"]}]},"og_availability":"instock","product_availability":"instock","product_retailer_item_id":"ac1001","product_condition":"new"},"_links":{"self":[{"href":"https:\/\/www.clemenciaperis.com\/ca\/wp-json\/wp\/v2\/product\/121362","targetHints":{"allow":["GET"]}}],"collection":[{"href":"https:\/\/www.clemenciaperis.com\/ca\/wp-json\/wp\/v2\/product"}],"about":[{"href":"https:\/\/www.clemenciaperis.com\/ca\/wp-json\/wp\/v2\/types\/product"}],"wp:featuredmedia":[{"embeddable":true,"href":"https:\/\/www.clemenciaperis.com\/ca\/wp-json\/wp\/v2\/media\/129795"}],"wp:attachment":[{"href":"https:\/\/www.clemenciaperis.com\/ca\/wp-json\/wp\/v2\/media?parent=121362"}],"wp:term":[{"taxonomy":"product_brand","embeddable":true,"href":"https:\/\/www.clemenciaperis.com\/ca\/wp-json\/wp\/v2\/product_brand?post=121362"},{"taxonomy":"product_cat","embeddable":true,"href":"https:\/\/www.clemenciaperis.com\/ca\/wp-json\/wp\/v2\/product_cat?post=121362"},{"taxonomy":"product_tag","embeddable":true,"href":"https:\/\/www.clemenciaperis.com\/ca\/wp-json\/wp\/v2\/product_tag?post=121362"}],"curies":[{"name":"wp","href":"https:\/\/api.w.org\/{rel}","templated":true}]}}